{"id":27142,"date":"2025-12-12T22:06:26","date_gmt":"2025-12-12T20:06:26","guid":{"rendered":"https:\/\/hub.almaschool.org\/?page_id=27142"},"modified":"2025-12-12T22:06:29","modified_gmt":"2025-12-12T20:06:29","slug":"datenschutzbestimmungen-2","status":"publish","type":"page","link":"https:\/\/hub.almaschool.org\/de\/datenschutzbestimmungen-2\/","title":{"rendered":"Datenschutzbestimmungen"},"content":{"rendered":"\n<p>Diese Datenschutzerkl\u00e4rung (\u201e<strong>Datenschutzerkl\u00e4rung<\/strong>\u201e) soll Sie dar\u00fcber informieren, wie Alma Inspira Ltd. (in dieser Datenschutzerkl\u00e4rung als \u201e<strong>Unternehmen<\/strong>\u201e, \u201e<strong>wir<\/strong>\u201e, \u201e<strong>uns<\/strong>\u201c oder \u201e<strong>unser<\/strong>\u201c bezeichnet) Ihre personenbezogenen Daten behandelt, wenn Sie unsere Website besuchen: https:\/\/almaschool.org\/ (\u201e<strong>Website<\/strong>\u201e) oder Dienstleistungen erwerben, die wir \u00fcber die Website anbieten. \u201e<strong>Personenbezogene Daten\u201c<\/strong> bezeichnen alle Informationen \u00fcber eine Person, anhand derer diese Person identifiziert werden kann.<\/p>\n\n<p>Bitte lesen Sie diese Datenschutzrichtlinie sorgf\u00e4ltig durch und \u00fcberpr\u00fcfen Sie diese Seite regelm\u00e4\u00dfig auf \u00dcberarbeitungen und Aktualisierungen, die wir von Zeit zu Zeit vornehmen.<\/p>\n\n<p><strong>WENN SIE EINE BEHINDERUNG HABEN UND EINE KOPIE DIESER ERKL\u00c4RUNG IN EINEM ANDEREN,<\/strong> <strong>GEEIGNETEN FORMAT ERHALTEN M\u00d6CHTEN, KONTAKTIEREN SIE UNS BITTE \u00dcBER UNSERE KONTAKTINFORMATIONEN UNTEN<\/strong>.<\/p>\n\n<h5 class=\"wp-block-heading\"><strong>1. Von uns erhobene oder verarbeitete Daten<\/strong><\/h5>\n\n<p>Wenn Sie unsere Website besuchen, nutzen oder mit uns in Kontakt treten, k\u00f6nnen wir die folgenden Arten von personenbezogenen Daten \u00fcber Sie erfassen oder verarbeiten:<\/p>\n\n<ul class=\"wp-block-list\">\n<li><strong>Zu den Personenidentifikationsdaten<\/strong> geh\u00f6ren Ihr Vor- und Nachname sowie Ihre Identifikationsnummer (z. B. Personalausweisnummer oder Reisepassnummer).<\/li>\n\n\n\n<li><strong>Zu den Kontaktdaten<\/strong> geh\u00f6ren Ihre Adresse, Ihre Staatsangeh\u00f6rigkeit, Ihr Land oder Ihr Wohnsitz, Ihr Bundesland, Ihre E-Mail-Adresse, Ihr Fax und Ihre Telefon- oder Handynummer.<\/li>\n\n\n\n<li><strong>Zu den Unternehmensdaten g<\/strong>eh\u00f6ren Ihr Dom\u00e4nenname, Ihr Firmenname und Ihre Firmenregisternummer.<\/li>\n\n\n\n<li><strong>Zu den Zahlungsdaten<\/strong> geh\u00f6ren die Nummer Ihres Zahlungsmittels (z. B. die Nummer einer Kreditkarte) und damit verbundene Informationen wie der Sicherheitscode und das Ablaufdatum, die mit Ihrem Zahlungsmittel verbunden sind.<\/li>\n\n\n\n<li><strong>Zu den Nutzungsdaten <\/strong>geh\u00f6ren Informationen dar\u00fcber, wie Sie unsere Website nutzen oder mit ihr interagieren (z. B. wann Sie die Website besucht haben, wie lange Sie auf der Website und\/oder einer bestimmten Seite der Website geblieben sind, welche Funktionen unserer Websites Sie genutzt haben usw.).<\/li>\n\n\n\n<li><strong>Zu den technischen Daten<\/strong> geh\u00f6ren Informationen \u00fcber Ihre Internetverbindung (z. B. Ihre IP-Adresse und der Name Ihres Internetanbieters) sowie \u00fcber das Ger\u00e4t und die Software, die Sie f\u00fcr den Zugriff auf die Website verwenden (z. B. den Typ Ihres Webbrowsers und Ihr Computerbetriebssystem).<\/li>\n\n\n\n<li><strong>Zus\u00e4tzliche Anfragedaten<\/strong> umfassen zus\u00e4tzliche Informationen, die Sie uns zur Verf\u00fcgung stellen, wenn Sie uns \u00fcber die Website kontaktieren oder wenn Sie sich f\u00fcr einen unserer Dienste anmelden.<\/li>\n<\/ul>\n\n<p>Wir sammeln und verwenden auch aggregierte Daten, wie z. B. statistische Daten, und k\u00f6nnen diese zu beliebigen Zwecken an Dritte weitergeben. Diese Informationen sind anonymisiert, geben keinen Aufschluss \u00fcber Ihre Identit\u00e4t und werden daher nicht als personenbezogene Daten betrachtet. <\/p>\n\n<h5 class=\"wp-block-heading\"><strong>2. Wie wir Ihre personenbezogenen Daten erheben<\/strong><\/h5>\n\n<p>Wir verwenden verschiedene Methoden zur Datenerfassung, darunter die folgenden:<\/p>\n\n<ul class=\"wp-block-list\">\n<li><strong>Direkte Interaktionen<\/strong>. Wenn Sie sich \u00fcber unsere Website an uns wenden oder uns anderweitig Ihre pers\u00f6nlichen Daten direkt zur Verf\u00fcgung stellen, werden Sie gebeten, uns Ihre Personenidentifikationsdaten, Kontaktdaten und Unternehmensdaten mitzuteilen, damit wir Ihnen unsere Dienstleistungen anbieten, auf Ihre Fragen oder Anfragen antworten oder anderweitig mit Ihnen kommunizieren oder Sie kontaktieren k\u00f6nnen. In solchen F\u00e4llen k\u00f6nnen Sie auch zus\u00e4tzliche Anfragedaten angeben.  <\/li>\n\n\n\n<li><strong>Automatisierte Technologien oder Interaktionen.<\/strong> Wenn Sie mit unserer Website interagieren, erfassen wir automatisch technische Daten und Nutzungsdaten, indem wir Cookies, Serverprotokolle oder andere Technologien verwenden. <\/li>\n\n\n\n<li><strong>Dritte oder \u00f6ffentlich zug\u00e4ngliche Quellen<\/strong>. Wir k\u00f6nnen personenbezogene Daten von Dritten erhalten, z. B. von Analyseanbietern und Werbe- und Marketingpartnern. <\/li>\n<\/ul>\n\n<p>Sie sind nicht gesetzlich verpflichtet, uns pers\u00f6nliche Daten zur Verf\u00fcgung zu stellen. Alle personenbezogenen Daten, die Sie uns zur Verf\u00fcgung zu stellen m\u00f6chten, werden aus freiem Willen bereitgestellt. Wenn Sie es vorziehen, uns keine pers\u00f6nlichen Daten zur Verf\u00fcgung zu stellen, sollten Sie es vermeiden, unsere Website oder einen der \u00fcber unsere Website angebotenen Dienste zu nutzen.  <\/p>\n\n<p><strong><em>Schutz der Datenschutzrechte von Dritten<\/em><\/strong><\/p>\n\n<p>Wenn Sie uns personenbezogene Daten einer anderen Person zur Verf\u00fcgung stellen, m\u00fcssen Sie sicherstellen, dass Sie dazu berechtigt sind.<\/p>\n\n<p><strong><em>Aufbewahrungsfrist der Daten<\/em><\/strong><\/p>\n\n<p>Wir k\u00f6nnen Ihre personenbezogenen Daten so lange aufbewahren, wie es notwendig ist, um die Zwecke zu erf\u00fcllen, f\u00fcr die wir sie gesammelt haben, einschlie\u00dflich der Erf\u00fcllung gesetzlicher oder berichtspflichtiger Anforderungen, die f\u00fcr uns notwendig sind.<br\/><\/p>\n\n<h5 class=\"wp-block-heading\"><strong>3. Wie wir Ihre personenbezogenen Daten verwenden<\/strong><\/h5>\n\n<p>Im Folgenden finden Sie Beispiele daf\u00fcr, wie wir Ihre personenbezogenen Daten verwenden k\u00f6nnen:<\/p>\n\n<ul class=\"wp-block-list\">\n<li>Wir k\u00f6nnen Ihre Personenidentifikationsdaten, Kontaktdaten, Zahlungsdaten und Unternehmensdaten verwenden, um einen Vertrag abzuschlie\u00dfen oder einen solchen Vertrag zu erf\u00fcllen. Wir k\u00f6nnen Ihre Nutzungsdaten und technischen Daten auch f\u00fcr die Erf\u00fcllung eines Vertrags mit Ihnen verwenden (um \u00fcber unsere Website Dienstleistungen f\u00fcr Sie zu erbringen). <\/li>\n\n\n\n<li>Wir k\u00f6nnen Ihre Kontaktdaten und zus\u00e4tzlichen Anfragedaten verwenden, um auf Ihre Nachrichten, Anfragen oder Fragen zu antworten und um unsere Beziehung zu Ihnen zu verwalten, einschlie\u00dflich der Benachrichtigung \u00fcber \u00c4nderungen unserer Nutzungsbedingungen oder unserer Datenschutzrichtlinie.<\/li>\n\n\n\n<li>Wir k\u00f6nnen Ihre Nutzungsdaten, technischen Daten und Kontaktdaten f\u00fcr Marketingzwecke verwenden, um relevante und personalisierte Inhalte zu liefern oder Servicenachrichten zu versenden (einschlie\u00dflich der f\u00fcr Sicherheitszwecke erforderlichen Daten).<\/li>\n\n\n\n<li>Wir k\u00f6nnen Ihre Nutzungsdaten und technischen Daten verwenden, um unsere Website, unsere Dienstleistungen, unser Marketing, unsere Kundenbeziehungen und unsere Erfahrungen zu verbessern, auch durch Personalisierung und Anpassung unserer Inhalte.<\/li>\n\n\n\n<li>Im Falle eines Rechtsstreits zwischen Ihnen (und\/oder einer Partei in Ihrem Namen) und uns (und\/oder einer Partei in unserem Namen) k\u00f6nnen wir Ihre personenbezogenen Daten verwenden, soweit dies im Zusammenhang mit einem solchen Rechtsstreit relevant oder notwendig ist.<\/li>\n\n\n\n<li>Wir k\u00f6nnen Ihre personenbezogenen Daten auch f\u00fcr einen oder mehrere der folgenden Zwecke verwenden: (a) wenn dies aufgrund einer Vorladung, eines Gesetzes oder eines anderen rechtlichen Verfahrens erforderlich ist; (b) soweit dies zur Unterst\u00fctzung von Strafverfolgungsbeamten oder staatlichen Vollzugsbeh\u00f6rden erforderlich ist; (c) soweit dies erforderlich ist, um Verst\u00f6\u00dfe gegen unsere Nutzungsbedingungen zu untersuchen und zu verhindern; (d) um die Sicherheit unserer Website aufrechtzuerhalten und betr\u00fcgerische oder illegale Aktivit\u00e4ten zu verhindern; (e) soweit dies erforderlich ist, um uns vor rechtlichen Schritten oder Anspr\u00fcchen Dritter, einschlie\u00dflich Ihnen und\/oder anderen Nutzern, zu sch\u00fctzen; oder (f) wenn es notwendig ist, um die gesetzlichen Rechte, das Eigentum oder die pers\u00f6nliche Sicherheit unseres Unternehmens, unserer Nutzer, Mitarbeiter und Partner zu sch\u00fctzen.      <\/li>\n<\/ul>\n\n<p><strong><em>Kommunikation zu Werbezwecken<\/em><\/strong><\/p>\n\n<p>Sie k\u00f6nnen Marketing- oder Informationsmitteilungen von uns erhalten, wenn Sie Informationen von uns angefordert haben und Sie sich nicht gegen den Erhalt solcher Mitteilungen entschieden haben.<\/p>\n\n<p><strong><em>Cookies und andere Tracking-Technologien <\/em><\/strong><\/p>\n\n<p>Unsere Website verwendet Cookies. Ein Cookie ist eine kleine Daten- oder Textdatei, die auf Ihr Ger\u00e4t heruntergeladen wird, wenn Sie auf unsere Website zugreifen. Cookies k\u00f6nnen Text enthalten, der von dem Webserver gelesen werden kann, der den Cookie an Sie \u00fcbermittelt hat. Der in dem Cookie enthaltene Text besteht im Allgemeinen aus einer Folge von Buchstaben und Zahlen, die Ihr Ger\u00e4t eindeutig identifiziert. Er kann auch andere Informationen enthalten.    <\/p>\n\n<p>Die meisten Webbrowser k\u00f6nnen so eingestellt werden, dass sie die Verwendung von Cookies deaktivieren. Sie sollten jedoch bedenken, dass die Deaktivierung von Cookies dazu f\u00fchren kann, dass einige Funktionen unserer Website nicht mehr richtig funktionieren oder angezeigt werden oder nicht mehr zug\u00e4nglich sind. <\/p>\n\n<p>Unsere Website kann Dienste wie Google Analytics (oder \u00e4hnliche Anbieter) nutzen, um Informationen \u00fcber die Nutzung unserer Website zu sammeln. Solche Analysedienste sammeln Informationen \u00fcber die Nutzer wie Alter, Geschlecht, Interessen, demografische Daten, wie oft sie unsere Website besuchen, welche Seiten sie besuchen und welche anderen Websites sie besucht haben, bevor sie auf unsere Website kamen. Wir verwenden diese Informationen, um den Datenverkehr zu analysieren, unsere Produkte und Dienstleistungen erneut an die Nutzer zu vermarkten, unser Marketing und unsere Werbung zu verbessern und unsere Website zu optimieren.  <\/p>\n\n<p><strong><em>Links von Drittanbietern<\/em><\/strong><em> <\/em><\/p>\n\n<p>Unsere Website kann Links zu Websites, Plug-ins und Anwendungen Dritter enthalten. Indem Sie auf solche Links und Inhalte klicken oder mit ihnen interagieren, k\u00f6nnen Sie bewirken, dass Ihre Daten an den betreffenden Dritten weitergegeben werden. Wir haben keine Kontrolle \u00fcber diese Websites Dritter und sind nicht verantwortlich f\u00fcr deren Datenschutzrichtlinien und deren Einhaltung.  <\/p>\n\n<p><strong><em>Internationale \u00dcbermittlung von Daten <\/em><\/strong><\/p>\n\n<p>Wir k\u00f6nnen Ihre personenbezogenen Daten in L\u00e4nder au\u00dferhalb des Landes, in dem Sie Ihren Wohnsitz haben, \u00fcbermitteln, die nicht unbedingt das gleiche Datenschutzniveau bieten wie die Gesetze des Landes, in dem Sie Ihren Wohnsitz haben.<\/p>\n\n<h5 class=\"wp-block-heading\"><strong>4. Weitergabe Ihrer personenbezogenen Daten an Dritte<\/strong><\/h5>\n\n<p>Wir k\u00f6nnen personenbezogene Daten an Dritte weitergeben, die uns bestimmte Dienste zur Verf\u00fcgung stellen, die den Betrieb unserer Website erm\u00f6glichen. So k\u00f6nnen wir beispielsweise Ihre Personenidentifikationsdaten, Kontaktdaten, Nutzungsdaten und technischen Daten an Webanalyse-Anbieter, E-Mail-Dienste und andere Dienstleister weitergeben, die uns bei der Wartung und dem Betrieb unserer Website und der Bereitstellung unserer Dienste unterst\u00fctzen. Wie bereits erw\u00e4hnt, k\u00f6nnen unsere Zahlungsabwicklungsanbieter Ihre Zahlungsdaten auch verarbeiten, um Ihre Zahlung f\u00fcr Dienstleistungen, die \u00fcber unsere Website angeboten werden, zu erleichtern und abzuwickeln.  <\/p>\n\n<p>Wir k\u00f6nnen Ihre personenbezogenen Daten auch an Rechts- und Aufsichtsbeh\u00f6rden weitergeben, soweit dies nach geltendem Recht erforderlich ist, sowie an unsere Rechtsberater, soweit dies f\u00fcr die Erbringung ihrer Dienstleistungen f\u00fcr uns notwendig ist.<\/p>\n\n<h5 class=\"wp-block-heading\"><strong>5. Minderj\u00e4hrige<\/strong><\/h5>\n\n<p>Um die Website nutzen zu k\u00f6nnen, m\u00fcssen Sie mindestens 18 Jahre alt sein, oder \u00e4lter, falls dies nach den Gesetzen des Landes, in dem Sie wohnen, erforderlich ist. Wir sammeln nicht wissentlich pers\u00f6nliche Daten von Minderj\u00e4hrigen unter 18 Jahren. Wenn Sie ein Elternteil oder Erziehungsberechtigter sind und Grund zu der Annahme haben, dass Ihr Kind uns seine pers\u00f6nlichen Daten zur Verf\u00fcgung gestellt haben k\u00f6nnte, kontaktieren Sie uns bitte \u00fcber die unten stehenden Kontaktdaten.  <\/p>\n\n<h5 class=\"wp-block-heading\"><strong>6. Datenschutz<\/strong><\/h5>\n\n<p>Wir haben Sicherheitsvorkehrungen getroffen, um Ihre pers\u00f6nlichen Daten vor versehentlichem oder unrechtm\u00e4\u00dfigem Verlust, Gebrauch, \u00c4nderung oder Offenlegung zu sch\u00fctzen. Au\u00dferdem unterhalten wir angemessene technische und physische Sicherheitsvorkehrungen, um Ihre pers\u00f6nlichen Daten zu sch\u00fctzen. Leider k\u00f6nnen wir nicht garantieren, dass es nie zu einem Verlust, Missbrauch oder Durchsickern Ihrer pers\u00f6nlichen Daten kommen wird, da die Daten\u00fcbertragung \u00fcber das Internet sehr anf\u00e4llig ist.  <\/p>\n\n<h5 class=\"wp-block-heading\"><strong>7. Ihre Rechte<\/strong><\/h5>\n\n<p>Bestimmte Datenschutzgesetze r\u00e4umen den Nutzern Rechte in Bezug auf ihre pers\u00f6nlichen Daten ein. Soweit solche Gesetze auf Ihre personenbezogenen Daten anwendbar sind, haben Sie unter Umst\u00e4nden die folgenden Rechte: <\/p>\n\n<ul class=\"wp-block-list\">\n<li><strong>Zugang<\/strong>: Sie k\u00f6nnen von uns eine Kopie der personenbezogenen Daten verlangen, die wir \u00fcber Sie gespeichert haben.<\/li>\n\n\n\n<li><strong>Berichtigung<\/strong>: Sie k\u00f6nnen uns auffordern, ungenaue oder unvollst\u00e4ndige Daten zu berichtigen oder teilweise oder unvollst\u00e4ndige Daten zu erg\u00e4nzen.<\/li>\n\n\n\n<li><strong>L\u00f6schung oder \u00dcbertragung<\/strong>: Sie k\u00f6nnen uns auffordern, Ihre personenbezogenen Daten zu l\u00f6schen oder zu entfernen. Falls wir einer solchen Anfrage nicht nachkommen k\u00f6nnen, werden wir Sie \u00fcber die spezifischen Gr\u00fcnde f\u00fcr unsere Entscheidung informieren. Sie k\u00f6nnen uns auch bitten, Ihre pers\u00f6nlichen Daten an Sie oder an einen von Ihnen bestimmten Dritten zu \u00fcbermitteln.  <\/li>\n\n\n\n<li><strong>Widerspruch gegen die Verarbeitung:<\/strong> Sie k\u00f6nnen der Verarbeitung Ihrer personenbezogenen Daten widersprechen, wenn Sie der Ansicht sind, dass unsere Verarbeitung Ihrer personenbezogenen Daten rechtswidrig ist oder anderweitig Ihre Rechte und Freiheiten verletzt.<\/li>\n\n\n\n<li><strong>Einschr\u00e4nkung der Verarbeitung:<\/strong> Sie k\u00f6nnen uns bitten, vor\u00fcbergehend von der Verarbeitung Ihrer personenbezogenen Daten abzusehen, beispielsweise wenn Sie glauben, dass solche Daten ungenau oder unvollst\u00e4ndig sind oder dass wir diese Daten f\u00fcr einen bestimmten Zweck nicht mehr verarbeiten m\u00fcssen, aber w\u00fcnschen, dass wir sie f\u00fcr zuk\u00fcnftige Verwendung aufbewahren.<\/li>\n\n\n\n<li><strong>Daten\u00fcbertragbarkeit<\/strong>: Sie k\u00f6nnen verlangen, dass wir Ihre personenbezogenen Daten an Sie oder an einen Dritten \u00fcbertragen. Dieses Recht gilt, wenn wir die Daten von Ihnen auf der Grundlage Ihrer Zustimmung erhalten und verarbeitet haben oder wenn wir die Informationen zur Erf\u00fcllung eines Vertrags mit Ihnen verwendet haben. <\/li>\n\n\n\n<li><strong>Einwilligung widerrufen<\/strong>: Sie k\u00f6nnen Ihre uns zuvor erteilte Einwilligung zur Verarbeitung Ihrer personenbezogenen Daten jederzeit widerrufen.<\/li>\n<\/ul>\n\n<p>Wenn Sie eines der oben genannten Rechte aus\u00fcben m\u00f6chten, kontaktieren Sie uns bitte unter den unten angegebenen Kontaktdaten. Wir k\u00f6nnen Sie darum bitten, zus\u00e4tzliche Informationen (einschlie\u00dflich Informationen, die zur Best\u00e4tigung Ihrer Identit\u00e4t erforderlich sein k\u00f6nnen) bereitzustellen, bevor wir einer solchen Anfrage nachkommen, und k\u00f6nnen zu dem Schluss gelangen, dass wir nicht verpflichtet sind, einer solchen Anfrage zu entsprechen (in diesem Fall werden wir eine Begr\u00fcndung f\u00fcr unsere Entscheidung liefern). Bitte beachten Sie, dass wir f\u00fcr die Beantwortung und Bearbeitung der an uns gerichteten Anfragen einige Zeit ben\u00f6tigen. Wir versuchen, alle berechtigten Anfragen innerhalb eines Monats zu beantworten (oder weniger, wenn dies gesetzlich vorgeschrieben ist).    <\/p>\n\n<h5 class=\"wp-block-heading\"><strong>8. Kontaktdetails<\/strong><\/h5>\n\n<p>Wenn Sie W\u00fcnsche, Fragen oder Bedenken in Bezug auf diese Datenschutzrichtlinie haben, wenden Sie sich bitte an uns: <\/p>\n\n<p>E-Mail: info@almainspira.com<\/p>\n\n<p>Postanschrift: 1 Beit Hashita, Beit Hashita 1080100, Israel<\/p>\n\n<p>Sie haben das Recht, jederzeit eine Beschwerde bei den zust\u00e4ndigen Datenschutzbeh\u00f6rden einzureichen. Wir w\u00fcrden es jedoch begr\u00fc\u00dfen, wenn wir Ihre Bedenken ausr\u00e4umen k\u00f6nnten, bevor Sie sich an eine Datenschutzbeh\u00f6rde wenden.<br\/> <\/p>\n\n<h5 class=\"wp-block-heading\"><strong>9. \u00c4nderungen dieser Datenschutzrichtlinie<\/strong><\/h5>\n\n<p>Wir behalten uns das Recht vor, diese Datenschutzrichtlinie jederzeit zu \u00e4ndern. In diesem Fall werden wir eine aktualisierte Version dieser Datenschutzrichtlinie ver\u00f6ffentlichen, damit unsere Nutzer und Kunden immer wissen, welche Informationen wir sammeln und wie wir sie verwenden. <\/p>\n\n<p>Ihre fortgesetzte Nutzung unserer Website und Dienste nach einer \u00c4nderung dieser Datenschutzrichtlinie gilt als Zustimmung zu dieser \u00c4nderung.<br\/><\/p>\n\n<p><strong><em>Zuletzt aktualisiert: 7. November 2023.<br\/><\/em><\/strong><\/p>\n\n<p><\/p>\n","protected":false},"excerpt":{"rendered":"<p>Diese Datenschutzerkl\u00e4rung (\u201eDatenschutzerkl\u00e4rung\u201e) soll Sie dar\u00fcber informieren, wie Alma Inspira Ltd. (in dieser Datenschutzerkl\u00e4rung als \u201eUnternehmen\u201e, \u201ewir\u201e, \u201euns\u201c oder \u201eunser\u201c bezeichnet) Ihre personenbezogenen Daten behandelt,&hellip;<\/p>\n","protected":false},"author":1,"featured_media":0,"parent":0,"menu_order":0,"comment_status":"closed","ping_status":"closed","template":"","meta":{"footnotes":""},"class_list":["post-27142","page","type-page","status-publish","hentry"],"yoast_head":"<!-- This site is optimized with the Yoast SEO plugin v26.9 - https:\/\/yoast.com\/product\/yoast-seo-wordpress\/ -->\n<title>Datenschutzbestimmungen - Alma School for Humanity<\/title>\n<meta name=\"robots\" content=\"index, follow, max-snippet:-1, max-image-preview:large, max-video-preview:-1\" \/>\n<link rel=\"canonical\" href=\"https:\/\/hub.almaschool.org\/en\/privacy-policy-2\/\" \/>\n<meta property=\"og:locale\" content=\"de_DE\" \/>\n<meta property=\"og:type\" content=\"article\" \/>\n<meta property=\"og:title\" content=\"Datenschutzbestimmungen - Alma School for Humanity\" \/>\n<meta property=\"og:description\" content=\"Diese Datenschutzerkl\u00e4rung (\u201eDatenschutzerkl\u00e4rung\u201e) soll Sie dar\u00fcber informieren, wie Alma Inspira Ltd. (in dieser Datenschutzerkl\u00e4rung als \u201eUnternehmen\u201e, \u201ewir\u201e, \u201euns\u201c oder \u201eunser\u201c bezeichnet) Ihre personenbezogenen Daten behandelt,&hellip;\" \/>\n<meta property=\"og:url\" content=\"https:\/\/hub.almaschool.org\/en\/privacy-policy-2\/\" \/>\n<meta property=\"og:site_name\" content=\"Alma School for Humanity\" \/>\n<meta property=\"article:publisher\" content=\"https:\/\/www.facebook.com\/alma.school.en\/\" \/>\n<meta property=\"article:modified_time\" content=\"2025-12-12T20:06:29+00:00\" \/>\n<meta name=\"twitter:card\" content=\"summary_large_image\" \/>\n<meta name=\"twitter:label1\" content=\"Gesch\u00e4tzte Lesezeit\" \/>\n\t<meta name=\"twitter:data1\" content=\"11\u00a0Minute\" \/>\n<script type=\"application\/ld+json\" class=\"yoast-schema-graph\">{\"@context\":\"https:\/\/schema.org\",\"@graph\":[{\"@type\":\"WebPage\",\"@id\":\"https:\/\/hub.almaschool.org\/en\/privacy-policy-2\/\",\"url\":\"https:\/\/hub.almaschool.org\/en\/privacy-policy-2\/\",\"name\":\"Datenschutzbestimmungen - Alma School for Humanity\",\"isPartOf\":{\"@id\":\"https:\/\/hub.almaschool.org\/he\/#website\"},\"datePublished\":\"2025-12-12T20:06:26+00:00\",\"dateModified\":\"2025-12-12T20:06:29+00:00\",\"breadcrumb\":{\"@id\":\"https:\/\/hub.almaschool.org\/en\/privacy-policy-2\/#breadcrumb\"},\"inLanguage\":\"de\",\"potentialAction\":[{\"@type\":\"ReadAction\",\"target\":[\"https:\/\/hub.almaschool.org\/en\/privacy-policy-2\/\"]}]},{\"@type\":\"BreadcrumbList\",\"@id\":\"https:\/\/hub.almaschool.org\/en\/privacy-policy-2\/#breadcrumb\",\"itemListElement\":[{\"@type\":\"ListItem\",\"position\":1,\"name\":\"Home\",\"item\":\"https:\/\/hub.almaschool.org\/de\/\"},{\"@type\":\"ListItem\",\"position\":2,\"name\":\"Datenschutzbestimmungen\"}]},{\"@type\":\"WebSite\",\"@id\":\"https:\/\/hub.almaschool.org\/he\/#website\",\"url\":\"https:\/\/hub.almaschool.org\/he\/\",\"name\":\"Alma School for Humanity\",\"description\":\"\",\"publisher\":{\"@id\":\"https:\/\/hub.almaschool.org\/he\/#organization\"},\"potentialAction\":[{\"@type\":\"SearchAction\",\"target\":{\"@type\":\"EntryPoint\",\"urlTemplate\":\"https:\/\/hub.almaschool.org\/he\/?s={search_term_string}\"},\"query-input\":{\"@type\":\"PropertyValueSpecification\",\"valueRequired\":true,\"valueName\":\"search_term_string\"}}],\"inLanguage\":\"de\"},{\"@type\":\"Organization\",\"@id\":\"https:\/\/hub.almaschool.org\/he\/#organization\",\"name\":\"Alma School for Humanity\",\"url\":\"https:\/\/hub.almaschool.org\/he\/\",\"logo\":{\"@type\":\"ImageObject\",\"inLanguage\":\"de\",\"@id\":\"https:\/\/hub.almaschool.org\/he\/#\/schema\/logo\/image\/\",\"url\":\"https:\/\/hub.almaschool.org\/wp-content\/uploads\/2024\/12\/email-logo-smaller.png\",\"contentUrl\":\"https:\/\/hub.almaschool.org\/wp-content\/uploads\/2024\/12\/email-logo-smaller.png\",\"width\":500,\"height\":177,\"caption\":\"Alma School for Humanity\"},\"image\":{\"@id\":\"https:\/\/hub.almaschool.org\/he\/#\/schema\/logo\/image\/\"},\"sameAs\":[\"https:\/\/www.facebook.com\/alma.school.en\/\",\"https:\/\/www.instagram.com\/alma.school.for.humanity\",\"https:\/\/youtube.com\/@ASFH-AlmaSchoolForHumanity\"]}]}<\/script>\n<!-- \/ Yoast SEO plugin. -->","yoast_head_json":{"title":"Datenschutzbestimmungen - Alma School for Humanity","robots":{"index":"index","follow":"follow","max-snippet":"max-snippet:-1","max-image-preview":"max-image-preview:large","max-video-preview":"max-video-preview:-1"},"canonical":"https:\/\/hub.almaschool.org\/en\/privacy-policy-2\/","og_locale":"de_DE","og_type":"article","og_title":"Datenschutzbestimmungen - Alma School for Humanity","og_description":"Diese Datenschutzerkl\u00e4rung (\u201eDatenschutzerkl\u00e4rung\u201e) soll Sie dar\u00fcber informieren, wie Alma Inspira Ltd. (in dieser Datenschutzerkl\u00e4rung als \u201eUnternehmen\u201e, \u201ewir\u201e, \u201euns\u201c oder \u201eunser\u201c bezeichnet) Ihre personenbezogenen Daten behandelt,&hellip;","og_url":"https:\/\/hub.almaschool.org\/en\/privacy-policy-2\/","og_site_name":"Alma School for Humanity","article_publisher":"https:\/\/www.facebook.com\/alma.school.en\/","article_modified_time":"2025-12-12T20:06:29+00:00","twitter_card":"summary_large_image","twitter_misc":{"Gesch\u00e4tzte Lesezeit":"11\u00a0Minute"},"schema":{"@context":"https:\/\/schema.org","@graph":[{"@type":"WebPage","@id":"https:\/\/hub.almaschool.org\/en\/privacy-policy-2\/","url":"https:\/\/hub.almaschool.org\/en\/privacy-policy-2\/","name":"Datenschutzbestimmungen - Alma School for Humanity","isPartOf":{"@id":"https:\/\/hub.almaschool.org\/he\/#website"},"datePublished":"2025-12-12T20:06:26+00:00","dateModified":"2025-12-12T20:06:29+00:00","breadcrumb":{"@id":"https:\/\/hub.almaschool.org\/en\/privacy-policy-2\/#breadcrumb"},"inLanguage":"de","potentialAction":[{"@type":"ReadAction","target":["https:\/\/hub.almaschool.org\/en\/privacy-policy-2\/"]}]},{"@type":"BreadcrumbList","@id":"https:\/\/hub.almaschool.org\/en\/privacy-policy-2\/#breadcrumb","itemListElement":[{"@type":"ListItem","position":1,"name":"Home","item":"https:\/\/hub.almaschool.org\/de\/"},{"@type":"ListItem","position":2,"name":"Datenschutzbestimmungen"}]},{"@type":"WebSite","@id":"https:\/\/hub.almaschool.org\/he\/#website","url":"https:\/\/hub.almaschool.org\/he\/","name":"Alma School for Humanity","description":"","publisher":{"@id":"https:\/\/hub.almaschool.org\/he\/#organization"},"potentialAction":[{"@type":"SearchAction","target":{"@type":"EntryPoint","urlTemplate":"https:\/\/hub.almaschool.org\/he\/?s={search_term_string}"},"query-input":{"@type":"PropertyValueSpecification","valueRequired":true,"valueName":"search_term_string"}}],"inLanguage":"de"},{"@type":"Organization","@id":"https:\/\/hub.almaschool.org\/he\/#organization","name":"Alma School for Humanity","url":"https:\/\/hub.almaschool.org\/he\/","logo":{"@type":"ImageObject","inLanguage":"de","@id":"https:\/\/hub.almaschool.org\/he\/#\/schema\/logo\/image\/","url":"https:\/\/hub.almaschool.org\/wp-content\/uploads\/2024\/12\/email-logo-smaller.png","contentUrl":"https:\/\/hub.almaschool.org\/wp-content\/uploads\/2024\/12\/email-logo-smaller.png","width":500,"height":177,"caption":"Alma School for Humanity"},"image":{"@id":"https:\/\/hub.almaschool.org\/he\/#\/schema\/logo\/image\/"},"sameAs":["https:\/\/www.facebook.com\/alma.school.en\/","https:\/\/www.instagram.com\/alma.school.for.humanity","https:\/\/youtube.com\/@ASFH-AlmaSchoolForHumanity"]}]}},"_links":{"self":[{"href":"https:\/\/hub.almaschool.org\/de\/wp-json\/wp\/v2\/pages\/27142","targetHints":{"allow":["GET"]}}],"collection":[{"href":"https:\/\/hub.almaschool.org\/de\/wp-json\/wp\/v2\/pages"}],"about":[{"href":"https:\/\/hub.almaschool.org\/de\/wp-json\/wp\/v2\/types\/page"}],"author":[{"embeddable":true,"href":"https:\/\/hub.almaschool.org\/de\/wp-json\/wp\/v2\/users\/1"}],"replies":[{"embeddable":true,"href":"https:\/\/hub.almaschool.org\/de\/wp-json\/wp\/v2\/comments?post=27142"}],"version-history":[{"count":1,"href":"https:\/\/hub.almaschool.org\/de\/wp-json\/wp\/v2\/pages\/27142\/revisions"}],"predecessor-version":[{"id":27143,"href":"https:\/\/hub.almaschool.org\/de\/wp-json\/wp\/v2\/pages\/27142\/revisions\/27143"}],"wp:attachment":[{"href":"https:\/\/hub.almaschool.org\/de\/wp-json\/wp\/v2\/media?parent=27142"}],"curies":[{"name":"wp","href":"https:\/\/api.w.org\/{rel}","templated":true}]}}