{"id":4891,"date":"2024-03-29T20:36:35","date_gmt":"2024-03-29T17:36:35","guid":{"rendered":"https:\/\/wordpress-1353367-4975723.cloudwaysapps.com\/terms-and-conditions\/"},"modified":"2026-04-08T13:08:22","modified_gmt":"2026-04-08T10:08:22","slug":"bedingungen-und-konditionen","status":"publish","type":"page","link":"https:\/\/hub.almaschool.org\/de\/bedingungen-und-konditionen\/","title":{"rendered":"Allgemeine Gesch\u00e4ftsbedingungen"},"content":{"rendered":"\t\t<div data-elementor-type=\"wp-page\" data-elementor-id=\"4891\" class=\"elementor elementor-4891 elementor-10\" data-elementor-post-type=\"page\">\n\t\t\t\t<div class=\"elementor-element elementor-element-63a58cdc e-flex e-con-boxed e-con e-parent\" data-id=\"63a58cdc\" data-element_type=\"container\">\n\t\t\t\t\t<div class=\"e-con-inner\">\n\t\t\t\t<div class=\"elementor-element elementor-element-373c2f7f elementor-widget elementor-widget-text-editor\" data-id=\"373c2f7f\" data-element_type=\"widget\" data-widget_type=\"text-editor.default\">\n\t\t\t\t\t\t\t\t\t<p><b>Zugang zu Studienmaterialien in Grund- und fortgeschrittenen Stufen<\/b><\/p>\n<p><span style=\"font-weight: 400;\">Alle Kursmaterialien sind digital und f\u00fcr Studenten online verf\u00fcgbar.&nbsp;<\/span><\/p>\n<p><span style=\"font-weight: 400;\">Die Kursmaterialien f\u00fcr unseren ersten Kurs, &#8222;Ein neuer Mensch. Eine neue Welt.&#8220; sind f\u00fcr alle Studenten frei zug\u00e4nglich. Dies spiegelt unser Engagement wider, wesentliches Wissen breit verf\u00fcgbar zu machen. <\/span><\/p>\n<p><span style=\"font-weight: 400;\">Um unsere Mission fortzuf\u00fchren, Kurse zu deutlich reduzierten Preisen anzubieten &#8211; um Studenten aus verschiedenen globalen Hintergr\u00fcnden und wirtschaftlichen Verh\u00e4ltnissen die Teilnahme zu erm\u00f6glichen &#8211; begr\u00fc\u00dfen wir die Unterst\u00fctzung derer, die beitragen k\u00f6nnen. Wenn Sie in der Lage sind, laden wir Sie ein, zus\u00e4tzliche Kurse zu erwerben, als eine Art &#8222;Pay it forward&#8220;. Ihre Gro\u00dfz\u00fcgigkeit hilft, die Lernreise f\u00fcr diejenigen zu subventionieren, die sonst m\u00f6glicherweise keinen Zugang zu diesen transformativen Lehren h\u00e4tten.  <\/span><\/p>\n<p><span style=\"font-weight: 400;\">Dieser Ansatz erm\u00f6glicht es uns, eine integrative Lernumgebung aufrechtzuerhalten und gleichzeitig die fortgesetzte F\u00e4higkeit der Schule zu gew\u00e4hrleisten, hochwertige, zug\u00e4ngliche Bildung f\u00fcr Suchende weltweit anzubieten.<\/span><\/p>\n<p><strong>Kursmaterialien f\u00fcr Grund- und fortgeschrittenen Stufen<\/strong><\/p>\n<p><\/p>\n<p><span style=\"font-weight: 400;\">werden f\u00fcr angemeldete Studenten sechs Monate ab dem Datum der Anmeldung verf\u00fcgbar sein. Studenten, die diesen Zeitraum verl\u00e4ngern m\u00f6chten, k\u00f6nnen eine Verl\u00e4ngerung erwerben, indem sie sich in ihr Konto einloggen und ihre Kurse unter https:\/\/hub.almaschool.org\/my-account\/ verwalten.  &nbsp;<\/span><\/p>\n<p><\/p>\n<p><strong>Erlaubte Nutzung:<\/strong><\/p>\n<p><\/p>\n<p>Alle Kursmaterialien sind ausschlie\u00dflich f\u00fcr Bildungszwecke bestimmt. Jegliche kommerzielle Nutzung oder Zweckentfremdung ist streng verboten. <\/p>\n<p><span style=\"font-weight: 400;\">Keine Lektionen oder Inhalte, die in den Programmen der Schule bereitgestellt oder gelernt werden, sei es ein Kurs, Workshop, Seminar, Pr\u00e4senzvorlesungen, Zoom-Vorlesungen (live oder aufgezeichnet), einmalige oder mehrteilige Treffen, \u00dcbungen, schriftliche\/digitale Materialien, Online-Inhalte, Diskussionsgruppen, Veranstaltungen, Kommunikation mit dem Personal der Schule oder jegliche andere Aktivit\u00e4t der Schule (zusammen: die &#8222;<\/span><b>Aktivit\u00e4t<\/b><span style=\"font-weight: 400;\">&#8222;), stellen eine Ermutigung, Anleitung oder Empfehlung f\u00fcr den Studenten oder irgendeinen Teilnehmer dar, pers\u00f6nliche Entscheidungen zu treffen, und stellen keine Beratung, Konsultation, Ratschl\u00e4ge, Diagnose, Behandlung, professionelle Anleitung oder einen Ersatz f\u00fcr professionelle Beratung\/Diagnose\/Behandlung in medizinischen, psychologischen, psychiatrischen, therapeutischen, pharmazeutischen (verschreibungspflichtig oder nicht verschreibungspflichtig), ern\u00e4hrungsbezogenen, famili\u00e4ren, wirtschaftlichen, investitionsbezogenen, buchhalterischen, versicherungstechnischen, rechtlichen oder anderen Aspekten dar.<\/span><\/p>\n<p><span style=\"font-weight: 400;\">Es wird klargestellt, dass die Schule keine medizinische, psychologische, psychiatrische, psychotherapeutische, emotionale Therapie, Finanz-\/Anlageberatung, Rechtsberatung oder jegliche andere professionelle Beratung oder Dienstleistungen bereitstellt, und dass alles, was im Rahmen der Aktivit\u00e4t bereitgestellt oder gelernt wird, allgemein, bildend\/bereichernd ist, ausschlie\u00dflich f\u00fcr die Zwecke der Aktivit\u00e4t bestimmt ist und nicht auf die pers\u00f6nlichen Umst\u00e4nde irgendeines Studenten zugeschnitten ist. Ohne das Vorstehende zu beeintr\u00e4chtigen, ermutigt oder leitet die Aktivit\u00e4t keinen Studenten an, irgendeine medizinische\/pharmazeutische Behandlung (verschreibungspflichtig oder nicht verschreibungspflichtig), psychologische\/psychiatrische Behandlung oder jegliche andere Behandlung zu beginnen, zu beenden, zu reduzieren, zu erh\u00f6hen oder zu \u00e4ndern, oder davon abzusehen, professionelle Beratung oder Behandlung in Anspruch zu nehmen. <\/span><\/p>\n<p><span style=\"font-weight: 400;\">Die Teilnahme an der Aktivit\u00e4t begr\u00fcndet keine Therapeut-Patient-, Psychologe-Patient-, Arzt-Patient-, Berater-Klient-, Anwalt-Mandant-Beziehung oder jegliche andere professionelle Vertrauensbeziehung zwischen dem Studenten und der Schule oder jemandem in ihrem Namen. Jede Entscheidung, die der Student nach oder in Verbindung mit der Aktivit\u00e4t trifft, wird nach eigenem Ermessen getroffen und liegt in seiner alleinigen Verantwortung. <\/span><\/p>\n<p><\/p>\n<p><strong>Pers\u00f6nlicher Zugang:<\/strong><\/p>\n<p>Der Zugang zum Online-Bildungs-Hub der Alma Schule f\u00fcr wahres Menschentum, zum Forum, zu Benutzernamen und Passw\u00f6rtern ist streng pers\u00f6nlich. Diese Zugangsdaten d\u00fcrfen nicht mit anderen Personen geteilt oder an diese weitergegeben werden. Nur der angemeldete Student, dem der Zugang gew\u00e4hrt wurde, darf diese Ressourcen nutzen.  <\/p>\n<p><\/p>\n<p><strong>Rechte an geistigem Eigentum<\/strong><\/p>\n<p><\/p>\n<p>1. Eigentum:<\/p>\n<p><\/p>\n<p>&nbsp;Die Alma Schule f\u00fcr wahres Menschentum ist vollst\u00e4ndig im Besitz von Alma Inspira Ltd. F\u00fcr die Zwecke dieses Dokuments werden beide Einheiten zusammenfassend als &#8222;Alma Schule&#8220; bezeichnet. <\/p>\n<p><\/p>\n<p>2. Markenzeichen:<\/p>\n<p><\/p>\n<p>Die Markennamen, Logos, Kurse, Schulprogramme und die zugeh\u00f6rigen Logos der Alma Schule sind eingetragene Warenzeichen von Alma Inspira Ltd. Ihre Verwendung ist streng auf offizielle Aktivit\u00e4ten der Alma Schule beschr\u00e4nkt und erfordert die ausdr\u00fcckliche schriftliche Genehmigung des Managements der Alma Schule. <\/p>\n<p><\/p>\n<p>3. Urheberrecht:<\/p>\n<p><\/p>\n<p>&nbsp;Alle geistigen Eigentumsrechte an allen Schulkursen, Programmen, Initiativen, Veranstaltungsunterlagen und zugeh\u00f6rigen Inhalten sind das ausschlie\u00dfliche Eigentum der Alma Schule oder ihrer Lizenzgeber. Die unbefugte Verbreitung und\/oder Weitergabe von Kursmaterialien ohne ausdr\u00fcckliche schriftliche Genehmigung der Alma Schule f\u00fcr wahres Menschentum und\/oder ihrer verbundenen Unternehmen und\/oder ohne angemessene Bezahlung stellt einen direkten Versto\u00df gegen das Gebot \u201eDu sollst nicht stehlen\u201c dar. Dar\u00fcber hinaus versto\u00dfen solche Handlungen gegen geltende Urheberrechtsgesetze und -bestimmungen.  <\/p>\n<p><\/p>\n<p>4. Verbotene Handlungen:<\/p>\n<p><\/p>\n<p>&nbsp;Es ist streng verboten, Materialien der Alma Schule ohne ausdr\u00fcckliche schriftliche Zustimmung des Managements der Alma Schule \u00fcber irgendwelche Medien oder Mittel zu verbreiten, zu ver\u00f6ffentlichen, zu reproduzieren oder den Zugang dazu zu erm\u00f6glichen.<\/p>\n<p><\/p>\n<p>5. Geltendmachung:<\/p>\n<p><\/p>\n<p>&nbsp;Die Alma Schule beh\u00e4lt sich das Recht vor, angemessene rechtliche Schritte zu unternehmen, um ihre geistigen Eigentumsrechte gegen jegliche unbefugte Nutzung, Reproduktion oder Verbreitung zu sch\u00fctzen.<\/p>\n<p><\/p>\n<p>6. Lizensierung:<\/p>\n<p><\/p>\n<p>&nbsp;Jegliche Nutzung des geistigen Eigentums der Alma Schule durch Dritte muss durch eine separate Lizenzvereinbarung geregelt sein, die ausdr\u00fccklich schriftlich vom Management der Alma Schule genehmigt wurde.<\/p>\n<p><\/p>\n<p>7. \u00c4nderungen:<\/p>\n<p><\/p>\n<p>&nbsp;Die Alma Schule beh\u00e4lt sich das Recht vor, diese Bestimmungen zum geistigen Eigentum jederzeit ohne vorherige Ank\u00fcndigung zu \u00e4ndern, zu aktualisieren oder zu erg\u00e4nzen.<\/p>\n<p><\/p>\n<p>Durch die Anmeldung zu unserem Kurs und\/oder die Interaktion mit Inhalten oder Dienstleistungen der Alma Schule erkennen Sie diese Bedingungen an und erkl\u00e4ren sich damit einverstanden, diese einzuhalten. Ein Versto\u00df kann zur sofortigen Beendigung des Zugangs und zu potenziellen rechtlichen Schritten f\u00fchren. <\/p>\n<p><\/p>\n<p><strong>Kosten und Bezahlung<\/strong><\/p>\n<p><\/p>\n<p>Das Wirtschaftsmodell der Alma Schule f\u00fcr wahres Menschentum richtet sich nach drei Prinzipien, die sich aus den Sch\u00f6pfungsgesetzen ableiten:<\/p>\n<p><\/p>\n<p>1. &nbsp;<strong>Nur durch Geben kann man empfangen: &nbsp;<\/strong>Dieses Sch\u00f6pfungsgesetz besagt, dass wahre Wertsch\u00e4tzung und Aufnahme von Wissen durch den Akt des Gebens erfolgen.<\/p>\n<p><\/p>\n<p>2. &nbsp;<strong>Ohne Unterhalt kann es kein geistiges Wachstum geben:<\/strong> &nbsp;Eine solide finanzielle Grundlage ist f\u00fcr jede Organisation, einschlie\u00dflich spiritueller, unerl\u00e4sslich, um kontinuierlich qualitativ hochwertige Dienste zu leisten und ihre Mission zu erf\u00fcllen.<\/p>\n<p><\/p>\n<p>3.&nbsp; <strong>\u201c Der HERR ist nahe allen, die ihn anrufen, allen, die ihn aufrichtig anrufen.&#8220; (Psalm 145,18)<\/strong>: &nbsp;Jeder Mensch hat ein angeborenes Recht auf die Wahrheit, unabh\u00e4ngig von seinen finanziellen Umst\u00e4nden.<\/p>\n<p><\/p>\n<p>Um diese Prinzipien auszugleichen, haben wir eine flexible Zahlungsstruktur f\u00fcr unsere Kurse implementiert. Jede Person hat die M\u00f6glichkeit, entsprechend ihrer tats\u00e4chlichen F\u00e4higkeit und Integrit\u00e4t beizutragen. <\/p>\n<p><\/p>\n<p>F\u00fcr eine umfassende \u00dcbersicht \u00fcber Almas Finanzmodell verweisen wir auf unseren detaillierten Artikel: Geld und Spiritualit\u00e4t <a href=\"https:\/\/almaschool.org\/de\/geld-und-spiritualitaet-nach-den-gesetzen-der-schoepfung-die-finanziellen-hintergruende-der-alma-schulen-alma-school-for-humanity-und-alma-inspira\/\" target=\"_blank\" rel=\"noreferrer noopener\">gem\u00e4\u00df den Sch\u00f6pfungsgesetzen<\/a>.<\/p>\n<p><\/p>\n<p><strong>Unterschiedliche Kurspreise<\/strong><\/p>\n<p><\/p>\n<p>Wir bieten drei Preisstufen f\u00fcr alle Kurse der Schritte 1-3 an, um verschiedene finanzielle Situationen zu ber\u00fccksichtigen:<\/p>\n<p><\/p>\n<p>1. &nbsp;Erm\u00e4\u00dfigter Tarif: F\u00fcr diejenigen, die die Standardgeb\u00fchr wirklich nicht bezahlen k\u00f6nnen.<\/p>\n<p><\/p>\n<p>2. &nbsp;Standardtarif: In den meisten F\u00e4llen anwendbar.<\/p>\n<p><\/p>\n<p>3. &nbsp;Gesegneter Tarif: F\u00fcr diejenigen, die finanziell in der Lage sind, zu einem h\u00f6heren Satz beizutragen und damit die Mission der Schule zu unterst\u00fctzen.<\/p>\n<p><\/p>\n<p>Studenten k\u00f6nnen einen Kurs oder eine Vorlesung verschenken, indem sie einen Geschenkgutschein kaufen, der dem Empf\u00e4nger direkt per E-Mail zugesandt wird. Um eine Geschenkkarte zu kaufen, folgen Sie bitte dem &nbsp;Geschenk-Link.<\/p>\n<p><\/p>\n<p>Unser &#8222;Weitergeben&#8220;-Programm erm\u00f6glicht es Studenten, die Schule zu unterst\u00fctzen, indem sie zus\u00e4tzliche Kurse zu einem bestimmten Preis kaufen, so dass wir weiterhin subventionierte Preise f\u00fcr andere anbieten k\u00f6nnen. Um die Schule zu unterst\u00fctzen, folgen Sie bitte dem &nbsp;Unterst\u00fctzungs-Link.<\/p>\n<p><\/p>\n<p>Die Kursgeb\u00fchren k\u00f6nnen \u00fcber verschiedene Online-Zahlungsoptionen bezahlt werden. Bitte beachten Sie, dass sich die Preise im Laufe der Zeit \u00e4ndern k\u00f6nnen. <\/p>\n<p><\/p>\n<p>Die Alma Schule f\u00fcr wahres Menschentum beh\u00e4lt sich das Recht vor, die Tarife anzupassen oder spezielle erm\u00e4\u00dfigte Tarife f\u00fcr Einzelpersonen oder Gruppen anzubieten, wenn dies als angemessen erachtet wird.<\/p>\n<p><\/p>\n<p>Durch die Anwendung dieses Modells bem\u00fchen wir uns, unsere Lehren zug\u00e4nglich zu machen und gleichzeitig die Nachhaltigkeit der Schule zu gew\u00e4hrleisten und das Prinzip der Wechselwirkung beim Lernen zu ehren.<\/p>\n<p><\/p>\t\t\t\t\t\t\t\t<\/div>\n\t\t\t\t\t<\/div>\n\t\t\t\t<\/div>\n\t\t\t\t<\/div>\n\t\t","protected":false},"excerpt":{"rendered":"<p>Zugang zu Studienmaterialien in Grund- und fortgeschrittenen Stufen Alle Kursmaterialien sind digital und f\u00fcr Studenten online verf\u00fcgbar.&nbsp; Die Kursmaterialien f\u00fcr unseren ersten Kurs, &#8222;Ein neuer&hellip;<\/p>\n","protected":false},"author":1,"featured_media":0,"parent":0,"menu_order":0,"comment_status":"closed","ping_status":"closed","template":"","meta":{"footnotes":""},"class_list":["post-4891","page","type-page","status-publish","hentry"],"yoast_head":"<!-- This site is optimized with the Yoast SEO plugin v26.9 - https:\/\/yoast.com\/product\/yoast-seo-wordpress\/ -->\n<title>Allgemeine Gesch\u00e4ftsbedingungen - Alma School for Humanity<\/title>\n<meta name=\"robots\" content=\"index, follow, max-snippet:-1, max-image-preview:large, max-video-preview:-1\" \/>\n<link rel=\"canonical\" href=\"https:\/\/hub.almaschool.org\/de\/bedingungen-und-konditionen\/\" \/>\n<meta property=\"og:locale\" content=\"de_DE\" \/>\n<meta property=\"og:type\" content=\"article\" \/>\n<meta property=\"og:title\" content=\"Allgemeine Gesch\u00e4ftsbedingungen - Alma School for Humanity\" \/>\n<meta property=\"og:description\" content=\"Zugang zu Studienmaterialien in Grund- und fortgeschrittenen Stufen Alle Kursmaterialien sind digital und f\u00fcr Studenten online verf\u00fcgbar.&nbsp; Die Kursmaterialien f\u00fcr unseren ersten Kurs, &#8222;Ein neuer&hellip;\" \/>\n<meta property=\"og:url\" content=\"https:\/\/hub.almaschool.org\/de\/bedingungen-und-konditionen\/\" \/>\n<meta property=\"og:site_name\" content=\"Alma School for Humanity\" \/>\n<meta property=\"article:publisher\" content=\"https:\/\/www.facebook.com\/alma.school.en\/\" \/>\n<meta property=\"article:modified_time\" content=\"2026-04-08T10:08:22+00:00\" \/>\n<meta name=\"twitter:card\" content=\"summary_large_image\" \/>\n<meta name=\"twitter:label1\" content=\"Gesch\u00e4tzte Lesezeit\" \/>\n\t<meta name=\"twitter:data1\" content=\"7\u00a0Minute\" \/>\n<script type=\"application\/ld+json\" class=\"yoast-schema-graph\">{\"@context\":\"https:\/\/schema.org\",\"@graph\":[{\"@type\":\"WebPage\",\"@id\":\"https:\/\/hub.almaschool.org\/de\/bedingungen-und-konditionen\/\",\"url\":\"https:\/\/hub.almaschool.org\/de\/bedingungen-und-konditionen\/\",\"name\":\"Allgemeine Gesch\u00e4ftsbedingungen - Alma School for Humanity\",\"isPartOf\":{\"@id\":\"https:\/\/hub.almaschool.org\/he\/#website\"},\"datePublished\":\"2024-03-29T17:36:35+00:00\",\"dateModified\":\"2026-04-08T10:08:22+00:00\",\"breadcrumb\":{\"@id\":\"https:\/\/hub.almaschool.org\/de\/bedingungen-und-konditionen\/#breadcrumb\"},\"inLanguage\":\"de\",\"potentialAction\":[{\"@type\":\"ReadAction\",\"target\":[\"https:\/\/hub.almaschool.org\/de\/bedingungen-und-konditionen\/\"]}]},{\"@type\":\"BreadcrumbList\",\"@id\":\"https:\/\/hub.almaschool.org\/de\/bedingungen-und-konditionen\/#breadcrumb\",\"itemListElement\":[{\"@type\":\"ListItem\",\"position\":1,\"name\":\"Home\",\"item\":\"https:\/\/hub.almaschool.org\/en\/course-list\/\"},{\"@type\":\"ListItem\",\"position\":2,\"name\":\"Allgemeine Gesch\u00e4ftsbedingungen\"}]},{\"@type\":\"WebSite\",\"@id\":\"https:\/\/hub.almaschool.org\/he\/#website\",\"url\":\"https:\/\/hub.almaschool.org\/he\/\",\"name\":\"Alma School for Humanity\",\"description\":\"\",\"publisher\":{\"@id\":\"https:\/\/hub.almaschool.org\/he\/#organization\"},\"potentialAction\":[{\"@type\":\"SearchAction\",\"target\":{\"@type\":\"EntryPoint\",\"urlTemplate\":\"https:\/\/hub.almaschool.org\/he\/?s={search_term_string}\"},\"query-input\":{\"@type\":\"PropertyValueSpecification\",\"valueRequired\":true,\"valueName\":\"search_term_string\"}}],\"inLanguage\":\"de\"},{\"@type\":\"Organization\",\"@id\":\"https:\/\/hub.almaschool.org\/he\/#organization\",\"name\":\"Alma School for Humanity\",\"url\":\"https:\/\/hub.almaschool.org\/he\/\",\"logo\":{\"@type\":\"ImageObject\",\"inLanguage\":\"de\",\"@id\":\"https:\/\/hub.almaschool.org\/he\/#\/schema\/logo\/image\/\",\"url\":\"https:\/\/hub.almaschool.org\/wp-content\/uploads\/2024\/12\/email-logo-smaller.png\",\"contentUrl\":\"https:\/\/hub.almaschool.org\/wp-content\/uploads\/2024\/12\/email-logo-smaller.png\",\"width\":500,\"height\":177,\"caption\":\"Alma School for Humanity\"},\"image\":{\"@id\":\"https:\/\/hub.almaschool.org\/he\/#\/schema\/logo\/image\/\"},\"sameAs\":[\"https:\/\/www.facebook.com\/alma.school.en\/\",\"https:\/\/www.instagram.com\/alma.school.for.humanity\",\"https:\/\/youtube.com\/@ASFH-AlmaSchoolForHumanity\"]}]}<\/script>\n<!-- \/ Yoast SEO plugin. -->","yoast_head_json":{"title":"Allgemeine Gesch\u00e4ftsbedingungen - Alma School for Humanity","robots":{"index":"index","follow":"follow","max-snippet":"max-snippet:-1","max-image-preview":"max-image-preview:large","max-video-preview":"max-video-preview:-1"},"canonical":"https:\/\/hub.almaschool.org\/de\/bedingungen-und-konditionen\/","og_locale":"de_DE","og_type":"article","og_title":"Allgemeine Gesch\u00e4ftsbedingungen - Alma School for Humanity","og_description":"Zugang zu Studienmaterialien in Grund- und fortgeschrittenen Stufen Alle Kursmaterialien sind digital und f\u00fcr Studenten online verf\u00fcgbar.&nbsp; Die Kursmaterialien f\u00fcr unseren ersten Kurs, &#8222;Ein neuer&hellip;","og_url":"https:\/\/hub.almaschool.org\/de\/bedingungen-und-konditionen\/","og_site_name":"Alma School for Humanity","article_publisher":"https:\/\/www.facebook.com\/alma.school.en\/","article_modified_time":"2026-04-08T10:08:22+00:00","twitter_card":"summary_large_image","twitter_misc":{"Gesch\u00e4tzte Lesezeit":"7\u00a0Minute"},"schema":{"@context":"https:\/\/schema.org","@graph":[{"@type":"WebPage","@id":"https:\/\/hub.almaschool.org\/de\/bedingungen-und-konditionen\/","url":"https:\/\/hub.almaschool.org\/de\/bedingungen-und-konditionen\/","name":"Allgemeine Gesch\u00e4ftsbedingungen - Alma School for Humanity","isPartOf":{"@id":"https:\/\/hub.almaschool.org\/he\/#website"},"datePublished":"2024-03-29T17:36:35+00:00","dateModified":"2026-04-08T10:08:22+00:00","breadcrumb":{"@id":"https:\/\/hub.almaschool.org\/de\/bedingungen-und-konditionen\/#breadcrumb"},"inLanguage":"de","potentialAction":[{"@type":"ReadAction","target":["https:\/\/hub.almaschool.org\/de\/bedingungen-und-konditionen\/"]}]},{"@type":"BreadcrumbList","@id":"https:\/\/hub.almaschool.org\/de\/bedingungen-und-konditionen\/#breadcrumb","itemListElement":[{"@type":"ListItem","position":1,"name":"Home","item":"https:\/\/hub.almaschool.org\/en\/course-list\/"},{"@type":"ListItem","position":2,"name":"Allgemeine Gesch\u00e4ftsbedingungen"}]},{"@type":"WebSite","@id":"https:\/\/hub.almaschool.org\/he\/#website","url":"https:\/\/hub.almaschool.org\/he\/","name":"Alma School for Humanity","description":"","publisher":{"@id":"https:\/\/hub.almaschool.org\/he\/#organization"},"potentialAction":[{"@type":"SearchAction","target":{"@type":"EntryPoint","urlTemplate":"https:\/\/hub.almaschool.org\/he\/?s={search_term_string}"},"query-input":{"@type":"PropertyValueSpecification","valueRequired":true,"valueName":"search_term_string"}}],"inLanguage":"de"},{"@type":"Organization","@id":"https:\/\/hub.almaschool.org\/he\/#organization","name":"Alma School for Humanity","url":"https:\/\/hub.almaschool.org\/he\/","logo":{"@type":"ImageObject","inLanguage":"de","@id":"https:\/\/hub.almaschool.org\/he\/#\/schema\/logo\/image\/","url":"https:\/\/hub.almaschool.org\/wp-content\/uploads\/2024\/12\/email-logo-smaller.png","contentUrl":"https:\/\/hub.almaschool.org\/wp-content\/uploads\/2024\/12\/email-logo-smaller.png","width":500,"height":177,"caption":"Alma School for Humanity"},"image":{"@id":"https:\/\/hub.almaschool.org\/he\/#\/schema\/logo\/image\/"},"sameAs":["https:\/\/www.facebook.com\/alma.school.en\/","https:\/\/www.instagram.com\/alma.school.for.humanity","https:\/\/youtube.com\/@ASFH-AlmaSchoolForHumanity"]}]}},"_links":{"self":[{"href":"https:\/\/hub.almaschool.org\/de\/wp-json\/wp\/v2\/pages\/4891","targetHints":{"allow":["GET"]}}],"collection":[{"href":"https:\/\/hub.almaschool.org\/de\/wp-json\/wp\/v2\/pages"}],"about":[{"href":"https:\/\/hub.almaschool.org\/de\/wp-json\/wp\/v2\/types\/page"}],"author":[{"embeddable":true,"href":"https:\/\/hub.almaschool.org\/de\/wp-json\/wp\/v2\/users\/1"}],"replies":[{"embeddable":true,"href":"https:\/\/hub.almaschool.org\/de\/wp-json\/wp\/v2\/comments?post=4891"}],"version-history":[{"count":8,"href":"https:\/\/hub.almaschool.org\/de\/wp-json\/wp\/v2\/pages\/4891\/revisions"}],"predecessor-version":[{"id":30447,"href":"https:\/\/hub.almaschool.org\/de\/wp-json\/wp\/v2\/pages\/4891\/revisions\/30447"}],"wp:attachment":[{"href":"https:\/\/hub.almaschool.org\/de\/wp-json\/wp\/v2\/media?parent=4891"}],"curies":[{"name":"wp","href":"https:\/\/api.w.org\/{rel}","templated":true}]}}