{"id":5347,"date":"2024-08-08T17:15:27","date_gmt":"2024-08-08T14:15:27","guid":{"rendered":"https:\/\/wordpress-1353367-4975723.cloudwaysapps.com\/product\/lass-meinen-geist-frei-zahle-es-weiter\/"},"modified":"2024-11-18T21:42:18","modified_gmt":"2024-11-18T19:42:18","slug":"lass-meinen-geist-weitergehen","status":"publish","type":"product","link":"https:\/\/hub.almaschool.org\/de\/product\/lass-meinen-geist-weitergehen\/","title":{"rendered":"Pay it Forward <br> LASST MEINEN GEIST FREI! (Kurs)"},"content":{"rendered":"\r\n<p class=\"p1\">Um die Mission und die Leitprinzipien der Schule zu unterst\u00fctzen, bitten wir diejenigen, die finanziell dazu in der Lage sind, den Kurs &#8222;LASST MEINEN GEIST FREI!&#8220; zu subventionieren. Dies erm\u00f6glicht es uns, ihn zu einem reduzierten Preis denjenigen anzubieten, die nicht den vollen Preis bezahlen k\u00f6nnen.<\/p>\r\n<p class=\"p1\">Sie k\u00f6nnen w\u00e4hlen, auf einem f\u00fcr Sie angemessenen Niveau weiterzugeben. Ein vollst\u00e4ndiger Kurs besteht aus zehn Klassen. Um einen vollst\u00e4ndigen Kurs zu verschenken, w\u00e4hlen Sie bitte eine Menge von 10 Klassen. Sie k\u00f6nnen auch w\u00e4hlen, eine beliebige Anzahl einzelner Klassen zu verschenken. Die von Ihnen gekauften Klassen werden an Studenten verschenkt, die finanzielle Unterst\u00fctzung ben\u00f6tigen.<\/p>\r\n<p class=\"p1\">Beispiele:<\/p>\r\n<ul class=\"ul1\">\r\n<li class=\"li1\">To gift a full course, select 10 classes or one full course<\/li>\r\n<li class=\"li1\">To gift half a course, select 5 classes<\/li>\r\n<li class=\"li1\">To gift two full courses, select 20 classes or two full courses<\/li>\r\n<\/ul>\r\n<p class=\"p1\">Finanzielle Unterst\u00fctzung ist nicht obligatorisch, wird aber sehr gesch\u00e4tzt. Sie k\u00f6nnen Ihre Unterst\u00fctzung jederzeit in der Zukunft anbieten, wenn sich Ihre finanzielle Situation \u00e4ndert.<\/p>\r\n<p class=\"p1\"><b>Bitte w\u00e4hlen Sie die Anzahl an Klassen oder Kursen zum angezeigten Festpreis<\/b><\/p>\r\n","protected":false},"excerpt":{"rendered":"<p>Um die Mission und die Leitprinzipien der Schule zu unterst\u00fctzen, bitten wir diejenigen, die finanziell dazu in der Lage sind, den Kurs &#8222;LASST MEINEN GEIST&hellip;<\/p>\n","protected":false},"author":1,"featured_media":2047,"comment_status":"open","ping_status":"closed","template":"","meta":[],"product_brand":[],"product_cat":[323],"product_tag":[],"class_list":{"0":"post-5347","1":"product","2":"type-product","3":"status-publish","4":"has-post-thumbnail","6":"product_cat-pay-it-forward-category-de","8":"first","9":"instock","10":"virtual","11":"purchasable","12":"product-type-simple"},"yoast_head":"<!-- This site is optimized with the Yoast SEO plugin v26.9 - https:\/\/yoast.com\/product\/yoast-seo-wordpress\/ -->\n<title>Pay it Forward  LASST MEINEN GEIST FREI! (Kurs) - Alma School for Humanity<\/title>\n<meta name=\"robots\" content=\"index, follow, max-snippet:-1, max-image-preview:large, max-video-preview:-1\" \/>\n<link rel=\"canonical\" href=\"https:\/\/hub.almaschool.org\/de\/product\/lass-meinen-geist-weitergehen\/\" \/>\n<meta property=\"og:locale\" content=\"de_DE\" \/>\n<meta property=\"og:type\" content=\"article\" \/>\n<meta property=\"og:title\" content=\"Pay it Forward  LASST MEINEN GEIST FREI! (Kurs) - Alma School for Humanity\" \/>\n<meta property=\"og:description\" content=\"Um die Mission und die Leitprinzipien der Schule zu unterst\u00fctzen, bitten wir diejenigen, die finanziell dazu in der Lage sind, den Kurs &#8222;LASST MEINEN GEIST&hellip;\" \/>\n<meta property=\"og:url\" content=\"https:\/\/hub.almaschool.org\/de\/product\/lass-meinen-geist-weitergehen\/\" \/>\n<meta property=\"og:site_name\" content=\"Alma School for Humanity\" \/>\n<meta property=\"article:publisher\" content=\"https:\/\/www.facebook.com\/alma.school.en\/\" \/>\n<meta property=\"article:modified_time\" content=\"2024-11-18T19:42:18+00:00\" \/>\n<meta property=\"og:image\" content=\"https:\/\/hub.almaschool.org\/wp-content\/uploads\/2024\/04\/\u05d7\u05d3\u05e8-\u05db\u05e9\u05e8-865-x-346-\u05e4\u05d9\u05e7\u05e1\u05dc-2-1.jpg\" \/>\n\t<meta property=\"og:image:width\" content=\"865\" \/>\n\t<meta property=\"og:image:height\" content=\"346\" \/>\n\t<meta property=\"og:image:type\" content=\"image\/jpeg\" \/>\n<meta name=\"twitter:card\" content=\"summary_large_image\" \/>\n<meta name=\"twitter:label1\" content=\"Gesch\u00e4tzte Lesezeit\" \/>\n\t<meta name=\"twitter:data1\" content=\"1\u00a0Minute\" \/>\n<script type=\"application\/ld+json\" class=\"yoast-schema-graph\">{\"@context\":\"https:\/\/schema.org\",\"@graph\":[{\"@type\":\"WebPage\",\"@id\":\"https:\/\/hub.almaschool.org\/de\/product\/lass-meinen-geist-weitergehen\/\",\"url\":\"https:\/\/hub.almaschool.org\/de\/product\/lass-meinen-geist-weitergehen\/\",\"name\":\"Pay it Forward LASST MEINEN GEIST FREI! (Kurs) - Alma School for Humanity\",\"isPartOf\":{\"@id\":\"https:\/\/hub.almaschool.org\/he\/#website\"},\"primaryImageOfPage\":{\"@id\":\"https:\/\/hub.almaschool.org\/de\/product\/lass-meinen-geist-weitergehen\/#primaryimage\"},\"image\":{\"@id\":\"https:\/\/hub.almaschool.org\/de\/product\/lass-meinen-geist-weitergehen\/#primaryimage\"},\"thumbnailUrl\":\"https:\/\/hub.almaschool.org\/wp-content\/uploads\/2024\/04\/\u05d7\u05d3\u05e8-\u05db\u05e9\u05e8-865-x-346-\u05e4\u05d9\u05e7\u05e1\u05dc-2-1.jpg\",\"datePublished\":\"2024-08-08T14:15:27+00:00\",\"dateModified\":\"2024-11-18T19:42:18+00:00\",\"breadcrumb\":{\"@id\":\"https:\/\/hub.almaschool.org\/de\/product\/lass-meinen-geist-weitergehen\/#breadcrumb\"},\"inLanguage\":\"de\",\"potentialAction\":[{\"@type\":\"ReadAction\",\"target\":[\"https:\/\/hub.almaschool.org\/de\/product\/lass-meinen-geist-weitergehen\/\"]}]},{\"@type\":\"ImageObject\",\"inLanguage\":\"de\",\"@id\":\"https:\/\/hub.almaschool.org\/de\/product\/lass-meinen-geist-weitergehen\/#primaryimage\",\"url\":\"https:\/\/hub.almaschool.org\/wp-content\/uploads\/2024\/04\/\u05d7\u05d3\u05e8-\u05db\u05e9\u05e8-865-x-346-\u05e4\u05d9\u05e7\u05e1\u05dc-2-1.jpg\",\"contentUrl\":\"https:\/\/hub.almaschool.org\/wp-content\/uploads\/2024\/04\/\u05d7\u05d3\u05e8-\u05db\u05e9\u05e8-865-x-346-\u05e4\u05d9\u05e7\u05e1\u05dc-2-1.jpg\",\"width\":865,\"height\":346},{\"@type\":\"BreadcrumbList\",\"@id\":\"https:\/\/hub.almaschool.org\/de\/product\/lass-meinen-geist-weitergehen\/#breadcrumb\",\"itemListElement\":[{\"@type\":\"ListItem\",\"position\":1,\"name\":\"Home\",\"item\":\"https:\/\/hub.almaschool.org\/de\/\"},{\"@type\":\"ListItem\",\"position\":2,\"name\":\"Products\",\"item\":\"https:\/\/hub.almaschool.org\/en\/shop\/\"},{\"@type\":\"ListItem\",\"position\":3,\"name\":\"Pay it Forward LASST MEINEN GEIST FREI! (Kurs)\"}]},{\"@type\":\"WebSite\",\"@id\":\"https:\/\/hub.almaschool.org\/he\/#website\",\"url\":\"https:\/\/hub.almaschool.org\/he\/\",\"name\":\"Alma School for Humanity\",\"description\":\"\",\"publisher\":{\"@id\":\"https:\/\/hub.almaschool.org\/he\/#organization\"},\"potentialAction\":[{\"@type\":\"SearchAction\",\"target\":{\"@type\":\"EntryPoint\",\"urlTemplate\":\"https:\/\/hub.almaschool.org\/he\/?s={search_term_string}\"},\"query-input\":{\"@type\":\"PropertyValueSpecification\",\"valueRequired\":true,\"valueName\":\"search_term_string\"}}],\"inLanguage\":\"de\"},{\"@type\":\"Organization\",\"@id\":\"https:\/\/hub.almaschool.org\/he\/#organization\",\"name\":\"Alma School for Humanity\",\"url\":\"https:\/\/hub.almaschool.org\/he\/\",\"logo\":{\"@type\":\"ImageObject\",\"inLanguage\":\"de\",\"@id\":\"https:\/\/hub.almaschool.org\/he\/#\/schema\/logo\/image\/\",\"url\":\"https:\/\/hub.almaschool.org\/wp-content\/uploads\/2024\/12\/email-logo-smaller.png\",\"contentUrl\":\"https:\/\/hub.almaschool.org\/wp-content\/uploads\/2024\/12\/email-logo-smaller.png\",\"width\":500,\"height\":177,\"caption\":\"Alma School for Humanity\"},\"image\":{\"@id\":\"https:\/\/hub.almaschool.org\/he\/#\/schema\/logo\/image\/\"},\"sameAs\":[\"https:\/\/www.facebook.com\/alma.school.en\/\",\"https:\/\/www.instagram.com\/alma.school.for.humanity\",\"https:\/\/youtube.com\/@ASFH-AlmaSchoolForHumanity\"]}]}<\/script>\n<!-- \/ Yoast SEO plugin. -->","yoast_head_json":{"title":"Pay it Forward  LASST MEINEN GEIST FREI! (Kurs) - Alma School for Humanity","robots":{"index":"index","follow":"follow","max-snippet":"max-snippet:-1","max-image-preview":"max-image-preview:large","max-video-preview":"max-video-preview:-1"},"canonical":"https:\/\/hub.almaschool.org\/de\/product\/lass-meinen-geist-weitergehen\/","og_locale":"de_DE","og_type":"article","og_title":"Pay it Forward  LASST MEINEN GEIST FREI! (Kurs) - Alma School for Humanity","og_description":"Um die Mission und die Leitprinzipien der Schule zu unterst\u00fctzen, bitten wir diejenigen, die finanziell dazu in der Lage sind, den Kurs &#8222;LASST MEINEN GEIST&hellip;","og_url":"https:\/\/hub.almaschool.org\/de\/product\/lass-meinen-geist-weitergehen\/","og_site_name":"Alma School for Humanity","article_publisher":"https:\/\/www.facebook.com\/alma.school.en\/","article_modified_time":"2024-11-18T19:42:18+00:00","og_image":[{"width":865,"height":346,"url":"https:\/\/hub.almaschool.org\/wp-content\/uploads\/2024\/04\/\u05d7\u05d3\u05e8-\u05db\u05e9\u05e8-865-x-346-\u05e4\u05d9\u05e7\u05e1\u05dc-2-1.jpg","type":"image\/jpeg"}],"twitter_card":"summary_large_image","twitter_misc":{"Gesch\u00e4tzte Lesezeit":"1\u00a0Minute"},"schema":{"@context":"https:\/\/schema.org","@graph":[{"@type":"WebPage","@id":"https:\/\/hub.almaschool.org\/de\/product\/lass-meinen-geist-weitergehen\/","url":"https:\/\/hub.almaschool.org\/de\/product\/lass-meinen-geist-weitergehen\/","name":"Pay it Forward LASST MEINEN GEIST FREI! (Kurs) - Alma School for Humanity","isPartOf":{"@id":"https:\/\/hub.almaschool.org\/he\/#website"},"primaryImageOfPage":{"@id":"https:\/\/hub.almaschool.org\/de\/product\/lass-meinen-geist-weitergehen\/#primaryimage"},"image":{"@id":"https:\/\/hub.almaschool.org\/de\/product\/lass-meinen-geist-weitergehen\/#primaryimage"},"thumbnailUrl":"https:\/\/hub.almaschool.org\/wp-content\/uploads\/2024\/04\/\u05d7\u05d3\u05e8-\u05db\u05e9\u05e8-865-x-346-\u05e4\u05d9\u05e7\u05e1\u05dc-2-1.jpg","datePublished":"2024-08-08T14:15:27+00:00","dateModified":"2024-11-18T19:42:18+00:00","breadcrumb":{"@id":"https:\/\/hub.almaschool.org\/de\/product\/lass-meinen-geist-weitergehen\/#breadcrumb"},"inLanguage":"de","potentialAction":[{"@type":"ReadAction","target":["https:\/\/hub.almaschool.org\/de\/product\/lass-meinen-geist-weitergehen\/"]}]},{"@type":"ImageObject","inLanguage":"de","@id":"https:\/\/hub.almaschool.org\/de\/product\/lass-meinen-geist-weitergehen\/#primaryimage","url":"https:\/\/hub.almaschool.org\/wp-content\/uploads\/2024\/04\/\u05d7\u05d3\u05e8-\u05db\u05e9\u05e8-865-x-346-\u05e4\u05d9\u05e7\u05e1\u05dc-2-1.jpg","contentUrl":"https:\/\/hub.almaschool.org\/wp-content\/uploads\/2024\/04\/\u05d7\u05d3\u05e8-\u05db\u05e9\u05e8-865-x-346-\u05e4\u05d9\u05e7\u05e1\u05dc-2-1.jpg","width":865,"height":346},{"@type":"BreadcrumbList","@id":"https:\/\/hub.almaschool.org\/de\/product\/lass-meinen-geist-weitergehen\/#breadcrumb","itemListElement":[{"@type":"ListItem","position":1,"name":"Home","item":"https:\/\/hub.almaschool.org\/de\/"},{"@type":"ListItem","position":2,"name":"Products","item":"https:\/\/hub.almaschool.org\/en\/shop\/"},{"@type":"ListItem","position":3,"name":"Pay it Forward LASST MEINEN GEIST FREI! (Kurs)"}]},{"@type":"WebSite","@id":"https:\/\/hub.almaschool.org\/he\/#website","url":"https:\/\/hub.almaschool.org\/he\/","name":"Alma School for Humanity","description":"","publisher":{"@id":"https:\/\/hub.almaschool.org\/he\/#organization"},"potentialAction":[{"@type":"SearchAction","target":{"@type":"EntryPoint","urlTemplate":"https:\/\/hub.almaschool.org\/he\/?s={search_term_string}"},"query-input":{"@type":"PropertyValueSpecification","valueRequired":true,"valueName":"search_term_string"}}],"inLanguage":"de"},{"@type":"Organization","@id":"https:\/\/hub.almaschool.org\/he\/#organization","name":"Alma School for Humanity","url":"https:\/\/hub.almaschool.org\/he\/","logo":{"@type":"ImageObject","inLanguage":"de","@id":"https:\/\/hub.almaschool.org\/he\/#\/schema\/logo\/image\/","url":"https:\/\/hub.almaschool.org\/wp-content\/uploads\/2024\/12\/email-logo-smaller.png","contentUrl":"https:\/\/hub.almaschool.org\/wp-content\/uploads\/2024\/12\/email-logo-smaller.png","width":500,"height":177,"caption":"Alma School for Humanity"},"image":{"@id":"https:\/\/hub.almaschool.org\/he\/#\/schema\/logo\/image\/"},"sameAs":["https:\/\/www.facebook.com\/alma.school.en\/","https:\/\/www.instagram.com\/alma.school.for.humanity","https:\/\/youtube.com\/@ASFH-AlmaSchoolForHumanity"]}]}},"_links":{"self":[{"href":"https:\/\/hub.almaschool.org\/de\/wp-json\/wp\/v2\/product\/5347","targetHints":{"allow":["GET"]}}],"collection":[{"href":"https:\/\/hub.almaschool.org\/de\/wp-json\/wp\/v2\/product"}],"about":[{"href":"https:\/\/hub.almaschool.org\/de\/wp-json\/wp\/v2\/types\/product"}],"author":[{"embeddable":true,"href":"https:\/\/hub.almaschool.org\/de\/wp-json\/wp\/v2\/users\/1"}],"replies":[{"embeddable":true,"href":"https:\/\/hub.almaschool.org\/de\/wp-json\/wp\/v2\/comments?post=5347"}],"wp:featuredmedia":[{"embeddable":true,"href":"https:\/\/hub.almaschool.org\/de\/wp-json\/wp\/v2\/media\/2047"}],"wp:attachment":[{"href":"https:\/\/hub.almaschool.org\/de\/wp-json\/wp\/v2\/media?parent=5347"}],"wp:term":[{"taxonomy":"product_brand","embeddable":true,"href":"https:\/\/hub.almaschool.org\/de\/wp-json\/wp\/v2\/product_brand?post=5347"},{"taxonomy":"product_cat","embeddable":true,"href":"https:\/\/hub.almaschool.org\/de\/wp-json\/wp\/v2\/product_cat?post=5347"},{"taxonomy":"product_tag","embeddable":true,"href":"https:\/\/hub.almaschool.org\/de\/wp-json\/wp\/v2\/product_tag?post=5347"}],"curies":[{"name":"wp","href":"https:\/\/api.w.org\/{rel}","templated":true}]}}