{"id":5391,"date":"2024-04-23T14:04:40","date_gmt":"2024-04-23T11:04:40","guid":{"rendered":"https:\/\/wordpress-1353367-4975723.cloudwaysapps.com\/product\/ein-neuer-mensch-ist-eine-neue-welt\/"},"modified":"2025-05-12T14:39:03","modified_gmt":"2025-05-12T11:39:03","slug":"ein-neuer-mensch-ist-eine-neue-welt","status":"publish","type":"product","link":"https:\/\/hub.almaschool.org\/de\/product\/ein-neuer-mensch-ist-eine-neue-welt\/","title":{"rendered":"Ein neuer Mensch. Eine neue Welt."},"content":{"rendered":"<p>Die Alma School for Humanity verfolgt einen einzigartigen finanziellen Ansatz, der auf drei Kernprinzipien beruht, die mit den Gesetzen der Sch\u00f6pfung in Einklang stehen.<\/p>\n<ul>\n<li>Das erste Prinzip: <strong>Nur durch Geben kann man empfangen<\/strong> \u2013 gem\u00e4\u00df diesem Sch\u00f6pfungsgesetz k\u00f6nnen nur diejenigen, die etwas geben, wirklich sch\u00e4tzen, was sie erhalten.<\/li>\n<li>Das zweite Prinzip: <strong>Ein Garten ben\u00f6tigt sowohl Erde als auch Samen, um zu gedeihen<\/strong> \u2013 analog dazu ben\u00f6tigt selbst die edelste Vision finanzielle Unterst\u00fctzung, um Realit\u00e4t zu werden. Eine solide finanzielle Grundlage ist f\u00fcr jede Organisation, einschlie\u00dflich spiritueller Einrichtungen, unerl\u00e4sslich, um kontinuierlich qualitativ hochwertige Dienste anzubieten und ihre Mission zu erf\u00fcllen. <\/li>\n<li>Das dritte Prinzip: \u201e<strong>Der HERR ist nahe allen, die ihn anrufen, in Wahrheit<\/strong>.\u201c (Psalmen 145:18) Jeder Mensch hat ein angeborenes Recht auf die Wahrheit, unabh\u00e4ngig von seiner finanziellen Situation.<\/li>\n<\/ul>\n<p>Um mehr \u00fcber Geld und Spiritualit\u00e4t zu erfahren \u2013 <a href=\"https:\/\/almaschool.org\/money-and-spirituality\/\" target=\"_blank\" rel=\"noopener\">klicken Sie bitte hier.<\/a><\/p>\n<p>F\u00fcr die Kursbedingungen \u2013 <a href=\"https:\/\/hub.almaschool.org\/de\/bedingungen-und-konditionen\/\" target=\"_blank\" rel=\"noopener\">klicken Sie bitte hier.<\/a><\/p>\n<p>Mit diesem Modell versuchen wir, unsere Lehren zug\u00e4nglich zu machen und gleichzeitig die Nachhaltigkeit der Schule zu gew\u00e4hrleisten und das Prinzip der Gegenseitigkeit beim Lernen zu ehren.<br \/>\n<a href=\"https:\/\/almaschool.org\/money-and-spirituality\/\" target=\"_blank\" rel=\"noopener\">Erfahren Sie mehr \u00fcber unsere Preisgestaltungsmethode<\/a><\/p>\n","protected":false},"excerpt":{"rendered":"<p>Eine Reihe von Artikeln, Vortr\u00e4gen, Filmen und Podcasts, die aktuelle Themen, Themen des t\u00e4glichen Lebens wie Beziehungen, Erziehung, Geld und geistige Verantwortung und mehr behandeln und biblische Geschichten als Codes zur Entschl\u00fcsselung der heutigen Realit\u00e4t aus der Perspektive des Hohen Wissens der Sch\u00f6pfungsgesetze beleuchten.<\/p>\n<p>Um Zugang zu diesem Kurs zu erhalten, m\u00fcssen Sie sich lediglich einschreiben. Sobald Sie Ihren Preis gew\u00e4hlt und die Anmeldung abgeschlossen haben, erhalten Sie Zugriff auf alle Kursinhalte.<br \/>\nNeue Inhalte, einschlie\u00dflich Vorlesungen und Artikel, werden fortlaufend ver\u00f6ffentlicht. Registrierte Studierende werden benachrichtigt, wenn neue Vorlesungen oder Zoom-Meetings verf\u00fcgbar sind.  <\/p>\n","protected":false},"author":1,"featured_media":887,"comment_status":"open","ping_status":"closed","template":"","meta":[],"product_brand":[],"product_cat":[118],"product_tag":[119],"class_list":{"0":"post-5391","1":"product","2":"type-product","3":"status-publish","4":"has-post-thumbnail","6":"product_cat-kurse","7":"product_tag-ein-neuer-mensch-eine-neue-welt","9":"first","10":"instock","11":"sold-individually","12":"shipping-taxable","13":"purchasable","14":"product-type-variable"},"yoast_head":"<!-- This site is optimized with the Yoast SEO plugin v26.9 - https:\/\/yoast.com\/product\/yoast-seo-wordpress\/ -->\n<title>Ein neuer Mensch. Eine neue Welt. - Alma School for Humanity<\/title>\n<meta name=\"robots\" content=\"index, follow, max-snippet:-1, max-image-preview:large, max-video-preview:-1\" \/>\n<link rel=\"canonical\" href=\"https:\/\/hub.almaschool.org\/de\/product\/ein-neuer-mensch-ist-eine-neue-welt\/\" \/>\n<meta property=\"og:locale\" content=\"de_DE\" \/>\n<meta property=\"og:type\" content=\"article\" \/>\n<meta property=\"og:title\" content=\"Ein neuer Mensch. Eine neue Welt. - Alma School for Humanity\" \/>\n<meta property=\"og:description\" content=\"Eine Reihe von Artikeln, Vortr\u00e4gen, Filmen und Podcasts, die aktuelle Themen, Themen des t\u00e4glichen Lebens wie Beziehungen, Erziehung, Geld und geistige Verantwortung und mehr behandeln und biblische Geschichten als Codes zur Entschl\u00fcsselung der heutigen Realit\u00e4t aus der Perspektive des Hohen Wissens der Sch\u00f6pfungsgesetze beleuchten. Um Zugang zu diesem Kurs zu erhalten, m\u00fcssen Sie sich lediglich einschreiben. Sobald Sie Ihren Preis gew\u00e4hlt und die Anmeldung abgeschlossen haben, erhalten Sie Zugriff auf alle Kursinhalte. Neue Inhalte, einschlie\u00dflich Vorlesungen und Artikel, werden fortlaufend ver\u00f6ffentlicht. Registrierte Studierende werden benachrichtigt, wenn neue Vorlesungen oder Zoom-Meetings verf\u00fcgbar sind.\" \/>\n<meta property=\"og:url\" content=\"https:\/\/hub.almaschool.org\/de\/product\/ein-neuer-mensch-ist-eine-neue-welt\/\" \/>\n<meta property=\"og:site_name\" content=\"Alma School for Humanity\" \/>\n<meta property=\"article:publisher\" content=\"https:\/\/www.facebook.com\/alma.school.en\/\" \/>\n<meta property=\"article:modified_time\" content=\"2025-05-12T11:39:03+00:00\" \/>\n<meta property=\"og:image\" content=\"https:\/\/hub.almaschool.org\/wp-content\/uploads\/2024\/03\/Untitled_Artwork-1-e1684786177174.jpeg\" \/>\n\t<meta property=\"og:image:width\" content=\"2275\" \/>\n\t<meta property=\"og:image:height\" content=\"1253\" \/>\n\t<meta property=\"og:image:type\" content=\"image\/jpeg\" \/>\n<meta name=\"twitter:card\" content=\"summary_large_image\" \/>\n<meta name=\"twitter:label1\" content=\"Gesch\u00e4tzte Lesezeit\" \/>\n\t<meta name=\"twitter:data1\" content=\"1\u00a0Minute\" \/>\n<script type=\"application\/ld+json\" class=\"yoast-schema-graph\">{\"@context\":\"https:\/\/schema.org\",\"@graph\":[{\"@type\":\"WebPage\",\"@id\":\"https:\/\/hub.almaschool.org\/de\/product\/ein-neuer-mensch-ist-eine-neue-welt\/\",\"url\":\"https:\/\/hub.almaschool.org\/de\/product\/ein-neuer-mensch-ist-eine-neue-welt\/\",\"name\":\"Ein neuer Mensch. Eine neue Welt. - Alma School for Humanity\",\"isPartOf\":{\"@id\":\"https:\/\/hub.almaschool.org\/he\/#website\"},\"primaryImageOfPage\":{\"@id\":\"https:\/\/hub.almaschool.org\/de\/product\/ein-neuer-mensch-ist-eine-neue-welt\/#primaryimage\"},\"image\":{\"@id\":\"https:\/\/hub.almaschool.org\/de\/product\/ein-neuer-mensch-ist-eine-neue-welt\/#primaryimage\"},\"thumbnailUrl\":\"https:\/\/hub.almaschool.org\/wp-content\/uploads\/2024\/03\/Untitled_Artwork-1-e1684786177174.jpeg\",\"datePublished\":\"2024-04-23T11:04:40+00:00\",\"dateModified\":\"2025-05-12T11:39:03+00:00\",\"breadcrumb\":{\"@id\":\"https:\/\/hub.almaschool.org\/de\/product\/ein-neuer-mensch-ist-eine-neue-welt\/#breadcrumb\"},\"inLanguage\":\"de\",\"potentialAction\":[{\"@type\":\"ReadAction\",\"target\":[\"https:\/\/hub.almaschool.org\/de\/product\/ein-neuer-mensch-ist-eine-neue-welt\/\"]}]},{\"@type\":\"ImageObject\",\"inLanguage\":\"de\",\"@id\":\"https:\/\/hub.almaschool.org\/de\/product\/ein-neuer-mensch-ist-eine-neue-welt\/#primaryimage\",\"url\":\"https:\/\/hub.almaschool.org\/wp-content\/uploads\/2024\/03\/Untitled_Artwork-1-e1684786177174.jpeg\",\"contentUrl\":\"https:\/\/hub.almaschool.org\/wp-content\/uploads\/2024\/03\/Untitled_Artwork-1-e1684786177174.jpeg\",\"width\":2275,\"height\":1253},{\"@type\":\"BreadcrumbList\",\"@id\":\"https:\/\/hub.almaschool.org\/de\/product\/ein-neuer-mensch-ist-eine-neue-welt\/#breadcrumb\",\"itemListElement\":[{\"@type\":\"ListItem\",\"position\":1,\"name\":\"Home\",\"item\":\"https:\/\/hub.almaschool.org\/de\/\"},{\"@type\":\"ListItem\",\"position\":2,\"name\":\"Products\",\"item\":\"https:\/\/hub.almaschool.org\/en\/shop\/\"},{\"@type\":\"ListItem\",\"position\":3,\"name\":\"Ein neuer Mensch. Eine neue Welt.\"}]},{\"@type\":\"WebSite\",\"@id\":\"https:\/\/hub.almaschool.org\/he\/#website\",\"url\":\"https:\/\/hub.almaschool.org\/he\/\",\"name\":\"Alma School for Humanity\",\"description\":\"\",\"publisher\":{\"@id\":\"https:\/\/hub.almaschool.org\/he\/#organization\"},\"potentialAction\":[{\"@type\":\"SearchAction\",\"target\":{\"@type\":\"EntryPoint\",\"urlTemplate\":\"https:\/\/hub.almaschool.org\/he\/?s={search_term_string}\"},\"query-input\":{\"@type\":\"PropertyValueSpecification\",\"valueRequired\":true,\"valueName\":\"search_term_string\"}}],\"inLanguage\":\"de\"},{\"@type\":\"Organization\",\"@id\":\"https:\/\/hub.almaschool.org\/he\/#organization\",\"name\":\"Alma School for Humanity\",\"url\":\"https:\/\/hub.almaschool.org\/he\/\",\"logo\":{\"@type\":\"ImageObject\",\"inLanguage\":\"de\",\"@id\":\"https:\/\/hub.almaschool.org\/he\/#\/schema\/logo\/image\/\",\"url\":\"https:\/\/hub.almaschool.org\/wp-content\/uploads\/2024\/12\/email-logo-smaller.png\",\"contentUrl\":\"https:\/\/hub.almaschool.org\/wp-content\/uploads\/2024\/12\/email-logo-smaller.png\",\"width\":500,\"height\":177,\"caption\":\"Alma School for Humanity\"},\"image\":{\"@id\":\"https:\/\/hub.almaschool.org\/he\/#\/schema\/logo\/image\/\"},\"sameAs\":[\"https:\/\/www.facebook.com\/alma.school.en\/\",\"https:\/\/www.instagram.com\/alma.school.for.humanity\",\"https:\/\/youtube.com\/@ASFH-AlmaSchoolForHumanity\"]}]}<\/script>\n<!-- \/ Yoast SEO plugin. -->","yoast_head_json":{"title":"Ein neuer Mensch. Eine neue Welt. - Alma School for Humanity","robots":{"index":"index","follow":"follow","max-snippet":"max-snippet:-1","max-image-preview":"max-image-preview:large","max-video-preview":"max-video-preview:-1"},"canonical":"https:\/\/hub.almaschool.org\/de\/product\/ein-neuer-mensch-ist-eine-neue-welt\/","og_locale":"de_DE","og_type":"article","og_title":"Ein neuer Mensch. Eine neue Welt. - Alma School for Humanity","og_description":"Eine Reihe von Artikeln, Vortr\u00e4gen, Filmen und Podcasts, die aktuelle Themen, Themen des t\u00e4glichen Lebens wie Beziehungen, Erziehung, Geld und geistige Verantwortung und mehr behandeln und biblische Geschichten als Codes zur Entschl\u00fcsselung der heutigen Realit\u00e4t aus der Perspektive des Hohen Wissens der Sch\u00f6pfungsgesetze beleuchten. Um Zugang zu diesem Kurs zu erhalten, m\u00fcssen Sie sich lediglich einschreiben. Sobald Sie Ihren Preis gew\u00e4hlt und die Anmeldung abgeschlossen haben, erhalten Sie Zugriff auf alle Kursinhalte. Neue Inhalte, einschlie\u00dflich Vorlesungen und Artikel, werden fortlaufend ver\u00f6ffentlicht. Registrierte Studierende werden benachrichtigt, wenn neue Vorlesungen oder Zoom-Meetings verf\u00fcgbar sind.","og_url":"https:\/\/hub.almaschool.org\/de\/product\/ein-neuer-mensch-ist-eine-neue-welt\/","og_site_name":"Alma School for Humanity","article_publisher":"https:\/\/www.facebook.com\/alma.school.en\/","article_modified_time":"2025-05-12T11:39:03+00:00","og_image":[{"width":2275,"height":1253,"url":"https:\/\/hub.almaschool.org\/wp-content\/uploads\/2024\/03\/Untitled_Artwork-1-e1684786177174.jpeg","type":"image\/jpeg"}],"twitter_card":"summary_large_image","twitter_misc":{"Gesch\u00e4tzte Lesezeit":"1\u00a0Minute"},"schema":{"@context":"https:\/\/schema.org","@graph":[{"@type":"WebPage","@id":"https:\/\/hub.almaschool.org\/de\/product\/ein-neuer-mensch-ist-eine-neue-welt\/","url":"https:\/\/hub.almaschool.org\/de\/product\/ein-neuer-mensch-ist-eine-neue-welt\/","name":"Ein neuer Mensch. Eine neue Welt. - Alma School for Humanity","isPartOf":{"@id":"https:\/\/hub.almaschool.org\/he\/#website"},"primaryImageOfPage":{"@id":"https:\/\/hub.almaschool.org\/de\/product\/ein-neuer-mensch-ist-eine-neue-welt\/#primaryimage"},"image":{"@id":"https:\/\/hub.almaschool.org\/de\/product\/ein-neuer-mensch-ist-eine-neue-welt\/#primaryimage"},"thumbnailUrl":"https:\/\/hub.almaschool.org\/wp-content\/uploads\/2024\/03\/Untitled_Artwork-1-e1684786177174.jpeg","datePublished":"2024-04-23T11:04:40+00:00","dateModified":"2025-05-12T11:39:03+00:00","breadcrumb":{"@id":"https:\/\/hub.almaschool.org\/de\/product\/ein-neuer-mensch-ist-eine-neue-welt\/#breadcrumb"},"inLanguage":"de","potentialAction":[{"@type":"ReadAction","target":["https:\/\/hub.almaschool.org\/de\/product\/ein-neuer-mensch-ist-eine-neue-welt\/"]}]},{"@type":"ImageObject","inLanguage":"de","@id":"https:\/\/hub.almaschool.org\/de\/product\/ein-neuer-mensch-ist-eine-neue-welt\/#primaryimage","url":"https:\/\/hub.almaschool.org\/wp-content\/uploads\/2024\/03\/Untitled_Artwork-1-e1684786177174.jpeg","contentUrl":"https:\/\/hub.almaschool.org\/wp-content\/uploads\/2024\/03\/Untitled_Artwork-1-e1684786177174.jpeg","width":2275,"height":1253},{"@type":"BreadcrumbList","@id":"https:\/\/hub.almaschool.org\/de\/product\/ein-neuer-mensch-ist-eine-neue-welt\/#breadcrumb","itemListElement":[{"@type":"ListItem","position":1,"name":"Home","item":"https:\/\/hub.almaschool.org\/de\/"},{"@type":"ListItem","position":2,"name":"Products","item":"https:\/\/hub.almaschool.org\/en\/shop\/"},{"@type":"ListItem","position":3,"name":"Ein neuer Mensch. Eine neue Welt."}]},{"@type":"WebSite","@id":"https:\/\/hub.almaschool.org\/he\/#website","url":"https:\/\/hub.almaschool.org\/he\/","name":"Alma School for Humanity","description":"","publisher":{"@id":"https:\/\/hub.almaschool.org\/he\/#organization"},"potentialAction":[{"@type":"SearchAction","target":{"@type":"EntryPoint","urlTemplate":"https:\/\/hub.almaschool.org\/he\/?s={search_term_string}"},"query-input":{"@type":"PropertyValueSpecification","valueRequired":true,"valueName":"search_term_string"}}],"inLanguage":"de"},{"@type":"Organization","@id":"https:\/\/hub.almaschool.org\/he\/#organization","name":"Alma School for Humanity","url":"https:\/\/hub.almaschool.org\/he\/","logo":{"@type":"ImageObject","inLanguage":"de","@id":"https:\/\/hub.almaschool.org\/he\/#\/schema\/logo\/image\/","url":"https:\/\/hub.almaschool.org\/wp-content\/uploads\/2024\/12\/email-logo-smaller.png","contentUrl":"https:\/\/hub.almaschool.org\/wp-content\/uploads\/2024\/12\/email-logo-smaller.png","width":500,"height":177,"caption":"Alma School for Humanity"},"image":{"@id":"https:\/\/hub.almaschool.org\/he\/#\/schema\/logo\/image\/"},"sameAs":["https:\/\/www.facebook.com\/alma.school.en\/","https:\/\/www.instagram.com\/alma.school.for.humanity","https:\/\/youtube.com\/@ASFH-AlmaSchoolForHumanity"]}]}},"_links":{"self":[{"href":"https:\/\/hub.almaschool.org\/de\/wp-json\/wp\/v2\/product\/5391","targetHints":{"allow":["GET"]}}],"collection":[{"href":"https:\/\/hub.almaschool.org\/de\/wp-json\/wp\/v2\/product"}],"about":[{"href":"https:\/\/hub.almaschool.org\/de\/wp-json\/wp\/v2\/types\/product"}],"author":[{"embeddable":true,"href":"https:\/\/hub.almaschool.org\/de\/wp-json\/wp\/v2\/users\/1"}],"replies":[{"embeddable":true,"href":"https:\/\/hub.almaschool.org\/de\/wp-json\/wp\/v2\/comments?post=5391"}],"wp:featuredmedia":[{"embeddable":true,"href":"https:\/\/hub.almaschool.org\/de\/wp-json\/wp\/v2\/media\/887"}],"wp:attachment":[{"href":"https:\/\/hub.almaschool.org\/de\/wp-json\/wp\/v2\/media?parent=5391"}],"wp:term":[{"taxonomy":"product_brand","embeddable":true,"href":"https:\/\/hub.almaschool.org\/de\/wp-json\/wp\/v2\/product_brand?post=5391"},{"taxonomy":"product_cat","embeddable":true,"href":"https:\/\/hub.almaschool.org\/de\/wp-json\/wp\/v2\/product_cat?post=5391"},{"taxonomy":"product_tag","embeddable":true,"href":"https:\/\/hub.almaschool.org\/de\/wp-json\/wp\/v2\/product_tag?post=5391"}],"curies":[{"name":"wp","href":"https:\/\/api.w.org\/{rel}","templated":true}]}}