{"id":5548,"date":"2024-07-23T11:02:28","date_gmt":"2024-07-23T09:02:28","guid":{"rendered":"https:\/\/wordpress-1353367-4975723.cloudwaysapps.com\/product\/ein-neuer-mensch-eine-neue-welt-pay-it-forward\/"},"modified":"2025-07-16T11:01:57","modified_gmt":"2025-07-16T08:01:57","slug":"ein-neuer-mensch-eine-neue-welt-pay-it-forward","status":"publish","type":"product","link":"https:\/\/hub.almaschool.org\/de\/product\/ein-neuer-mensch-eine-neue-welt-pay-it-forward\/","title":{"rendered":"Zahle es weiter <br> Ein neuer Mensch. Eine neue Welt."},"content":{"rendered":"<p class=\"p1\">Um die Mission und die Leitprinzipien der Schule zu unterst\u00fctzen, bitten wir diejenigen, die finanziell dazu in der Lage sind, zu helfen den Kurs &#8222;Ein Neuer Mensch. Eine Neue Welt.&#8220; zu subventionieren, damit dieser weiterhin f\u00fcr jene, welche sich dies nicht leisten k\u00f6nnen, gratis angeboten werden kann.<\/p>\n<p class=\"p1\">Sie k\u00f6nnen w\u00e4hlen, auf einem f\u00fcr Sie angemessenen Niveau weiterzugeben.<\/p>\n<p class=\"p1\">Finanzielle Unterst\u00fctzung ist nicht obligatorisch, wird aber sehr gesch\u00e4tzt Sie k\u00f6nnen Ihre Unterst\u00fctzung jederzeit in der Zukunft anbieten, wenn sich Ihre finanzielle Situation \u00e4ndert.<\/p>\n","protected":false},"excerpt":{"rendered":"<p>Um die Mission und die Leitprinzipien der Schule zu unterst\u00fctzen, bitten wir diejenigen, die finanziell dazu in der Lage sind, zu helfen den Kurs &#8222;Ein&hellip;<\/p>\n","protected":false},"author":1,"featured_media":887,"comment_status":"open","ping_status":"closed","template":"","meta":[],"product_brand":[],"product_cat":[323],"product_tag":[],"class_list":{"0":"post-5548","1":"product","2":"type-product","3":"status-publish","4":"has-post-thumbnail","6":"product_cat-pay-it-forward-category-de","8":"first","9":"instock","10":"virtual","11":"purchasable","12":"product-type-simple"},"yoast_head":"<!-- This site is optimized with the Yoast SEO plugin v26.9 - https:\/\/yoast.com\/product\/yoast-seo-wordpress\/ -->\n<title>Zahle es weiter  Ein neuer Mensch. Eine neue Welt. - Alma School for Humanity<\/title>\n<meta name=\"robots\" content=\"index, follow, max-snippet:-1, max-image-preview:large, max-video-preview:-1\" \/>\n<link rel=\"canonical\" href=\"https:\/\/hub.almaschool.org\/en\/product\/a-new-human-being-a-new-world-pay-it-forward\/\" \/>\n<meta property=\"og:locale\" content=\"de_DE\" \/>\n<meta property=\"og:type\" content=\"article\" \/>\n<meta property=\"og:title\" content=\"Zahle es weiter  Ein neuer Mensch. Eine neue Welt. - Alma School for Humanity\" \/>\n<meta property=\"og:description\" content=\"Um die Mission und die Leitprinzipien der Schule zu unterst\u00fctzen, bitten wir diejenigen, die finanziell dazu in der Lage sind, zu helfen den Kurs &#8222;Ein&hellip;\" \/>\n<meta property=\"og:url\" content=\"https:\/\/hub.almaschool.org\/en\/product\/a-new-human-being-a-new-world-pay-it-forward\/\" \/>\n<meta property=\"og:site_name\" content=\"Alma School for Humanity\" \/>\n<meta property=\"article:publisher\" content=\"https:\/\/www.facebook.com\/alma.school.en\/\" \/>\n<meta property=\"article:modified_time\" content=\"2025-07-16T08:01:57+00:00\" \/>\n<meta property=\"og:image\" content=\"https:\/\/hub.almaschool.org\/wp-content\/uploads\/2024\/03\/Untitled_Artwork-1-e1684786177174.jpeg\" \/>\n\t<meta property=\"og:image:width\" content=\"2275\" \/>\n\t<meta property=\"og:image:height\" content=\"1253\" \/>\n\t<meta property=\"og:image:type\" content=\"image\/jpeg\" \/>\n<meta name=\"twitter:card\" content=\"summary_large_image\" \/>\n<script type=\"application\/ld+json\" class=\"yoast-schema-graph\">{\"@context\":\"https:\/\/schema.org\",\"@graph\":[{\"@type\":\"WebPage\",\"@id\":\"https:\/\/hub.almaschool.org\/en\/product\/a-new-human-being-a-new-world-pay-it-forward\/\",\"url\":\"https:\/\/hub.almaschool.org\/en\/product\/a-new-human-being-a-new-world-pay-it-forward\/\",\"name\":\"Zahle es weiter Ein neuer Mensch. Eine neue Welt. - Alma School for Humanity\",\"isPartOf\":{\"@id\":\"https:\/\/hub.almaschool.org\/he\/#website\"},\"primaryImageOfPage\":{\"@id\":\"https:\/\/hub.almaschool.org\/en\/product\/a-new-human-being-a-new-world-pay-it-forward\/#primaryimage\"},\"image\":{\"@id\":\"https:\/\/hub.almaschool.org\/en\/product\/a-new-human-being-a-new-world-pay-it-forward\/#primaryimage\"},\"thumbnailUrl\":\"https:\/\/hub.almaschool.org\/wp-content\/uploads\/2024\/03\/Untitled_Artwork-1-e1684786177174.jpeg\",\"datePublished\":\"2024-07-23T09:02:28+00:00\",\"dateModified\":\"2025-07-16T08:01:57+00:00\",\"breadcrumb\":{\"@id\":\"https:\/\/hub.almaschool.org\/en\/product\/a-new-human-being-a-new-world-pay-it-forward\/#breadcrumb\"},\"inLanguage\":\"de\",\"potentialAction\":[{\"@type\":\"ReadAction\",\"target\":[\"https:\/\/hub.almaschool.org\/en\/product\/a-new-human-being-a-new-world-pay-it-forward\/\"]}]},{\"@type\":\"ImageObject\",\"inLanguage\":\"de\",\"@id\":\"https:\/\/hub.almaschool.org\/en\/product\/a-new-human-being-a-new-world-pay-it-forward\/#primaryimage\",\"url\":\"https:\/\/hub.almaschool.org\/wp-content\/uploads\/2024\/03\/Untitled_Artwork-1-e1684786177174.jpeg\",\"contentUrl\":\"https:\/\/hub.almaschool.org\/wp-content\/uploads\/2024\/03\/Untitled_Artwork-1-e1684786177174.jpeg\",\"width\":2275,\"height\":1253},{\"@type\":\"BreadcrumbList\",\"@id\":\"https:\/\/hub.almaschool.org\/en\/product\/a-new-human-being-a-new-world-pay-it-forward\/#breadcrumb\",\"itemListElement\":[{\"@type\":\"ListItem\",\"position\":1,\"name\":\"Home\",\"item\":\"https:\/\/hub.almaschool.org\/de\/\"},{\"@type\":\"ListItem\",\"position\":2,\"name\":\"Products\",\"item\":\"https:\/\/hub.almaschool.org\/en\/shop\/\"},{\"@type\":\"ListItem\",\"position\":3,\"name\":\"Zahle es weiter Ein neuer Mensch. Eine neue Welt.\"}]},{\"@type\":\"WebSite\",\"@id\":\"https:\/\/hub.almaschool.org\/he\/#website\",\"url\":\"https:\/\/hub.almaschool.org\/he\/\",\"name\":\"Alma School for Humanity\",\"description\":\"\",\"publisher\":{\"@id\":\"https:\/\/hub.almaschool.org\/he\/#organization\"},\"potentialAction\":[{\"@type\":\"SearchAction\",\"target\":{\"@type\":\"EntryPoint\",\"urlTemplate\":\"https:\/\/hub.almaschool.org\/he\/?s={search_term_string}\"},\"query-input\":{\"@type\":\"PropertyValueSpecification\",\"valueRequired\":true,\"valueName\":\"search_term_string\"}}],\"inLanguage\":\"de\"},{\"@type\":\"Organization\",\"@id\":\"https:\/\/hub.almaschool.org\/he\/#organization\",\"name\":\"Alma School for Humanity\",\"url\":\"https:\/\/hub.almaschool.org\/he\/\",\"logo\":{\"@type\":\"ImageObject\",\"inLanguage\":\"de\",\"@id\":\"https:\/\/hub.almaschool.org\/he\/#\/schema\/logo\/image\/\",\"url\":\"https:\/\/hub.almaschool.org\/wp-content\/uploads\/2024\/12\/email-logo-smaller.png\",\"contentUrl\":\"https:\/\/hub.almaschool.org\/wp-content\/uploads\/2024\/12\/email-logo-smaller.png\",\"width\":500,\"height\":177,\"caption\":\"Alma School for Humanity\"},\"image\":{\"@id\":\"https:\/\/hub.almaschool.org\/he\/#\/schema\/logo\/image\/\"},\"sameAs\":[\"https:\/\/www.facebook.com\/alma.school.en\/\",\"https:\/\/www.instagram.com\/alma.school.for.humanity\",\"https:\/\/youtube.com\/@ASFH-AlmaSchoolForHumanity\"]}]}<\/script>\n<!-- \/ Yoast SEO plugin. -->","yoast_head_json":{"title":"Zahle es weiter  Ein neuer Mensch. Eine neue Welt. - Alma School for Humanity","robots":{"index":"index","follow":"follow","max-snippet":"max-snippet:-1","max-image-preview":"max-image-preview:large","max-video-preview":"max-video-preview:-1"},"canonical":"https:\/\/hub.almaschool.org\/en\/product\/a-new-human-being-a-new-world-pay-it-forward\/","og_locale":"de_DE","og_type":"article","og_title":"Zahle es weiter  Ein neuer Mensch. Eine neue Welt. - Alma School for Humanity","og_description":"Um die Mission und die Leitprinzipien der Schule zu unterst\u00fctzen, bitten wir diejenigen, die finanziell dazu in der Lage sind, zu helfen den Kurs &#8222;Ein&hellip;","og_url":"https:\/\/hub.almaschool.org\/en\/product\/a-new-human-being-a-new-world-pay-it-forward\/","og_site_name":"Alma School for Humanity","article_publisher":"https:\/\/www.facebook.com\/alma.school.en\/","article_modified_time":"2025-07-16T08:01:57+00:00","og_image":[{"width":2275,"height":1253,"url":"https:\/\/hub.almaschool.org\/wp-content\/uploads\/2024\/03\/Untitled_Artwork-1-e1684786177174.jpeg","type":"image\/jpeg"}],"twitter_card":"summary_large_image","schema":{"@context":"https:\/\/schema.org","@graph":[{"@type":"WebPage","@id":"https:\/\/hub.almaschool.org\/en\/product\/a-new-human-being-a-new-world-pay-it-forward\/","url":"https:\/\/hub.almaschool.org\/en\/product\/a-new-human-being-a-new-world-pay-it-forward\/","name":"Zahle es weiter Ein neuer Mensch. Eine neue Welt. - Alma School for Humanity","isPartOf":{"@id":"https:\/\/hub.almaschool.org\/he\/#website"},"primaryImageOfPage":{"@id":"https:\/\/hub.almaschool.org\/en\/product\/a-new-human-being-a-new-world-pay-it-forward\/#primaryimage"},"image":{"@id":"https:\/\/hub.almaschool.org\/en\/product\/a-new-human-being-a-new-world-pay-it-forward\/#primaryimage"},"thumbnailUrl":"https:\/\/hub.almaschool.org\/wp-content\/uploads\/2024\/03\/Untitled_Artwork-1-e1684786177174.jpeg","datePublished":"2024-07-23T09:02:28+00:00","dateModified":"2025-07-16T08:01:57+00:00","breadcrumb":{"@id":"https:\/\/hub.almaschool.org\/en\/product\/a-new-human-being-a-new-world-pay-it-forward\/#breadcrumb"},"inLanguage":"de","potentialAction":[{"@type":"ReadAction","target":["https:\/\/hub.almaschool.org\/en\/product\/a-new-human-being-a-new-world-pay-it-forward\/"]}]},{"@type":"ImageObject","inLanguage":"de","@id":"https:\/\/hub.almaschool.org\/en\/product\/a-new-human-being-a-new-world-pay-it-forward\/#primaryimage","url":"https:\/\/hub.almaschool.org\/wp-content\/uploads\/2024\/03\/Untitled_Artwork-1-e1684786177174.jpeg","contentUrl":"https:\/\/hub.almaschool.org\/wp-content\/uploads\/2024\/03\/Untitled_Artwork-1-e1684786177174.jpeg","width":2275,"height":1253},{"@type":"BreadcrumbList","@id":"https:\/\/hub.almaschool.org\/en\/product\/a-new-human-being-a-new-world-pay-it-forward\/#breadcrumb","itemListElement":[{"@type":"ListItem","position":1,"name":"Home","item":"https:\/\/hub.almaschool.org\/de\/"},{"@type":"ListItem","position":2,"name":"Products","item":"https:\/\/hub.almaschool.org\/en\/shop\/"},{"@type":"ListItem","position":3,"name":"Zahle es weiter Ein neuer Mensch. Eine neue Welt."}]},{"@type":"WebSite","@id":"https:\/\/hub.almaschool.org\/he\/#website","url":"https:\/\/hub.almaschool.org\/he\/","name":"Alma School for Humanity","description":"","publisher":{"@id":"https:\/\/hub.almaschool.org\/he\/#organization"},"potentialAction":[{"@type":"SearchAction","target":{"@type":"EntryPoint","urlTemplate":"https:\/\/hub.almaschool.org\/he\/?s={search_term_string}"},"query-input":{"@type":"PropertyValueSpecification","valueRequired":true,"valueName":"search_term_string"}}],"inLanguage":"de"},{"@type":"Organization","@id":"https:\/\/hub.almaschool.org\/he\/#organization","name":"Alma School for Humanity","url":"https:\/\/hub.almaschool.org\/he\/","logo":{"@type":"ImageObject","inLanguage":"de","@id":"https:\/\/hub.almaschool.org\/he\/#\/schema\/logo\/image\/","url":"https:\/\/hub.almaschool.org\/wp-content\/uploads\/2024\/12\/email-logo-smaller.png","contentUrl":"https:\/\/hub.almaschool.org\/wp-content\/uploads\/2024\/12\/email-logo-smaller.png","width":500,"height":177,"caption":"Alma School for Humanity"},"image":{"@id":"https:\/\/hub.almaschool.org\/he\/#\/schema\/logo\/image\/"},"sameAs":["https:\/\/www.facebook.com\/alma.school.en\/","https:\/\/www.instagram.com\/alma.school.for.humanity","https:\/\/youtube.com\/@ASFH-AlmaSchoolForHumanity"]}]}},"_links":{"self":[{"href":"https:\/\/hub.almaschool.org\/de\/wp-json\/wp\/v2\/product\/5548","targetHints":{"allow":["GET"]}}],"collection":[{"href":"https:\/\/hub.almaschool.org\/de\/wp-json\/wp\/v2\/product"}],"about":[{"href":"https:\/\/hub.almaschool.org\/de\/wp-json\/wp\/v2\/types\/product"}],"author":[{"embeddable":true,"href":"https:\/\/hub.almaschool.org\/de\/wp-json\/wp\/v2\/users\/1"}],"replies":[{"embeddable":true,"href":"https:\/\/hub.almaschool.org\/de\/wp-json\/wp\/v2\/comments?post=5548"}],"wp:featuredmedia":[{"embeddable":true,"href":"https:\/\/hub.almaschool.org\/de\/wp-json\/wp\/v2\/media\/887"}],"wp:attachment":[{"href":"https:\/\/hub.almaschool.org\/de\/wp-json\/wp\/v2\/media?parent=5548"}],"wp:term":[{"taxonomy":"product_brand","embeddable":true,"href":"https:\/\/hub.almaschool.org\/de\/wp-json\/wp\/v2\/product_brand?post=5548"},{"taxonomy":"product_cat","embeddable":true,"href":"https:\/\/hub.almaschool.org\/de\/wp-json\/wp\/v2\/product_cat?post=5548"},{"taxonomy":"product_tag","embeddable":true,"href":"https:\/\/hub.almaschool.org\/de\/wp-json\/wp\/v2\/product_tag?post=5548"}],"curies":[{"name":"wp","href":"https:\/\/api.w.org\/{rel}","templated":true}]}}