{"id":8268,"date":"2024-10-29T09:37:42","date_gmt":"2024-10-29T07:37:42","guid":{"rendered":"https:\/\/hub.almaschool.org\/?post_type=product&#038;p=8268"},"modified":"2025-07-16T11:36:29","modified_gmt":"2025-07-16T08:36:29","slug":"pay-it-forward-let-my-spirit-go-class","status":"publish","type":"product","link":"https:\/\/hub.almaschool.org\/de\/product\/pay-it-forward-let-my-spirit-go-class\/","title":{"rendered":"Pay it Forward<br>LASST MEINEN GEIST FREI! (Klasse)"},"content":{"rendered":"&#13;\n<p class=\"p1\">Um die Mission und die Leitprinzipien der Schule zu unterst\u00fctzen, bitten wir diejenigen, die finanziell dazu in der Lage sind, den Kurs \u201eLASS MEINEN GEIST FREI!\u201c zu subventionieren. Dies erm\u00f6glicht es uns, ihn zu einem reduzierten Preis f\u00fcr diejenigen anzubieten, die es sich nicht leisten k\u00f6nnen, den vollen Preis zu zahlen. <\/p>&#13;\n<p class=\"p1\">Sie k\u00f6nnen w\u00e4hlen, ob Sie im Rahmen Ihrer M\u00f6glichkeiten einen Beitrag leisten m\u00f6chten. Ein vollst\u00e4ndiger Kurs besteht aus zehn Unterrichtseinheiten. Um einen vollst\u00e4ndigen Kurs zu verschenken, w\u00e4hlen Sie bitte eine Anzahl von 10 Unterrichtseinheiten. Sie k\u00f6nnen auch eine beliebige Anzahl einzelner Unterrichtseinheiten verschenken. Die von Ihnen gekauften Unterrichtseinheiten werden an Studenten verschenkt, die finanzielle Unterst\u00fctzung ben\u00f6tigen.    <\/p>&#13;\n<p class=\"p1\">Beispiele:<\/p>&#13;\n<ul class=\"ul1\">&#13;\n<li class=\"li1\">To gift a full course, select 10 classes or one full course<\/li>&#13;\n<li class=\"li1\">To gift half a course, select 5 classes<\/li>&#13;\n<li class=\"li1\">To gift two full courses, select 20 classes or two full courses<\/li>&#13;\n<\/ul>&#13;\n<p class=\"p1\">Eine finanzielle Unterst\u00fctzung ist nicht verpflichtend, wird aber sehr gesch\u00e4tzt. Sie k\u00f6nnen Ihnen jederzeit in der Zukunft Ihre Unterst\u00fctzung anbieten, wenn sich Ihre finanzielle Situation \u00e4ndert. <\/p>&#13;\n<p class=\"p1\"><b>Bitte w\u00e4hlen Sie die Anzahl der Klassen oder Kurse zum angezeigten Setpreis.<\/b><\/p>&#13;\n","protected":false},"excerpt":{"rendered":"<p>&#13; Um die Mission und die Leitprinzipien der Schule zu unterst\u00fctzen, bitten wir diejenigen, die finanziell dazu in der Lage sind, den Kurs \u201eLASS MEINEN&hellip;<\/p>\n","protected":false},"author":1,"featured_media":2047,"comment_status":"open","ping_status":"closed","template":"","meta":[],"product_brand":[],"product_cat":[323],"product_tag":[],"class_list":{"0":"post-8268","1":"product","2":"type-product","3":"status-publish","4":"has-post-thumbnail","6":"product_cat-pay-it-forward-category-de","8":"first","9":"instock","10":"virtual","11":"purchasable","12":"product-type-simple"},"yoast_head":"<!-- This site is optimized with the Yoast SEO plugin v26.9 - https:\/\/yoast.com\/product\/yoast-seo-wordpress\/ -->\n<title>Pay it ForwardLASST MEINEN GEIST FREI! (Klasse) - Alma School for Humanity<\/title>\n<meta name=\"robots\" content=\"index, follow, max-snippet:-1, max-image-preview:large, max-video-preview:-1\" \/>\n<link rel=\"canonical\" href=\"https:\/\/hub.almaschool.org\/en\/product\/pay-it-forward-let-my-spirit-go-class\/\" \/>\n<meta property=\"og:locale\" content=\"de_DE\" \/>\n<meta property=\"og:type\" content=\"article\" \/>\n<meta property=\"og:title\" content=\"Pay it ForwardLASST MEINEN GEIST FREI! (Klasse) - Alma School for Humanity\" \/>\n<meta property=\"og:description\" content=\"&#013; Um die Mission und die Leitprinzipien der Schule zu unterst\u00fctzen, bitten wir diejenigen, die finanziell dazu in der Lage sind, den Kurs \u201eLASS MEINEN&hellip;\" \/>\n<meta property=\"og:url\" content=\"https:\/\/hub.almaschool.org\/en\/product\/pay-it-forward-let-my-spirit-go-class\/\" \/>\n<meta property=\"og:site_name\" content=\"Alma School for Humanity\" \/>\n<meta property=\"article:publisher\" content=\"https:\/\/www.facebook.com\/alma.school.en\/\" \/>\n<meta property=\"article:modified_time\" content=\"2025-07-16T08:36:29+00:00\" \/>\n<meta property=\"og:image\" content=\"https:\/\/hub.almaschool.org\/wp-content\/uploads\/2024\/04\/\u05d7\u05d3\u05e8-\u05db\u05e9\u05e8-865-x-346-\u05e4\u05d9\u05e7\u05e1\u05dc-2-1.jpg\" \/>\n\t<meta property=\"og:image:width\" content=\"865\" \/>\n\t<meta property=\"og:image:height\" content=\"346\" \/>\n\t<meta property=\"og:image:type\" content=\"image\/jpeg\" \/>\n<meta name=\"twitter:card\" content=\"summary_large_image\" \/>\n<meta name=\"twitter:label1\" content=\"Gesch\u00e4tzte Lesezeit\" \/>\n\t<meta name=\"twitter:data1\" content=\"1\u00a0Minute\" \/>\n<script type=\"application\/ld+json\" class=\"yoast-schema-graph\">{\"@context\":\"https:\/\/schema.org\",\"@graph\":[{\"@type\":\"WebPage\",\"@id\":\"https:\/\/hub.almaschool.org\/en\/product\/pay-it-forward-let-my-spirit-go-class\/\",\"url\":\"https:\/\/hub.almaschool.org\/en\/product\/pay-it-forward-let-my-spirit-go-class\/\",\"name\":\"Pay it Forward LASST MEINEN GEIST FREI! (Klasse) - Alma School for Humanity\",\"isPartOf\":{\"@id\":\"https:\/\/hub.almaschool.org\/he\/#website\"},\"primaryImageOfPage\":{\"@id\":\"https:\/\/hub.almaschool.org\/en\/product\/pay-it-forward-let-my-spirit-go-class\/#primaryimage\"},\"image\":{\"@id\":\"https:\/\/hub.almaschool.org\/en\/product\/pay-it-forward-let-my-spirit-go-class\/#primaryimage\"},\"thumbnailUrl\":\"https:\/\/hub.almaschool.org\/wp-content\/uploads\/2024\/04\/\u05d7\u05d3\u05e8-\u05db\u05e9\u05e8-865-x-346-\u05e4\u05d9\u05e7\u05e1\u05dc-2-1.jpg\",\"datePublished\":\"2024-10-29T07:37:42+00:00\",\"dateModified\":\"2025-07-16T08:36:29+00:00\",\"breadcrumb\":{\"@id\":\"https:\/\/hub.almaschool.org\/en\/product\/pay-it-forward-let-my-spirit-go-class\/#breadcrumb\"},\"inLanguage\":\"de\",\"potentialAction\":[{\"@type\":\"ReadAction\",\"target\":[\"https:\/\/hub.almaschool.org\/en\/product\/pay-it-forward-let-my-spirit-go-class\/\"]}]},{\"@type\":\"ImageObject\",\"inLanguage\":\"de\",\"@id\":\"https:\/\/hub.almaschool.org\/en\/product\/pay-it-forward-let-my-spirit-go-class\/#primaryimage\",\"url\":\"https:\/\/hub.almaschool.org\/wp-content\/uploads\/2024\/04\/\u05d7\u05d3\u05e8-\u05db\u05e9\u05e8-865-x-346-\u05e4\u05d9\u05e7\u05e1\u05dc-2-1.jpg\",\"contentUrl\":\"https:\/\/hub.almaschool.org\/wp-content\/uploads\/2024\/04\/\u05d7\u05d3\u05e8-\u05db\u05e9\u05e8-865-x-346-\u05e4\u05d9\u05e7\u05e1\u05dc-2-1.jpg\",\"width\":865,\"height\":346},{\"@type\":\"BreadcrumbList\",\"@id\":\"https:\/\/hub.almaschool.org\/en\/product\/pay-it-forward-let-my-spirit-go-class\/#breadcrumb\",\"itemListElement\":[{\"@type\":\"ListItem\",\"position\":1,\"name\":\"Home\",\"item\":\"https:\/\/hub.almaschool.org\/de\/\"},{\"@type\":\"ListItem\",\"position\":2,\"name\":\"Products\",\"item\":\"https:\/\/hub.almaschool.org\/en\/shop\/\"},{\"@type\":\"ListItem\",\"position\":3,\"name\":\"Pay it ForwardLASST MEINEN GEIST FREI! (Klasse)\"}]},{\"@type\":\"WebSite\",\"@id\":\"https:\/\/hub.almaschool.org\/he\/#website\",\"url\":\"https:\/\/hub.almaschool.org\/he\/\",\"name\":\"Alma School for Humanity\",\"description\":\"\",\"publisher\":{\"@id\":\"https:\/\/hub.almaschool.org\/he\/#organization\"},\"potentialAction\":[{\"@type\":\"SearchAction\",\"target\":{\"@type\":\"EntryPoint\",\"urlTemplate\":\"https:\/\/hub.almaschool.org\/he\/?s={search_term_string}\"},\"query-input\":{\"@type\":\"PropertyValueSpecification\",\"valueRequired\":true,\"valueName\":\"search_term_string\"}}],\"inLanguage\":\"de\"},{\"@type\":\"Organization\",\"@id\":\"https:\/\/hub.almaschool.org\/he\/#organization\",\"name\":\"Alma School for Humanity\",\"url\":\"https:\/\/hub.almaschool.org\/he\/\",\"logo\":{\"@type\":\"ImageObject\",\"inLanguage\":\"de\",\"@id\":\"https:\/\/hub.almaschool.org\/he\/#\/schema\/logo\/image\/\",\"url\":\"https:\/\/hub.almaschool.org\/wp-content\/uploads\/2024\/12\/email-logo-smaller.png\",\"contentUrl\":\"https:\/\/hub.almaschool.org\/wp-content\/uploads\/2024\/12\/email-logo-smaller.png\",\"width\":500,\"height\":177,\"caption\":\"Alma School for Humanity\"},\"image\":{\"@id\":\"https:\/\/hub.almaschool.org\/he\/#\/schema\/logo\/image\/\"},\"sameAs\":[\"https:\/\/www.facebook.com\/alma.school.en\/\",\"https:\/\/www.instagram.com\/alma.school.for.humanity\",\"https:\/\/youtube.com\/@ASFH-AlmaSchoolForHumanity\"]}]}<\/script>\n<!-- \/ Yoast SEO plugin. -->","yoast_head_json":{"title":"Pay it ForwardLASST MEINEN GEIST FREI! (Klasse) - Alma School for Humanity","robots":{"index":"index","follow":"follow","max-snippet":"max-snippet:-1","max-image-preview":"max-image-preview:large","max-video-preview":"max-video-preview:-1"},"canonical":"https:\/\/hub.almaschool.org\/en\/product\/pay-it-forward-let-my-spirit-go-class\/","og_locale":"de_DE","og_type":"article","og_title":"Pay it ForwardLASST MEINEN GEIST FREI! (Klasse) - Alma School for Humanity","og_description":"&#13; Um die Mission und die Leitprinzipien der Schule zu unterst\u00fctzen, bitten wir diejenigen, die finanziell dazu in der Lage sind, den Kurs \u201eLASS MEINEN&hellip;","og_url":"https:\/\/hub.almaschool.org\/en\/product\/pay-it-forward-let-my-spirit-go-class\/","og_site_name":"Alma School for Humanity","article_publisher":"https:\/\/www.facebook.com\/alma.school.en\/","article_modified_time":"2025-07-16T08:36:29+00:00","og_image":[{"width":865,"height":346,"url":"https:\/\/hub.almaschool.org\/wp-content\/uploads\/2024\/04\/\u05d7\u05d3\u05e8-\u05db\u05e9\u05e8-865-x-346-\u05e4\u05d9\u05e7\u05e1\u05dc-2-1.jpg","type":"image\/jpeg"}],"twitter_card":"summary_large_image","twitter_misc":{"Gesch\u00e4tzte Lesezeit":"1\u00a0Minute"},"schema":{"@context":"https:\/\/schema.org","@graph":[{"@type":"WebPage","@id":"https:\/\/hub.almaschool.org\/en\/product\/pay-it-forward-let-my-spirit-go-class\/","url":"https:\/\/hub.almaschool.org\/en\/product\/pay-it-forward-let-my-spirit-go-class\/","name":"Pay it Forward LASST MEINEN GEIST FREI! (Klasse) - Alma School for Humanity","isPartOf":{"@id":"https:\/\/hub.almaschool.org\/he\/#website"},"primaryImageOfPage":{"@id":"https:\/\/hub.almaschool.org\/en\/product\/pay-it-forward-let-my-spirit-go-class\/#primaryimage"},"image":{"@id":"https:\/\/hub.almaschool.org\/en\/product\/pay-it-forward-let-my-spirit-go-class\/#primaryimage"},"thumbnailUrl":"https:\/\/hub.almaschool.org\/wp-content\/uploads\/2024\/04\/\u05d7\u05d3\u05e8-\u05db\u05e9\u05e8-865-x-346-\u05e4\u05d9\u05e7\u05e1\u05dc-2-1.jpg","datePublished":"2024-10-29T07:37:42+00:00","dateModified":"2025-07-16T08:36:29+00:00","breadcrumb":{"@id":"https:\/\/hub.almaschool.org\/en\/product\/pay-it-forward-let-my-spirit-go-class\/#breadcrumb"},"inLanguage":"de","potentialAction":[{"@type":"ReadAction","target":["https:\/\/hub.almaschool.org\/en\/product\/pay-it-forward-let-my-spirit-go-class\/"]}]},{"@type":"ImageObject","inLanguage":"de","@id":"https:\/\/hub.almaschool.org\/en\/product\/pay-it-forward-let-my-spirit-go-class\/#primaryimage","url":"https:\/\/hub.almaschool.org\/wp-content\/uploads\/2024\/04\/\u05d7\u05d3\u05e8-\u05db\u05e9\u05e8-865-x-346-\u05e4\u05d9\u05e7\u05e1\u05dc-2-1.jpg","contentUrl":"https:\/\/hub.almaschool.org\/wp-content\/uploads\/2024\/04\/\u05d7\u05d3\u05e8-\u05db\u05e9\u05e8-865-x-346-\u05e4\u05d9\u05e7\u05e1\u05dc-2-1.jpg","width":865,"height":346},{"@type":"BreadcrumbList","@id":"https:\/\/hub.almaschool.org\/en\/product\/pay-it-forward-let-my-spirit-go-class\/#breadcrumb","itemListElement":[{"@type":"ListItem","position":1,"name":"Home","item":"https:\/\/hub.almaschool.org\/de\/"},{"@type":"ListItem","position":2,"name":"Products","item":"https:\/\/hub.almaschool.org\/en\/shop\/"},{"@type":"ListItem","position":3,"name":"Pay it ForwardLASST MEINEN GEIST FREI! (Klasse)"}]},{"@type":"WebSite","@id":"https:\/\/hub.almaschool.org\/he\/#website","url":"https:\/\/hub.almaschool.org\/he\/","name":"Alma School for Humanity","description":"","publisher":{"@id":"https:\/\/hub.almaschool.org\/he\/#organization"},"potentialAction":[{"@type":"SearchAction","target":{"@type":"EntryPoint","urlTemplate":"https:\/\/hub.almaschool.org\/he\/?s={search_term_string}"},"query-input":{"@type":"PropertyValueSpecification","valueRequired":true,"valueName":"search_term_string"}}],"inLanguage":"de"},{"@type":"Organization","@id":"https:\/\/hub.almaschool.org\/he\/#organization","name":"Alma School for Humanity","url":"https:\/\/hub.almaschool.org\/he\/","logo":{"@type":"ImageObject","inLanguage":"de","@id":"https:\/\/hub.almaschool.org\/he\/#\/schema\/logo\/image\/","url":"https:\/\/hub.almaschool.org\/wp-content\/uploads\/2024\/12\/email-logo-smaller.png","contentUrl":"https:\/\/hub.almaschool.org\/wp-content\/uploads\/2024\/12\/email-logo-smaller.png","width":500,"height":177,"caption":"Alma School for Humanity"},"image":{"@id":"https:\/\/hub.almaschool.org\/he\/#\/schema\/logo\/image\/"},"sameAs":["https:\/\/www.facebook.com\/alma.school.en\/","https:\/\/www.instagram.com\/alma.school.for.humanity","https:\/\/youtube.com\/@ASFH-AlmaSchoolForHumanity"]}]}},"_links":{"self":[{"href":"https:\/\/hub.almaschool.org\/de\/wp-json\/wp\/v2\/product\/8268","targetHints":{"allow":["GET"]}}],"collection":[{"href":"https:\/\/hub.almaschool.org\/de\/wp-json\/wp\/v2\/product"}],"about":[{"href":"https:\/\/hub.almaschool.org\/de\/wp-json\/wp\/v2\/types\/product"}],"author":[{"embeddable":true,"href":"https:\/\/hub.almaschool.org\/de\/wp-json\/wp\/v2\/users\/1"}],"replies":[{"embeddable":true,"href":"https:\/\/hub.almaschool.org\/de\/wp-json\/wp\/v2\/comments?post=8268"}],"wp:featuredmedia":[{"embeddable":true,"href":"https:\/\/hub.almaschool.org\/de\/wp-json\/wp\/v2\/media\/2047"}],"wp:attachment":[{"href":"https:\/\/hub.almaschool.org\/de\/wp-json\/wp\/v2\/media?parent=8268"}],"wp:term":[{"taxonomy":"product_brand","embeddable":true,"href":"https:\/\/hub.almaschool.org\/de\/wp-json\/wp\/v2\/product_brand?post=8268"},{"taxonomy":"product_cat","embeddable":true,"href":"https:\/\/hub.almaschool.org\/de\/wp-json\/wp\/v2\/product_cat?post=8268"},{"taxonomy":"product_tag","embeddable":true,"href":"https:\/\/hub.almaschool.org\/de\/wp-json\/wp\/v2\/product_tag?post=8268"}],"curies":[{"name":"wp","href":"https:\/\/api.w.org\/{rel}","templated":true}]}}