{"id":9595,"date":"2024-11-16T19:53:40","date_gmt":"2024-11-16T17:53:40","guid":{"rendered":"https:\/\/hub.almaschool.org\/gift-a-course\/"},"modified":"2025-10-07T12:26:43","modified_gmt":"2025-10-07T09:26:43","slug":"gift-a-course","status":"publish","type":"page","link":"https:\/\/hub.almaschool.org\/es\/gift-a-course\/","title":{"rendered":"Regala un Curso"},"content":{"rendered":"\t\t<div data-elementor-type=\"wp-page\" data-elementor-id=\"9595\" class=\"elementor elementor-9595 elementor-8910\" data-elementor-post-type=\"page\">\n\t\t\t\t<div class=\"elementor-element elementor-element-323930d5 e-con-full e-flex e-con e-parent\" data-id=\"323930d5\" data-element_type=\"container\" data-settings=\"{&quot;background_background&quot;:&quot;classic&quot;}\">\n\t\t<div class=\"elementor-element elementor-element-36245e39 e-con-full e-flex e-con e-child\" data-id=\"36245e39\" data-element_type=\"container\">\n\t\t\t\t<div class=\"elementor-element elementor-element-6aec5355 elementor-widget__width-initial elementor-widget elementor-widget-heading\" data-id=\"6aec5355\" data-element_type=\"widget\" data-widget_type=\"heading.default\">\n\t\t\t\t\t<h2 class=\"elementor-heading-title elementor-size-default\">Regala un Curso<\/h2>\t\t\t\t<\/div>\n\t\t\t\t<div class=\"elementor-element elementor-element-1afa966e elementor-hidden-tablet elementor-hidden-mobile elementor-widget elementor-widget-text-editor\" data-id=\"1afa966e\" data-element_type=\"widget\" data-widget_type=\"text-editor.default\">\n\t\t\t\t\t<div class=\"bb-theme-elementor-wrap bb-elementor-custom-color bb-elementor-custom-family bb-elementor-custom-size bb-elementor-mobile-custom-size\">\t\t\t\t<p><strong>Comparte una Experiencia Transformadora<\/strong><\/p>\t\t\t\t<\/div>\t\t\t\t<\/div>\n\t\t\t\t<\/div>\n\t\t\t\t<\/div>\n\t\t<div class=\"elementor-element elementor-element-3aa90c33 e-flex e-con-boxed e-con e-parent\" data-id=\"3aa90c33\" data-element_type=\"container\" data-settings=\"{&quot;background_background&quot;:&quot;classic&quot;}\">\n\t\t\t\t\t<div class=\"e-con-inner\">\n\t\t<div class=\"elementor-element elementor-element-29d8af26 e-con-full e-flex e-con e-child\" data-id=\"29d8af26\" data-element_type=\"container\">\n\t\t\t\t<div class=\"elementor-element elementor-element-9256ec4 elementor-hidden-desktop elementor-widget elementor-widget-text-editor\" data-id=\"9256ec4\" data-element_type=\"widget\" data-widget_type=\"text-editor.default\">\n\t\t\t\t\t<div class=\"bb-theme-elementor-wrap bb-elementor-custom-color bb-elementor-custom-family bb-elementor-custom-size\">\t\t\t\t<p><strong>Comparte una Experiencia Transformadora<\/strong><\/p>\t\t\t\t<\/div>\t\t\t\t<\/div>\n\t\t\t\t<div class=\"elementor-element elementor-element-508c53d0 elementor-widget elementor-widget-text-editor\" data-id=\"508c53d0\" data-element_type=\"widget\" data-widget_type=\"text-editor.default\">\n\t\t\t\t\t<div class=\"bb-theme-elementor-wrap bb-elementor-custom-color bb-elementor-custom-family bb-elementor-custom-size bb-elementor-custom-line-height\">\t\t\t\t<p>\u00bfQuieres dar a alguien especial un regalo significativo que podr\u00eda cambiar su vida?<br><br>Reg\u00e1lales un curso de Alma School for Humanity y comparte juntos un viaje de descubrimiento.<\/p>\t\t\t\t<\/div>\t\t\t\t<\/div>\n\t\t\t\t<div class=\"elementor-element elementor-element-4a94bd07 elementor-widget-divider--view-line elementor-widget elementor-widget-divider\" data-id=\"4a94bd07\" data-element_type=\"widget\" data-widget_type=\"divider.default\">\n\t\t\t\t\t\t\t<div class=\"elementor-divider\">\n\t\t\t<span class=\"elementor-divider-separator\">\n\t\t\t\t\t\t<\/span>\n\t\t<\/div>\n\t\t\t\t\t\t<\/div>\n\t\t\t\t<div class=\"elementor-element elementor-element-5b4086c elementor-widget elementor-widget-text-editor\" data-id=\"5b4086c\" data-element_type=\"widget\" data-widget_type=\"text-editor.default\">\n\t\t\t\t\t<div class=\"bb-theme-elementor-wrap bb-elementor-custom-color bb-elementor-custom-family bb-elementor-custom-size\">\t\t\t\t<p><strong>C\u00f3mo Funciona:<\/strong><\/p>\t\t\t\t<\/div>\t\t\t\t<\/div>\n\t\t\t\t<div class=\"elementor-element elementor-element-1388b378 elementor-icon-list--layout-traditional elementor-list-item-link-full_width elementor-widget elementor-widget-icon-list\" data-id=\"1388b378\" data-element_type=\"widget\" data-widget_type=\"icon-list.default\">\n\t\t\t\t\t\t\t<ul class=\"elementor-icon-list-items\">\n\t\t\t\t\t\t\t<li class=\"elementor-icon-list-item\">\n\t\t\t\t\t\t\t\t\t\t\t<span class=\"elementor-icon-list-icon\">\n\t\t\t\t\t\t\t<svg aria-hidden=\"true\" class=\"e-font-icon-svg e-fas-chevron-right\" viewBox=\"0 0 320 512\" xmlns=\"http:\/\/www.w3.org\/2000\/svg\"><path d=\"M285.476 272.971L91.132 467.314c-9.373 9.373-24.569 9.373-33.941 0l-22.667-22.667c-9.357-9.357-9.375-24.522-.04-33.901L188.505 256 34.484 101.255c-9.335-9.379-9.317-24.544.04-33.901l22.667-22.667c9.373-9.373 24.569-9.373 33.941 0L285.475 239.03c9.373 9.372 9.373 24.568.001 33.941z\"><\/path><\/svg>\t\t\t\t\t\t<\/span>\n\t\t\t\t\t\t\t\t\t\t<span class=\"elementor-icon-list-text\">Elige cualquier curso de nuestro plan de estudios<\/span>\n\t\t\t\t\t\t\t\t\t<\/li>\n\t\t\t\t\t\t\t\t<li class=\"elementor-icon-list-item\">\n\t\t\t\t\t\t\t\t\t\t\t<span class=\"elementor-icon-list-icon\">\n\t\t\t\t\t\t\t<svg aria-hidden=\"true\" class=\"e-font-icon-svg e-fas-chevron-right\" viewBox=\"0 0 320 512\" xmlns=\"http:\/\/www.w3.org\/2000\/svg\"><path d=\"M285.476 272.971L91.132 467.314c-9.373 9.373-24.569 9.373-33.941 0l-22.667-22.667c-9.357-9.357-9.375-24.522-.04-33.901L188.505 256 34.484 101.255c-9.335-9.379-9.317-24.544.04-33.901l22.667-22.667c9.373-9.373 24.569-9.373 33.941 0L285.475 239.03c9.373 9.372 9.373 24.568.001 33.941z\"><\/path><\/svg>\t\t\t\t\t\t<\/span>\n\t\t\t\t\t\t\t\t\t\t<span class=\"elementor-icon-list-text\">Proporciona los datos de tu destinatario (nombre, correo electr\u00f3nico y pa\u00eds de residencia)<\/span>\n\t\t\t\t\t\t\t\t\t<\/li>\n\t\t\t\t\t\t\t\t<li class=\"elementor-icon-list-item\">\n\t\t\t\t\t\t\t\t\t\t\t<span class=\"elementor-icon-list-icon\">\n\t\t\t\t\t\t\t<svg aria-hidden=\"true\" class=\"e-font-icon-svg e-fas-chevron-right\" viewBox=\"0 0 320 512\" xmlns=\"http:\/\/www.w3.org\/2000\/svg\"><path d=\"M285.476 272.971L91.132 467.314c-9.373 9.373-24.569 9.373-33.941 0l-22.667-22.667c-9.357-9.357-9.375-24.522-.04-33.901L188.505 256 34.484 101.255c-9.335-9.379-9.317-24.544.04-33.901l22.667-22.667c9.373-9.373 24.569-9.373 33.941 0L285.475 239.03c9.373 9.372 9.373 24.568.001 33.941z\"><\/path><\/svg>\t\t\t\t\t\t<\/span>\n\t\t\t\t\t\t\t\t\t\t<span class=\"elementor-icon-list-text\">A\u00f1ade un mensaje personal (opcional)<\/span>\n\t\t\t\t\t\t\t\t\t<\/li>\n\t\t\t\t\t\t\t\t<li class=\"elementor-icon-list-item\">\n\t\t\t\t\t\t\t\t\t\t\t<span class=\"elementor-icon-list-icon\">\n\t\t\t\t\t\t\t<svg aria-hidden=\"true\" class=\"e-font-icon-svg e-fas-chevron-right\" viewBox=\"0 0 320 512\" xmlns=\"http:\/\/www.w3.org\/2000\/svg\"><path d=\"M285.476 272.971L91.132 467.314c-9.373 9.373-24.569 9.373-33.941 0l-22.667-22.667c-9.357-9.357-9.375-24.522-.04-33.901L188.505 256 34.484 101.255c-9.335-9.379-9.317-24.544.04-33.901l22.667-22.667c9.373-9.373 24.569-9.373 33.941 0L285.475 239.03c9.373 9.372 9.373 24.568.001 33.941z\"><\/path><\/svg>\t\t\t\t\t\t<\/span>\n\t\t\t\t\t\t\t\t\t\t<span class=\"elementor-icon-list-text\">Completa tu compra<\/span>\n\t\t\t\t\t\t\t\t\t<\/li>\n\t\t\t\t\t\t\t\t<li class=\"elementor-icon-list-item\">\n\t\t\t\t\t\t\t\t\t\t\t<span class=\"elementor-icon-list-icon\">\n\t\t\t\t\t\t\t<svg aria-hidden=\"true\" class=\"e-font-icon-svg e-fas-chevron-right\" viewBox=\"0 0 320 512\" xmlns=\"http:\/\/www.w3.org\/2000\/svg\"><path d=\"M285.476 272.971L91.132 467.314c-9.373 9.373-24.569 9.373-33.941 0l-22.667-22.667c-9.357-9.357-9.375-24.522-.04-33.901L188.505 256 34.484 101.255c-9.335-9.379-9.317-24.544.04-33.901l22.667-22.667c9.373-9.373 24.569-9.373 33.941 0L285.475 239.03c9.373 9.372 9.373 24.568.001 33.941z\"><\/path><\/svg>\t\t\t\t\t\t<\/span>\n\t\t\t\t\t\t\t\t\t\t<span class=\"elementor-icon-list-text\">Tu destinatario recibir\u00e1 una notificaci\u00f3n por correo electr\u00f3nico y podr\u00e1 comenzar su viaje de inmediato<\/span>\n\t\t\t\t\t\t\t\t\t<\/li>\n\t\t\t\t\t\t<\/ul>\n\t\t\t\t\t\t<\/div>\n\t\t\t\t<div class=\"elementor-element elementor-element-30308aa2 elementor-widget elementor-widget-text-editor\" data-id=\"30308aa2\" data-element_type=\"widget\" data-widget_type=\"text-editor.default\">\n\t\t\t\t\t<div class=\"bb-theme-elementor-wrap bb-elementor-custom-color bb-elementor-custom-family bb-elementor-custom-size bb-elementor-mobile-custom-size\">\t\t\t\t<p>Tu considerado regalo abre la puerta a nuevos conocimientos, comprensi\u00f3n y un camino hacia el desarrollo de tu conciencia espiritual. El destinatario podr\u00e1 iniciar su experiencia de aprendizaje tan pronto como reciba la notificaci\u00f3n de su regalo. <\/p>\t\t\t\t<\/div>\t\t\t\t<\/div>\n\t\t<div class=\"elementor-element elementor-element-32b2969 e-grid e-con-full e-con e-child\" data-id=\"32b2969\" data-element_type=\"container\">\n\t\t\t\t<div class=\"elementor-element elementor-element-183635a7 elementor-widget elementor-widget-text-editor\" data-id=\"183635a7\" data-element_type=\"widget\" data-widget_type=\"text-editor.default\">\n\t\t\t\t\t<div class=\"bb-theme-elementor-wrap bb-elementor-custom-color bb-elementor-custom-family bb-elementor-custom-size\">\t\t\t\t<p><strong>\u00bfListo para Compartir?<\/strong><\/p>\t\t\t\t<\/div>\t\t\t\t<\/div>\n\t\t\t\t<\/div>\n\t\t\t\t<\/div>\n\t\t\t\t\t<\/div>\n\t\t\t\t<\/div>\n\t\t<div class=\"elementor-element elementor-element-771ef0a e-grid e-con-boxed e-con e-parent\" data-id=\"771ef0a\" data-element_type=\"container\">\n\t\t\t\t\t<div class=\"e-con-inner\">\n\t\t<div class=\"elementor-element elementor-element-d96b299 e-con-full e-flex e-con e-child\" data-id=\"d96b299\" data-element_type=\"container\" data-settings=\"{&quot;background_background&quot;:&quot;classic&quot;}\">\n\t\t\t\t<div class=\"elementor-element elementor-element-a7bcc4a elementor-widget elementor-widget-heading\" data-id=\"a7bcc4a\" data-element_type=\"widget\" data-widget_type=\"heading.default\">\n\t\t\t\t\t<h2 class=\"elementor-heading-title elementor-size-default\">\u00ab\u00a1DEJA IR MI ESP\u00cdRITU!\u00bb <\/h2>\t\t\t\t<\/div>\n\t\t\t\t<div class=\"elementor-element elementor-element-9920edd elementor-widget elementor-widget-heading\" data-id=\"9920edd\" data-element_type=\"widget\" data-widget_type=\"heading.default\">\n\t\t\t\t\t<h2 class=\"elementor-heading-title elementor-size-default\">ENTRENANDO EL ESP\u00cdRITU EN LA VIDA DIARIA<\/h2>\t\t\t\t<\/div>\n\t\t\t\t<div class=\"elementor-element elementor-element-7c08162 elementor-align-justify elementor-widget elementor-widget-button\" data-id=\"7c08162\" data-element_type=\"widget\" data-widget_type=\"button.default\">\n\t\t\t\t\t\t\t\t\t\t<a class=\"elementor-button elementor-button-link elementor-size-sm\" href=\"https:\/\/hub.almaschool.org\/es\/pasar-por-caja\/?add-to-cart=2250&#038;is_gift=yes\">\n\t\t\t\t\t\t<span class=\"elementor-button-content-wrapper\">\n\t\t\t\t\t\t\t\t\t<span class=\"elementor-button-text\">Regalar<\/span>\n\t\t\t\t\t<\/span>\n\t\t\t\t\t<\/a>\n\t\t\t\t\t\t\t\t<\/div>\n\t\t\t\t<\/div>\n\t\t<div class=\"elementor-element elementor-element-aa6e761 e-con-full e-flex e-con e-child\" data-id=\"aa6e761\" data-element_type=\"container\" data-settings=\"{&quot;background_background&quot;:&quot;classic&quot;}\">\n\t\t\t\t<div class=\"elementor-element elementor-element-f2b73a2 elementor-widget elementor-widget-heading\" data-id=\"f2b73a2\" data-element_type=\"widget\" data-widget_type=\"heading.default\">\n\t\t\t\t\t<h2 class=\"elementor-heading-title elementor-size-default\">UN NUEVO SER HUMANO. <br>UN NUEVO MUNDO. <\/h2>\t\t\t\t<\/div>\n\t\t\t\t<div class=\"elementor-element elementor-element-4b3ce33 elementor-align-justify elementor-widget elementor-widget-button\" data-id=\"4b3ce33\" data-element_type=\"widget\" data-widget_type=\"button.default\">\n\t\t\t\t\t\t\t\t\t\t<a class=\"elementor-button elementor-button-link elementor-size-sm\" href=\"https:\/\/hub.almaschool.org\/es\/pasar-por-caja\/?add-to-cart=836&#038;is_gift=yes\">\n\t\t\t\t\t\t<span class=\"elementor-button-content-wrapper\">\n\t\t\t\t\t\t\t\t\t<span class=\"elementor-button-text\">Regalar<\/span>\n\t\t\t\t\t<\/span>\n\t\t\t\t\t<\/a>\n\t\t\t\t\t\t\t\t<\/div>\n\t\t\t\t<\/div>\n\t\t\t\t\t<\/div>\n\t\t\t\t<\/div>\n\t\t\t\t<\/div>\n\t\t","protected":false},"excerpt":{"rendered":"<p>Regala un Curso Comparte una Experiencia Transformadora Comparte una Experiencia Transformadora \u00bfQuieres dar a alguien especial un regalo significativo que podr\u00eda cambiar su vida? Reg\u00e1lales&hellip;<\/p>\n","protected":false},"author":44,"featured_media":0,"parent":0,"menu_order":0,"comment_status":"closed","ping_status":"closed","template":"","meta":{"footnotes":""},"class_list":["post-9595","page","type-page","status-publish","hentry"],"yoast_head":"<!-- This site is optimized with the Yoast SEO plugin v26.9 - https:\/\/yoast.com\/product\/yoast-seo-wordpress\/ -->\n<title>Regala un Curso - Alma School for Humanity<\/title>\n<meta name=\"robots\" content=\"index, follow, max-snippet:-1, max-image-preview:large, max-video-preview:-1\" \/>\n<link rel=\"canonical\" href=\"https:\/\/hub.almaschool.org\/es\/gift-a-course\/\" \/>\n<meta property=\"og:locale\" content=\"es_ES\" \/>\n<meta property=\"og:type\" content=\"article\" \/>\n<meta property=\"og:title\" content=\"Regala un Curso - Alma School for Humanity\" \/>\n<meta property=\"og:description\" content=\"Regala un Curso Comparte una Experiencia Transformadora Comparte una Experiencia Transformadora \u00bfQuieres dar a alguien especial un regalo significativo que podr\u00eda cambiar su vida? Reg\u00e1lales&hellip;\" \/>\n<meta property=\"og:url\" content=\"https:\/\/hub.almaschool.org\/es\/gift-a-course\/\" \/>\n<meta property=\"og:site_name\" content=\"Alma School for Humanity\" \/>\n<meta property=\"article:publisher\" content=\"https:\/\/www.facebook.com\/alma.school.en\/\" \/>\n<meta property=\"article:modified_time\" content=\"2025-10-07T09:26:43+00:00\" \/>\n<meta name=\"twitter:card\" content=\"summary_large_image\" \/>\n<meta name=\"twitter:label1\" content=\"Tiempo de lectura\" \/>\n\t<meta name=\"twitter:data1\" content=\"1 minuto\" \/>\n<script type=\"application\/ld+json\" class=\"yoast-schema-graph\">{\"@context\":\"https:\/\/schema.org\",\"@graph\":[{\"@type\":\"WebPage\",\"@id\":\"https:\/\/hub.almaschool.org\/es\/gift-a-course\/\",\"url\":\"https:\/\/hub.almaschool.org\/es\/gift-a-course\/\",\"name\":\"Regala un Curso - Alma School for Humanity\",\"isPartOf\":{\"@id\":\"https:\/\/hub.almaschool.org\/he\/#website\"},\"datePublished\":\"2024-11-16T17:53:40+00:00\",\"dateModified\":\"2025-10-07T09:26:43+00:00\",\"breadcrumb\":{\"@id\":\"https:\/\/hub.almaschool.org\/es\/gift-a-course\/#breadcrumb\"},\"inLanguage\":\"es\",\"potentialAction\":[{\"@type\":\"ReadAction\",\"target\":[\"https:\/\/hub.almaschool.org\/es\/gift-a-course\/\"]}]},{\"@type\":\"BreadcrumbList\",\"@id\":\"https:\/\/hub.almaschool.org\/es\/gift-a-course\/#breadcrumb\",\"itemListElement\":[{\"@type\":\"ListItem\",\"position\":1,\"name\":\"Home\",\"item\":\"https:\/\/hub.almaschool.org\/en\/course-list\/\"},{\"@type\":\"ListItem\",\"position\":2,\"name\":\"Regala un Curso\"}]},{\"@type\":\"WebSite\",\"@id\":\"https:\/\/hub.almaschool.org\/he\/#website\",\"url\":\"https:\/\/hub.almaschool.org\/he\/\",\"name\":\"Alma School for Humanity\",\"description\":\"\",\"publisher\":{\"@id\":\"https:\/\/hub.almaschool.org\/he\/#organization\"},\"potentialAction\":[{\"@type\":\"SearchAction\",\"target\":{\"@type\":\"EntryPoint\",\"urlTemplate\":\"https:\/\/hub.almaschool.org\/he\/?s={search_term_string}\"},\"query-input\":{\"@type\":\"PropertyValueSpecification\",\"valueRequired\":true,\"valueName\":\"search_term_string\"}}],\"inLanguage\":\"es\"},{\"@type\":\"Organization\",\"@id\":\"https:\/\/hub.almaschool.org\/he\/#organization\",\"name\":\"Alma School for Humanity\",\"url\":\"https:\/\/hub.almaschool.org\/he\/\",\"logo\":{\"@type\":\"ImageObject\",\"inLanguage\":\"es\",\"@id\":\"https:\/\/hub.almaschool.org\/he\/#\/schema\/logo\/image\/\",\"url\":\"https:\/\/hub.almaschool.org\/wp-content\/uploads\/2024\/12\/email-logo-smaller.png\",\"contentUrl\":\"https:\/\/hub.almaschool.org\/wp-content\/uploads\/2024\/12\/email-logo-smaller.png\",\"width\":500,\"height\":177,\"caption\":\"Alma School for Humanity\"},\"image\":{\"@id\":\"https:\/\/hub.almaschool.org\/he\/#\/schema\/logo\/image\/\"},\"sameAs\":[\"https:\/\/www.facebook.com\/alma.school.en\/\",\"https:\/\/www.instagram.com\/alma.school.for.humanity\",\"https:\/\/youtube.com\/@ASFH-AlmaSchoolForHumanity\"]}]}<\/script>\n<!-- \/ Yoast SEO plugin. -->","yoast_head_json":{"title":"Regala un Curso - Alma School for Humanity","robots":{"index":"index","follow":"follow","max-snippet":"max-snippet:-1","max-image-preview":"max-image-preview:large","max-video-preview":"max-video-preview:-1"},"canonical":"https:\/\/hub.almaschool.org\/es\/gift-a-course\/","og_locale":"es_ES","og_type":"article","og_title":"Regala un Curso - Alma School for Humanity","og_description":"Regala un Curso Comparte una Experiencia Transformadora Comparte una Experiencia Transformadora \u00bfQuieres dar a alguien especial un regalo significativo que podr\u00eda cambiar su vida? Reg\u00e1lales&hellip;","og_url":"https:\/\/hub.almaschool.org\/es\/gift-a-course\/","og_site_name":"Alma School for Humanity","article_publisher":"https:\/\/www.facebook.com\/alma.school.en\/","article_modified_time":"2025-10-07T09:26:43+00:00","twitter_card":"summary_large_image","twitter_misc":{"Tiempo de lectura":"1 minuto"},"schema":{"@context":"https:\/\/schema.org","@graph":[{"@type":"WebPage","@id":"https:\/\/hub.almaschool.org\/es\/gift-a-course\/","url":"https:\/\/hub.almaschool.org\/es\/gift-a-course\/","name":"Regala un Curso - Alma School for Humanity","isPartOf":{"@id":"https:\/\/hub.almaschool.org\/he\/#website"},"datePublished":"2024-11-16T17:53:40+00:00","dateModified":"2025-10-07T09:26:43+00:00","breadcrumb":{"@id":"https:\/\/hub.almaschool.org\/es\/gift-a-course\/#breadcrumb"},"inLanguage":"es","potentialAction":[{"@type":"ReadAction","target":["https:\/\/hub.almaschool.org\/es\/gift-a-course\/"]}]},{"@type":"BreadcrumbList","@id":"https:\/\/hub.almaschool.org\/es\/gift-a-course\/#breadcrumb","itemListElement":[{"@type":"ListItem","position":1,"name":"Home","item":"https:\/\/hub.almaschool.org\/en\/course-list\/"},{"@type":"ListItem","position":2,"name":"Regala un Curso"}]},{"@type":"WebSite","@id":"https:\/\/hub.almaschool.org\/he\/#website","url":"https:\/\/hub.almaschool.org\/he\/","name":"Alma School for Humanity","description":"","publisher":{"@id":"https:\/\/hub.almaschool.org\/he\/#organization"},"potentialAction":[{"@type":"SearchAction","target":{"@type":"EntryPoint","urlTemplate":"https:\/\/hub.almaschool.org\/he\/?s={search_term_string}"},"query-input":{"@type":"PropertyValueSpecification","valueRequired":true,"valueName":"search_term_string"}}],"inLanguage":"es"},{"@type":"Organization","@id":"https:\/\/hub.almaschool.org\/he\/#organization","name":"Alma School for Humanity","url":"https:\/\/hub.almaschool.org\/he\/","logo":{"@type":"ImageObject","inLanguage":"es","@id":"https:\/\/hub.almaschool.org\/he\/#\/schema\/logo\/image\/","url":"https:\/\/hub.almaschool.org\/wp-content\/uploads\/2024\/12\/email-logo-smaller.png","contentUrl":"https:\/\/hub.almaschool.org\/wp-content\/uploads\/2024\/12\/email-logo-smaller.png","width":500,"height":177,"caption":"Alma School for Humanity"},"image":{"@id":"https:\/\/hub.almaschool.org\/he\/#\/schema\/logo\/image\/"},"sameAs":["https:\/\/www.facebook.com\/alma.school.en\/","https:\/\/www.instagram.com\/alma.school.for.humanity","https:\/\/youtube.com\/@ASFH-AlmaSchoolForHumanity"]}]}},"_links":{"self":[{"href":"https:\/\/hub.almaschool.org\/es\/wp-json\/wp\/v2\/pages\/9595","targetHints":{"allow":["GET"]}}],"collection":[{"href":"https:\/\/hub.almaschool.org\/es\/wp-json\/wp\/v2\/pages"}],"about":[{"href":"https:\/\/hub.almaschool.org\/es\/wp-json\/wp\/v2\/types\/page"}],"author":[{"embeddable":true,"href":"https:\/\/hub.almaschool.org\/es\/wp-json\/wp\/v2\/users\/44"}],"replies":[{"embeddable":true,"href":"https:\/\/hub.almaschool.org\/es\/wp-json\/wp\/v2\/comments?post=9595"}],"version-history":[{"count":10,"href":"https:\/\/hub.almaschool.org\/es\/wp-json\/wp\/v2\/pages\/9595\/revisions"}],"predecessor-version":[{"id":24725,"href":"https:\/\/hub.almaschool.org\/es\/wp-json\/wp\/v2\/pages\/9595\/revisions\/24725"}],"wp:attachment":[{"href":"https:\/\/hub.almaschool.org\/es\/wp-json\/wp\/v2\/media?parent=9595"}],"curies":[{"name":"wp","href":"https:\/\/api.w.org\/{rel}","templated":true}]}}