{"id":7607,"date":"2024-04-23T14:04:40","date_gmt":"2024-04-23T11:04:40","guid":{"rendered":"https:\/\/wordpress-1353367-4975723.cloudwaysapps.com\/product\/a-new-human-being-a-new-world\/"},"modified":"2025-05-12T14:47:14","modified_gmt":"2025-05-12T11:47:14","slug":"un-nuevo-ser-humano-un-nuevo-mundo","status":"publish","type":"product","link":"https:\/\/hub.almaschool.org\/es\/product\/un-nuevo-ser-humano-un-nuevo-mundo\/","title":{"rendered":"Un nuevo ser humano. Un nuevo mundo."},"content":{"rendered":"<p>Alma School for Humanity tiene un enfoque financiero \u00fanico, construido sobre tres principios fundamentales que est\u00e1n alineados con las Leyes de la Creaci\u00f3n.<\/p>\n<ul>\n<li>El primer principio: <strong>Solo dando puedes recibir.<\/strong> Seg\u00fan esta Ley de la Creaci\u00f3n, solo aquellos que dan algo pueden realmente apreciar lo que reciben.<\/li>\n<li>El segundo principio: <strong>Un jard\u00edn necesita tanto tierra como semillas para florecer<\/strong> \u2013 de manera an\u00e1loga, incluso la visi\u00f3n m\u00e1s noble requiere de combustible financiero para convertirse en realidad. Una s\u00f3lida base financiera es esencial para cualquier organizaci\u00f3n, incluyendo las de car\u00e1cter espiritual, a fin de proporcionar un servicio de calidad de manera consistente y cumplir con su misi\u00f3n. <\/li>\n<li>El tercer principio: \u00ab<strong>El SE\u00d1OR est\u00e1 cerca de todos los que lo invocan, en verdad<\/strong>.\u00bb (Salmos 145:18) Cada persona tiene un derecho innato a la Verdad, independientemente de su situaci\u00f3n financiera.<\/li>\n<\/ul>\n<p>Para leer m\u00e1s sobre Dinero y Espiritualidad \u2013 <a href=\"https:\/\/almaschool.org\/money-and-spirituality\/\" target=\"_blank\" rel=\"noopener\">haga clic aqu\u00ed.<\/a><\/p>\n<p>Para conocer los t\u00e9rminos y condiciones del curso \u2013 <a href=\"https:\/\/hub.almaschool.org\/es\/terminos-y-condiciones\/\" target=\"_blank\" rel=\"noopener\">haga clic aqu\u00ed.<\/a><\/p>\n<p>Al adoptar este modelo, nos esforzamos por hacer nuestras ense\u00f1anzas accesibles mientras aseguramos la sostenibilidad de la escuela y honramos el principio de reciprocidad en el aprendizaje.<br \/>\n<a href=\"https:\/\/almaschool.org\/money-and-spirituality\/\" target=\"_blank\" rel=\"noopener\">Obtenga m\u00e1s informaci\u00f3n sobre nuestro m\u00e9todo de fijaci\u00f3n de precios<\/a><\/p>\n","protected":false},"excerpt":{"rendered":"<p>Una serie de art\u00edculos, conferencias, pel\u00edculas y podcasts que aborda temas de actualidad, aspectos de la vida diaria como las relaciones, la paternidad, el dinero y la responsabilidad espiritual, y m\u00e1s. Adem\u00e1s, arroja luz sobre las historias b\u00edblicas como c\u00f3digos para descifrar la realidad del mundo actual desde la perspectiva del Alto Conocimiento de las Leyes de la Creaci\u00f3n.<\/p>\n<p>Para acceder a este curso, simplemente necesitas inscribirte. Una vez que hayas elegido tu precio y completado la inscripci\u00f3n, tendr\u00e1s acceso a todo el contenido del curso.<br \/>\nNuevo contenido, incluyendo conferencias y art\u00edculos, se publicar\u00e1 de manera continua. Los estudiantes registrados ser\u00e1n notificados cuando nuevas conferencias o reuniones de Zoom est\u00e9n disponibles.  <\/p>\n","protected":false},"author":1,"featured_media":896,"comment_status":"open","ping_status":"closed","template":"","meta":[],"product_brand":[],"product_cat":[124],"product_tag":[125],"class_list":{"0":"post-7607","1":"product","2":"type-product","3":"status-publish","4":"has-post-thumbnail","6":"product_cat-cursos-es","7":"product_tag-un-nuevo-ser-humano-un-mundo-nuevo","9":"first","10":"instock","11":"sold-individually","12":"shipping-taxable","13":"purchasable","14":"product-type-variable"},"yoast_head":"<!-- This site is optimized with the Yoast SEO plugin v26.9 - https:\/\/yoast.com\/product\/yoast-seo-wordpress\/ -->\n<title>Un nuevo ser humano. Un nuevo mundo. - Alma School for Humanity<\/title>\n<meta name=\"robots\" content=\"index, follow, max-snippet:-1, max-image-preview:large, max-video-preview:-1\" \/>\n<link rel=\"canonical\" href=\"https:\/\/hub.almaschool.org\/en\/product\/a-new-human-being-a-new-world\/\" \/>\n<meta property=\"og:locale\" content=\"es_ES\" \/>\n<meta property=\"og:type\" content=\"article\" \/>\n<meta property=\"og:title\" content=\"Un nuevo ser humano. Un nuevo mundo. - Alma School for Humanity\" \/>\n<meta property=\"og:description\" content=\"Una serie de art\u00edculos, conferencias, pel\u00edculas y podcasts que aborda temas de actualidad, aspectos de la vida diaria como las relaciones, la paternidad, el dinero y la responsabilidad espiritual, y m\u00e1s. Adem\u00e1s, arroja luz sobre las historias b\u00edblicas como c\u00f3digos para descifrar la realidad del mundo actual desde la perspectiva del Alto Conocimiento de las Leyes de la Creaci\u00f3n. Para acceder a este curso, simplemente necesitas inscribirte. Una vez que hayas elegido tu precio y completado la inscripci\u00f3n, tendr\u00e1s acceso a todo el contenido del curso. Nuevo contenido, incluyendo conferencias y art\u00edculos, se publicar\u00e1 de manera continua. Los estudiantes registrados ser\u00e1n notificados cuando nuevas conferencias o reuniones de Zoom est\u00e9n disponibles.\" \/>\n<meta property=\"og:url\" content=\"https:\/\/hub.almaschool.org\/en\/product\/a-new-human-being-a-new-world\/\" \/>\n<meta property=\"og:site_name\" content=\"Alma School for Humanity\" \/>\n<meta property=\"article:publisher\" content=\"https:\/\/www.facebook.com\/alma.school.en\/\" \/>\n<meta property=\"article:modified_time\" content=\"2025-05-12T11:47:14+00:00\" \/>\n<meta property=\"og:image\" content=\"https:\/\/hub.almaschool.org\/wp-content\/uploads\/2024\/03\/Untitled_Artwork-1-e1684786177174.jpeg\" \/>\n\t<meta property=\"og:image:width\" content=\"2275\" \/>\n\t<meta property=\"og:image:height\" content=\"1253\" \/>\n\t<meta property=\"og:image:type\" content=\"image\/jpeg\" \/>\n<meta name=\"twitter:card\" content=\"summary_large_image\" \/>\n<meta name=\"twitter:label1\" content=\"Tiempo de lectura\" \/>\n\t<meta name=\"twitter:data1\" content=\"1 minuto\" \/>\n<script type=\"application\/ld+json\" class=\"yoast-schema-graph\">{\"@context\":\"https:\/\/schema.org\",\"@graph\":[{\"@type\":\"WebPage\",\"@id\":\"https:\/\/hub.almaschool.org\/en\/product\/a-new-human-being-a-new-world\/\",\"url\":\"https:\/\/hub.almaschool.org\/en\/product\/a-new-human-being-a-new-world\/\",\"name\":\"Un nuevo ser humano. Un nuevo mundo. - Alma School for Humanity\",\"isPartOf\":{\"@id\":\"https:\/\/hub.almaschool.org\/he\/#website\"},\"primaryImageOfPage\":{\"@id\":\"https:\/\/hub.almaschool.org\/en\/product\/a-new-human-being-a-new-world\/#primaryimage\"},\"image\":{\"@id\":\"https:\/\/hub.almaschool.org\/en\/product\/a-new-human-being-a-new-world\/#primaryimage\"},\"thumbnailUrl\":\"https:\/\/hub.almaschool.org\/wp-content\/uploads\/2024\/03\/Untitled_Artwork-1-e1684786177174.jpeg\",\"datePublished\":\"2024-04-23T11:04:40+00:00\",\"dateModified\":\"2025-05-12T11:47:14+00:00\",\"breadcrumb\":{\"@id\":\"https:\/\/hub.almaschool.org\/en\/product\/a-new-human-being-a-new-world\/#breadcrumb\"},\"inLanguage\":\"es\",\"potentialAction\":[{\"@type\":\"ReadAction\",\"target\":[\"https:\/\/hub.almaschool.org\/en\/product\/a-new-human-being-a-new-world\/\"]}]},{\"@type\":\"ImageObject\",\"inLanguage\":\"es\",\"@id\":\"https:\/\/hub.almaschool.org\/en\/product\/a-new-human-being-a-new-world\/#primaryimage\",\"url\":\"https:\/\/hub.almaschool.org\/wp-content\/uploads\/2024\/03\/Untitled_Artwork-1-e1684786177174.jpeg\",\"contentUrl\":\"https:\/\/hub.almaschool.org\/wp-content\/uploads\/2024\/03\/Untitled_Artwork-1-e1684786177174.jpeg\",\"width\":2275,\"height\":1253},{\"@type\":\"BreadcrumbList\",\"@id\":\"https:\/\/hub.almaschool.org\/en\/product\/a-new-human-being-a-new-world\/#breadcrumb\",\"itemListElement\":[{\"@type\":\"ListItem\",\"position\":1,\"name\":\"Home\",\"item\":\"https:\/\/hub.almaschool.org\/en\/course-list\/\"},{\"@type\":\"ListItem\",\"position\":2,\"name\":\"Products\",\"item\":\"https:\/\/hub.almaschool.org\/en\/shop\/\"},{\"@type\":\"ListItem\",\"position\":3,\"name\":\"Un nuevo ser humano. Un nuevo mundo.\"}]},{\"@type\":\"WebSite\",\"@id\":\"https:\/\/hub.almaschool.org\/he\/#website\",\"url\":\"https:\/\/hub.almaschool.org\/he\/\",\"name\":\"Alma School for Humanity\",\"description\":\"\",\"publisher\":{\"@id\":\"https:\/\/hub.almaschool.org\/he\/#organization\"},\"potentialAction\":[{\"@type\":\"SearchAction\",\"target\":{\"@type\":\"EntryPoint\",\"urlTemplate\":\"https:\/\/hub.almaschool.org\/he\/?s={search_term_string}\"},\"query-input\":{\"@type\":\"PropertyValueSpecification\",\"valueRequired\":true,\"valueName\":\"search_term_string\"}}],\"inLanguage\":\"es\"},{\"@type\":\"Organization\",\"@id\":\"https:\/\/hub.almaschool.org\/he\/#organization\",\"name\":\"Alma School for Humanity\",\"url\":\"https:\/\/hub.almaschool.org\/he\/\",\"logo\":{\"@type\":\"ImageObject\",\"inLanguage\":\"es\",\"@id\":\"https:\/\/hub.almaschool.org\/he\/#\/schema\/logo\/image\/\",\"url\":\"https:\/\/hub.almaschool.org\/wp-content\/uploads\/2024\/12\/email-logo-smaller.png\",\"contentUrl\":\"https:\/\/hub.almaschool.org\/wp-content\/uploads\/2024\/12\/email-logo-smaller.png\",\"width\":500,\"height\":177,\"caption\":\"Alma School for Humanity\"},\"image\":{\"@id\":\"https:\/\/hub.almaschool.org\/he\/#\/schema\/logo\/image\/\"},\"sameAs\":[\"https:\/\/www.facebook.com\/alma.school.en\/\",\"https:\/\/www.instagram.com\/alma.school.for.humanity\",\"https:\/\/youtube.com\/@ASFH-AlmaSchoolForHumanity\"]}]}<\/script>\n<!-- \/ Yoast SEO plugin. -->","yoast_head_json":{"title":"Un nuevo ser humano. Un nuevo mundo. - Alma School for Humanity","robots":{"index":"index","follow":"follow","max-snippet":"max-snippet:-1","max-image-preview":"max-image-preview:large","max-video-preview":"max-video-preview:-1"},"canonical":"https:\/\/hub.almaschool.org\/en\/product\/a-new-human-being-a-new-world\/","og_locale":"es_ES","og_type":"article","og_title":"Un nuevo ser humano. Un nuevo mundo. - Alma School for Humanity","og_description":"Una serie de art\u00edculos, conferencias, pel\u00edculas y podcasts que aborda temas de actualidad, aspectos de la vida diaria como las relaciones, la paternidad, el dinero y la responsabilidad espiritual, y m\u00e1s. Adem\u00e1s, arroja luz sobre las historias b\u00edblicas como c\u00f3digos para descifrar la realidad del mundo actual desde la perspectiva del Alto Conocimiento de las Leyes de la Creaci\u00f3n. Para acceder a este curso, simplemente necesitas inscribirte. Una vez que hayas elegido tu precio y completado la inscripci\u00f3n, tendr\u00e1s acceso a todo el contenido del curso. Nuevo contenido, incluyendo conferencias y art\u00edculos, se publicar\u00e1 de manera continua. Los estudiantes registrados ser\u00e1n notificados cuando nuevas conferencias o reuniones de Zoom est\u00e9n disponibles.","og_url":"https:\/\/hub.almaschool.org\/en\/product\/a-new-human-being-a-new-world\/","og_site_name":"Alma School for Humanity","article_publisher":"https:\/\/www.facebook.com\/alma.school.en\/","article_modified_time":"2025-05-12T11:47:14+00:00","og_image":[{"width":2275,"height":1253,"url":"https:\/\/hub.almaschool.org\/wp-content\/uploads\/2024\/03\/Untitled_Artwork-1-e1684786177174.jpeg","type":"image\/jpeg"}],"twitter_card":"summary_large_image","twitter_misc":{"Tiempo de lectura":"1 minuto"},"schema":{"@context":"https:\/\/schema.org","@graph":[{"@type":"WebPage","@id":"https:\/\/hub.almaschool.org\/en\/product\/a-new-human-being-a-new-world\/","url":"https:\/\/hub.almaschool.org\/en\/product\/a-new-human-being-a-new-world\/","name":"Un nuevo ser humano. Un nuevo mundo. - Alma School for Humanity","isPartOf":{"@id":"https:\/\/hub.almaschool.org\/he\/#website"},"primaryImageOfPage":{"@id":"https:\/\/hub.almaschool.org\/en\/product\/a-new-human-being-a-new-world\/#primaryimage"},"image":{"@id":"https:\/\/hub.almaschool.org\/en\/product\/a-new-human-being-a-new-world\/#primaryimage"},"thumbnailUrl":"https:\/\/hub.almaschool.org\/wp-content\/uploads\/2024\/03\/Untitled_Artwork-1-e1684786177174.jpeg","datePublished":"2024-04-23T11:04:40+00:00","dateModified":"2025-05-12T11:47:14+00:00","breadcrumb":{"@id":"https:\/\/hub.almaschool.org\/en\/product\/a-new-human-being-a-new-world\/#breadcrumb"},"inLanguage":"es","potentialAction":[{"@type":"ReadAction","target":["https:\/\/hub.almaschool.org\/en\/product\/a-new-human-being-a-new-world\/"]}]},{"@type":"ImageObject","inLanguage":"es","@id":"https:\/\/hub.almaschool.org\/en\/product\/a-new-human-being-a-new-world\/#primaryimage","url":"https:\/\/hub.almaschool.org\/wp-content\/uploads\/2024\/03\/Untitled_Artwork-1-e1684786177174.jpeg","contentUrl":"https:\/\/hub.almaschool.org\/wp-content\/uploads\/2024\/03\/Untitled_Artwork-1-e1684786177174.jpeg","width":2275,"height":1253},{"@type":"BreadcrumbList","@id":"https:\/\/hub.almaschool.org\/en\/product\/a-new-human-being-a-new-world\/#breadcrumb","itemListElement":[{"@type":"ListItem","position":1,"name":"Home","item":"https:\/\/hub.almaschool.org\/en\/course-list\/"},{"@type":"ListItem","position":2,"name":"Products","item":"https:\/\/hub.almaschool.org\/en\/shop\/"},{"@type":"ListItem","position":3,"name":"Un nuevo ser humano. Un nuevo mundo."}]},{"@type":"WebSite","@id":"https:\/\/hub.almaschool.org\/he\/#website","url":"https:\/\/hub.almaschool.org\/he\/","name":"Alma School for Humanity","description":"","publisher":{"@id":"https:\/\/hub.almaschool.org\/he\/#organization"},"potentialAction":[{"@type":"SearchAction","target":{"@type":"EntryPoint","urlTemplate":"https:\/\/hub.almaschool.org\/he\/?s={search_term_string}"},"query-input":{"@type":"PropertyValueSpecification","valueRequired":true,"valueName":"search_term_string"}}],"inLanguage":"es"},{"@type":"Organization","@id":"https:\/\/hub.almaschool.org\/he\/#organization","name":"Alma School for Humanity","url":"https:\/\/hub.almaschool.org\/he\/","logo":{"@type":"ImageObject","inLanguage":"es","@id":"https:\/\/hub.almaschool.org\/he\/#\/schema\/logo\/image\/","url":"https:\/\/hub.almaschool.org\/wp-content\/uploads\/2024\/12\/email-logo-smaller.png","contentUrl":"https:\/\/hub.almaschool.org\/wp-content\/uploads\/2024\/12\/email-logo-smaller.png","width":500,"height":177,"caption":"Alma School for Humanity"},"image":{"@id":"https:\/\/hub.almaschool.org\/he\/#\/schema\/logo\/image\/"},"sameAs":["https:\/\/www.facebook.com\/alma.school.en\/","https:\/\/www.instagram.com\/alma.school.for.humanity","https:\/\/youtube.com\/@ASFH-AlmaSchoolForHumanity"]}]}},"_links":{"self":[{"href":"https:\/\/hub.almaschool.org\/es\/wp-json\/wp\/v2\/product\/7607","targetHints":{"allow":["GET"]}}],"collection":[{"href":"https:\/\/hub.almaschool.org\/es\/wp-json\/wp\/v2\/product"}],"about":[{"href":"https:\/\/hub.almaschool.org\/es\/wp-json\/wp\/v2\/types\/product"}],"author":[{"embeddable":true,"href":"https:\/\/hub.almaschool.org\/es\/wp-json\/wp\/v2\/users\/1"}],"replies":[{"embeddable":true,"href":"https:\/\/hub.almaschool.org\/es\/wp-json\/wp\/v2\/comments?post=7607"}],"wp:featuredmedia":[{"embeddable":true,"href":"https:\/\/hub.almaschool.org\/es\/wp-json\/wp\/v2\/media\/896"}],"wp:attachment":[{"href":"https:\/\/hub.almaschool.org\/es\/wp-json\/wp\/v2\/media?parent=7607"}],"wp:term":[{"taxonomy":"product_brand","embeddable":true,"href":"https:\/\/hub.almaschool.org\/es\/wp-json\/wp\/v2\/product_brand?post=7607"},{"taxonomy":"product_cat","embeddable":true,"href":"https:\/\/hub.almaschool.org\/es\/wp-json\/wp\/v2\/product_cat?post=7607"},{"taxonomy":"product_tag","embeddable":true,"href":"https:\/\/hub.almaschool.org\/es\/wp-json\/wp\/v2\/product_tag?post=7607"}],"curies":[{"name":"wp","href":"https:\/\/api.w.org\/{rel}","templated":true}]}}