{"id":8983,"date":"2024-08-08T17:15:27","date_gmt":"2024-08-08T14:15:27","guid":{"rendered":"https:\/\/hub.almaschool.org\/product\/let-my-spirit-go-pay-it-forward\/"},"modified":"2025-07-16T11:23:57","modified_gmt":"2025-07-16T08:23:57","slug":"let-my-spirit-go-pay-it-forward","status":"publish","type":"product","link":"https:\/\/hub.almaschool.org\/es\/product\/let-my-spirit-go-pay-it-forward\/","title":{"rendered":"Paga por el siguiente <br>\u00a1LET MY SPIRIT GO! (Curso)"},"content":{"rendered":"&#13;\n<p class=\"p1\">Para apoyar la misi\u00f3n y los principios rectores de la escuela, pedimos a aquellos que tienen capacidad econ\u00f3mica que ayuden a subvencionar el curso \u201c\u00a1DEJA IR A MI ESP\u00cdRITU!\u201d. Esto nos permite ofrecerlo a un precio reducido a aquellos que no pueden permitirse pagar el precio completo. <\/p>&#13;\n<p class=\"p1\">Puede optar por pagar por adelantado a un nivel adecuado para usted. Un curso completo consta de diez clases. Para regalar un curso completo, seleccione una cantidad de 10 clases. Tambi\u00e9n puede optar por regalar cualquier n\u00famero de clases individuales. Las clases que compre se regalar\u00e1n a los estudiantes que necesiten ayuda econ\u00f3mica.    <\/p>&#13;\n<p class=\"p1\">Ejemplos:<\/p>&#13;\n<ul class=\"ul1\">&#13;\n<li class=\"li1\">To gift a full course, select 10 classes or one full course<\/li>&#13;\n<li class=\"li1\">To gift half a course, select 5 classes<\/li>&#13;\n<li class=\"li1\">To gift two full courses, select 20 classes or two full courses<\/li>&#13;\n<\/ul>&#13;\n<p class=\"p1\">El apoyo financiero no es obligatorio, pero es muy apreciado. Puede ofrecer su apoyo en cualquier momento en el futuro si su situaci\u00f3n financiera cambia. <\/p>&#13;\n<p class=\"p1\"><b>Por favor, elija la cantidad de clases o cursos al precio establecido que se muestra.<\/b><\/p>&#13;\n","protected":false},"excerpt":{"rendered":"<p>&#13; Para apoyar la misi\u00f3n y los principios rectores de la escuela, pedimos a aquellos que tienen capacidad econ\u00f3mica que ayuden a subvencionar el curso&hellip;<\/p>\n","protected":false},"author":1,"featured_media":2026,"comment_status":"open","ping_status":"closed","template":"","meta":[],"product_brand":[],"product_cat":[322],"product_tag":[],"class_list":{"0":"post-8983","1":"product","2":"type-product","3":"status-publish","4":"has-post-thumbnail","6":"product_cat-pay-it-forward-category-es","8":"first","9":"instock","10":"virtual","11":"purchasable","12":"product-type-simple"},"yoast_head":"<!-- This site is optimized with the Yoast SEO plugin v26.9 - https:\/\/yoast.com\/product\/yoast-seo-wordpress\/ -->\n<title>Paga por el siguiente \u00a1LET MY SPIRIT GO! (Curso) - Alma School for Humanity<\/title>\n<meta name=\"robots\" content=\"index, follow, max-snippet:-1, max-image-preview:large, max-video-preview:-1\" \/>\n<link rel=\"canonical\" href=\"https:\/\/hub.almaschool.org\/en\/product\/let-my-spirit-go-pay-it-forward\/\" \/>\n<meta property=\"og:locale\" content=\"es_ES\" \/>\n<meta property=\"og:type\" content=\"article\" \/>\n<meta property=\"og:title\" content=\"Paga por el siguiente \u00a1LET MY SPIRIT GO! (Curso) - Alma School for Humanity\" \/>\n<meta property=\"og:description\" content=\"&#013; Para apoyar la misi\u00f3n y los principios rectores de la escuela, pedimos a aquellos que tienen capacidad econ\u00f3mica que ayuden a subvencionar el curso&hellip;\" \/>\n<meta property=\"og:url\" content=\"https:\/\/hub.almaschool.org\/en\/product\/let-my-spirit-go-pay-it-forward\/\" \/>\n<meta property=\"og:site_name\" content=\"Alma School for Humanity\" \/>\n<meta property=\"article:publisher\" content=\"https:\/\/www.facebook.com\/alma.school.en\/\" \/>\n<meta property=\"article:modified_time\" content=\"2025-07-16T08:23:57+00:00\" \/>\n<meta property=\"og:image\" content=\"https:\/\/hub.almaschool.org\/wp-content\/uploads\/2024\/04\/\u05d7\u05d3\u05e8-\u05db\u05e9\u05e8-865-x-346-\u05e4\u05d9\u05e7\u05e1\u05dc-2-1.jpg\" \/>\n\t<meta property=\"og:image:width\" content=\"865\" \/>\n\t<meta property=\"og:image:height\" content=\"346\" \/>\n\t<meta property=\"og:image:type\" content=\"image\/jpeg\" \/>\n<meta name=\"twitter:card\" content=\"summary_large_image\" \/>\n<meta name=\"twitter:label1\" content=\"Tiempo de lectura\" \/>\n\t<meta name=\"twitter:data1\" content=\"1 minuto\" \/>\n<script type=\"application\/ld+json\" class=\"yoast-schema-graph\">{\"@context\":\"https:\/\/schema.org\",\"@graph\":[{\"@type\":\"WebPage\",\"@id\":\"https:\/\/hub.almaschool.org\/en\/product\/let-my-spirit-go-pay-it-forward\/\",\"url\":\"https:\/\/hub.almaschool.org\/en\/product\/let-my-spirit-go-pay-it-forward\/\",\"name\":\"Paga por el siguiente \u00a1LET MY SPIRIT GO! (Curso) - Alma School for Humanity\",\"isPartOf\":{\"@id\":\"https:\/\/hub.almaschool.org\/he\/#website\"},\"primaryImageOfPage\":{\"@id\":\"https:\/\/hub.almaschool.org\/en\/product\/let-my-spirit-go-pay-it-forward\/#primaryimage\"},\"image\":{\"@id\":\"https:\/\/hub.almaschool.org\/en\/product\/let-my-spirit-go-pay-it-forward\/#primaryimage\"},\"thumbnailUrl\":\"https:\/\/hub.almaschool.org\/wp-content\/uploads\/2024\/04\/\u05d7\u05d3\u05e8-\u05db\u05e9\u05e8-865-x-346-\u05e4\u05d9\u05e7\u05e1\u05dc-2-1.jpg\",\"datePublished\":\"2024-08-08T14:15:27+00:00\",\"dateModified\":\"2025-07-16T08:23:57+00:00\",\"breadcrumb\":{\"@id\":\"https:\/\/hub.almaschool.org\/en\/product\/let-my-spirit-go-pay-it-forward\/#breadcrumb\"},\"inLanguage\":\"es\",\"potentialAction\":[{\"@type\":\"ReadAction\",\"target\":[\"https:\/\/hub.almaschool.org\/en\/product\/let-my-spirit-go-pay-it-forward\/\"]}]},{\"@type\":\"ImageObject\",\"inLanguage\":\"es\",\"@id\":\"https:\/\/hub.almaschool.org\/en\/product\/let-my-spirit-go-pay-it-forward\/#primaryimage\",\"url\":\"https:\/\/hub.almaschool.org\/wp-content\/uploads\/2024\/04\/\u05d7\u05d3\u05e8-\u05db\u05e9\u05e8-865-x-346-\u05e4\u05d9\u05e7\u05e1\u05dc-2-1.jpg\",\"contentUrl\":\"https:\/\/hub.almaschool.org\/wp-content\/uploads\/2024\/04\/\u05d7\u05d3\u05e8-\u05db\u05e9\u05e8-865-x-346-\u05e4\u05d9\u05e7\u05e1\u05dc-2-1.jpg\",\"width\":865,\"height\":346},{\"@type\":\"BreadcrumbList\",\"@id\":\"https:\/\/hub.almaschool.org\/en\/product\/let-my-spirit-go-pay-it-forward\/#breadcrumb\",\"itemListElement\":[{\"@type\":\"ListItem\",\"position\":1,\"name\":\"Home\",\"item\":\"https:\/\/hub.almaschool.org\/es\/\"},{\"@type\":\"ListItem\",\"position\":2,\"name\":\"Products\",\"item\":\"https:\/\/hub.almaschool.org\/en\/shop\/\"},{\"@type\":\"ListItem\",\"position\":3,\"name\":\"Paga por el siguiente \u00a1LET MY SPIRIT GO! (Curso)\"}]},{\"@type\":\"WebSite\",\"@id\":\"https:\/\/hub.almaschool.org\/he\/#website\",\"url\":\"https:\/\/hub.almaschool.org\/he\/\",\"name\":\"Alma School for Humanity\",\"description\":\"\",\"publisher\":{\"@id\":\"https:\/\/hub.almaschool.org\/he\/#organization\"},\"potentialAction\":[{\"@type\":\"SearchAction\",\"target\":{\"@type\":\"EntryPoint\",\"urlTemplate\":\"https:\/\/hub.almaschool.org\/he\/?s={search_term_string}\"},\"query-input\":{\"@type\":\"PropertyValueSpecification\",\"valueRequired\":true,\"valueName\":\"search_term_string\"}}],\"inLanguage\":\"es\"},{\"@type\":\"Organization\",\"@id\":\"https:\/\/hub.almaschool.org\/he\/#organization\",\"name\":\"Alma School for Humanity\",\"url\":\"https:\/\/hub.almaschool.org\/he\/\",\"logo\":{\"@type\":\"ImageObject\",\"inLanguage\":\"es\",\"@id\":\"https:\/\/hub.almaschool.org\/he\/#\/schema\/logo\/image\/\",\"url\":\"https:\/\/hub.almaschool.org\/wp-content\/uploads\/2024\/12\/email-logo-smaller.png\",\"contentUrl\":\"https:\/\/hub.almaschool.org\/wp-content\/uploads\/2024\/12\/email-logo-smaller.png\",\"width\":500,\"height\":177,\"caption\":\"Alma School for Humanity\"},\"image\":{\"@id\":\"https:\/\/hub.almaschool.org\/he\/#\/schema\/logo\/image\/\"},\"sameAs\":[\"https:\/\/www.facebook.com\/alma.school.en\/\",\"https:\/\/www.instagram.com\/alma.school.for.humanity\",\"https:\/\/youtube.com\/@ASFH-AlmaSchoolForHumanity\"]}]}<\/script>\n<!-- \/ Yoast SEO plugin. -->","yoast_head_json":{"title":"Paga por el siguiente \u00a1LET MY SPIRIT GO! (Curso) - Alma School for Humanity","robots":{"index":"index","follow":"follow","max-snippet":"max-snippet:-1","max-image-preview":"max-image-preview:large","max-video-preview":"max-video-preview:-1"},"canonical":"https:\/\/hub.almaschool.org\/en\/product\/let-my-spirit-go-pay-it-forward\/","og_locale":"es_ES","og_type":"article","og_title":"Paga por el siguiente \u00a1LET MY SPIRIT GO! (Curso) - Alma School for Humanity","og_description":"&#13; Para apoyar la misi\u00f3n y los principios rectores de la escuela, pedimos a aquellos que tienen capacidad econ\u00f3mica que ayuden a subvencionar el curso&hellip;","og_url":"https:\/\/hub.almaschool.org\/en\/product\/let-my-spirit-go-pay-it-forward\/","og_site_name":"Alma School for Humanity","article_publisher":"https:\/\/www.facebook.com\/alma.school.en\/","article_modified_time":"2025-07-16T08:23:57+00:00","og_image":[{"width":865,"height":346,"url":"https:\/\/hub.almaschool.org\/wp-content\/uploads\/2024\/04\/\u05d7\u05d3\u05e8-\u05db\u05e9\u05e8-865-x-346-\u05e4\u05d9\u05e7\u05e1\u05dc-2-1.jpg","type":"image\/jpeg"}],"twitter_card":"summary_large_image","twitter_misc":{"Tiempo de lectura":"1 minuto"},"schema":{"@context":"https:\/\/schema.org","@graph":[{"@type":"WebPage","@id":"https:\/\/hub.almaschool.org\/en\/product\/let-my-spirit-go-pay-it-forward\/","url":"https:\/\/hub.almaschool.org\/en\/product\/let-my-spirit-go-pay-it-forward\/","name":"Paga por el siguiente \u00a1LET MY SPIRIT GO! (Curso) - Alma School for Humanity","isPartOf":{"@id":"https:\/\/hub.almaschool.org\/he\/#website"},"primaryImageOfPage":{"@id":"https:\/\/hub.almaschool.org\/en\/product\/let-my-spirit-go-pay-it-forward\/#primaryimage"},"image":{"@id":"https:\/\/hub.almaschool.org\/en\/product\/let-my-spirit-go-pay-it-forward\/#primaryimage"},"thumbnailUrl":"https:\/\/hub.almaschool.org\/wp-content\/uploads\/2024\/04\/\u05d7\u05d3\u05e8-\u05db\u05e9\u05e8-865-x-346-\u05e4\u05d9\u05e7\u05e1\u05dc-2-1.jpg","datePublished":"2024-08-08T14:15:27+00:00","dateModified":"2025-07-16T08:23:57+00:00","breadcrumb":{"@id":"https:\/\/hub.almaschool.org\/en\/product\/let-my-spirit-go-pay-it-forward\/#breadcrumb"},"inLanguage":"es","potentialAction":[{"@type":"ReadAction","target":["https:\/\/hub.almaschool.org\/en\/product\/let-my-spirit-go-pay-it-forward\/"]}]},{"@type":"ImageObject","inLanguage":"es","@id":"https:\/\/hub.almaschool.org\/en\/product\/let-my-spirit-go-pay-it-forward\/#primaryimage","url":"https:\/\/hub.almaschool.org\/wp-content\/uploads\/2024\/04\/\u05d7\u05d3\u05e8-\u05db\u05e9\u05e8-865-x-346-\u05e4\u05d9\u05e7\u05e1\u05dc-2-1.jpg","contentUrl":"https:\/\/hub.almaschool.org\/wp-content\/uploads\/2024\/04\/\u05d7\u05d3\u05e8-\u05db\u05e9\u05e8-865-x-346-\u05e4\u05d9\u05e7\u05e1\u05dc-2-1.jpg","width":865,"height":346},{"@type":"BreadcrumbList","@id":"https:\/\/hub.almaschool.org\/en\/product\/let-my-spirit-go-pay-it-forward\/#breadcrumb","itemListElement":[{"@type":"ListItem","position":1,"name":"Home","item":"https:\/\/hub.almaschool.org\/es\/"},{"@type":"ListItem","position":2,"name":"Products","item":"https:\/\/hub.almaschool.org\/en\/shop\/"},{"@type":"ListItem","position":3,"name":"Paga por el siguiente \u00a1LET MY SPIRIT GO! (Curso)"}]},{"@type":"WebSite","@id":"https:\/\/hub.almaschool.org\/he\/#website","url":"https:\/\/hub.almaschool.org\/he\/","name":"Alma School for Humanity","description":"","publisher":{"@id":"https:\/\/hub.almaschool.org\/he\/#organization"},"potentialAction":[{"@type":"SearchAction","target":{"@type":"EntryPoint","urlTemplate":"https:\/\/hub.almaschool.org\/he\/?s={search_term_string}"},"query-input":{"@type":"PropertyValueSpecification","valueRequired":true,"valueName":"search_term_string"}}],"inLanguage":"es"},{"@type":"Organization","@id":"https:\/\/hub.almaschool.org\/he\/#organization","name":"Alma School for Humanity","url":"https:\/\/hub.almaschool.org\/he\/","logo":{"@type":"ImageObject","inLanguage":"es","@id":"https:\/\/hub.almaschool.org\/he\/#\/schema\/logo\/image\/","url":"https:\/\/hub.almaschool.org\/wp-content\/uploads\/2024\/12\/email-logo-smaller.png","contentUrl":"https:\/\/hub.almaschool.org\/wp-content\/uploads\/2024\/12\/email-logo-smaller.png","width":500,"height":177,"caption":"Alma School for Humanity"},"image":{"@id":"https:\/\/hub.almaschool.org\/he\/#\/schema\/logo\/image\/"},"sameAs":["https:\/\/www.facebook.com\/alma.school.en\/","https:\/\/www.instagram.com\/alma.school.for.humanity","https:\/\/youtube.com\/@ASFH-AlmaSchoolForHumanity"]}]}},"_links":{"self":[{"href":"https:\/\/hub.almaschool.org\/es\/wp-json\/wp\/v2\/product\/8983","targetHints":{"allow":["GET"]}}],"collection":[{"href":"https:\/\/hub.almaschool.org\/es\/wp-json\/wp\/v2\/product"}],"about":[{"href":"https:\/\/hub.almaschool.org\/es\/wp-json\/wp\/v2\/types\/product"}],"author":[{"embeddable":true,"href":"https:\/\/hub.almaschool.org\/es\/wp-json\/wp\/v2\/users\/1"}],"replies":[{"embeddable":true,"href":"https:\/\/hub.almaschool.org\/es\/wp-json\/wp\/v2\/comments?post=8983"}],"wp:featuredmedia":[{"embeddable":true,"href":"https:\/\/hub.almaschool.org\/es\/wp-json\/wp\/v2\/media\/2026"}],"wp:attachment":[{"href":"https:\/\/hub.almaschool.org\/es\/wp-json\/wp\/v2\/media?parent=8983"}],"wp:term":[{"taxonomy":"product_brand","embeddable":true,"href":"https:\/\/hub.almaschool.org\/es\/wp-json\/wp\/v2\/product_brand?post=8983"},{"taxonomy":"product_cat","embeddable":true,"href":"https:\/\/hub.almaschool.org\/es\/wp-json\/wp\/v2\/product_cat?post=8983"},{"taxonomy":"product_tag","embeddable":true,"href":"https:\/\/hub.almaschool.org\/es\/wp-json\/wp\/v2\/product_tag?post=8983"}],"curies":[{"name":"wp","href":"https:\/\/api.w.org\/{rel}","templated":true}]}}