{"id":5387,"date":"2024-04-23T14:04:40","date_gmt":"2024-04-23T11:04:40","guid":{"rendered":"https:\/\/wordpress-1353367-4975723.cloudwaysapps.com\/product\/un-nouveau-homme-un-nouveau-monde\/"},"modified":"2025-05-12T14:38:10","modified_gmt":"2025-05-12T11:38:10","slug":"un-nouveau-homme-un-nouveau-monde","status":"publish","type":"product","link":"https:\/\/hub.almaschool.org\/fr\/produit\/un-nouveau-homme-un-nouveau-monde\/","title":{"rendered":"Un nouvel \u00eatre humain. Un nouveau monde."},"content":{"rendered":"<p>Alma School for Humanity a une approche financi\u00e8re unique, fond\u00e9e sur trois principes fondamentaux align\u00e9s sur les lois de la cr\u00e9ation.<\/p>\n<ul>\n<li>Le premier principe : <strong>Ce n&rsquo;est qu&rsquo;en donnant que vous pouvez recevoir<\/strong> \u2013 selon cette Loi de la Cr\u00e9ation, seuls ceux qui donnent quelque chose peuvent vraiment appr\u00e9cier ce qu&rsquo;ils re\u00e7oivent.<\/li>\n<li>Le deuxi\u00e8me principe : <strong>Un jardin n\u00e9cessite \u00e0 la fois du sol et des graines pour s&rsquo;\u00e9panouir<\/strong> \u2013 de m\u00eame, m\u00eame la vision la plus noble requiert un carburant financier pour devenir r\u00e9alit\u00e9. Une assise financi\u00e8re solide est essentielle pour toute organisation, y compris celles de nature spirituelle, afin de fournir un service de qualit\u00e9 de mani\u00e8re constante et d&rsquo;accomplir sa mission. <\/li>\n<li>Le troisi\u00e8me principe : \u201c<strong>Le SEIGNEUR est proche de tous ceux qui l&rsquo;invoquent, en v\u00e9rit\u00e9<\/strong>.\u201d (Psaumes 145:18) Chaque personne a un droit inn\u00e9 \u00e0 la V\u00e9rit\u00e9, quelle que soit sa situation financi\u00e8re.<\/li>\n<\/ul>\n<p>Pour en savoir davantage sur l&rsquo;Argent et la Spiritualit\u00e9 \u2013 <a href=\"https:\/\/almaschool.org\/money-and-spirituality\/\" target=\"_blank\" rel=\"noopener\">veuillez cliquer ici.<\/a><\/p>\n<p>Pour les conditions g\u00e9n\u00e9rales du cours \u2013 <a href=\"https:\/\/hub.almaschool.org\/fr\/conditions-generales\/\" target=\"_blank\" rel=\"noopener\">veuillez cliquer ici.<\/a><\/p>\n<p>En adoptant ce mod\u00e8le, nous nous effor\u00e7ons de rendre nos enseignements accessibles tout en assurant la durabilit\u00e9 de l&rsquo;\u00e9cole et en honorant le principe de r\u00e9ciprocit\u00e9 dans l&rsquo;apprentissage.<br \/>\n<a href=\"https:\/\/almaschool.org\/money-and-spirituality\/\" target=\"_blank\" rel=\"noopener\">En savoir plus sur notre m\u00e9thode de tarification<\/a><\/p>\n","protected":false},"excerpt":{"rendered":"<p>Une s\u00e9rie d\u2019articles, de conf\u00e9rences, de films et de podcasts qui abordent les \u00e9v\u00e8nements actuels, des sujets de la vie quotidienne tels que les relations, la parentalit\u00e9, l\u2019argent et la responsabilit\u00e9 spirituelle, et plus encore, et qui mettent en lumi\u00e8re les histoires bibliques comme des codes pour d\u00e9chiffrer la r\u00e9alit\u00e9 du monde d\u2019aujourd\u2019hui du point de vue de la Haute Connaissance des Lois de la Cr\u00e9ation.<\/p>\n<p>Pour acc\u00e9der \u00e0 ce cours, il vous suffit de vous inscrire. Une fois que vous aurez choisi votre tarif et finalis\u00e9 votre inscription, vous aurez acc\u00e8s \u00e0 l&rsquo;int\u00e9gralit\u00e9 du contenu du cours.<br \/>\nDe nouveaux contenus, incluant des conf\u00e9rences et des articles, seront publi\u00e9s de mani\u00e8re continue. Les \u00e9tudiants inscrits seront inform\u00e9s lorsque de nouvelles conf\u00e9rences ou r\u00e9unions Zoom seront disponibles.  <\/p>\n","protected":false},"author":1,"featured_media":157,"comment_status":"open","ping_status":"closed","template":"","meta":[],"product_brand":[],"product_cat":[111],"product_tag":[112],"class_list":{"0":"post-5387","1":"product","2":"type-product","3":"status-publish","4":"has-post-thumbnail","6":"product_cat-cours","7":"product_tag-un-nouvel-etre-humain-un-nouveau-monde","9":"first","10":"instock","11":"sold-individually","12":"shipping-taxable","13":"purchasable","14":"product-type-variable"},"yoast_head":"<!-- This site is optimized with the Yoast SEO plugin v26.9 - https:\/\/yoast.com\/product\/yoast-seo-wordpress\/ -->\n<title>Un nouvel \u00eatre humain. Un nouveau monde. - Alma School for Humanity<\/title>\n<meta name=\"robots\" content=\"index, follow, max-snippet:-1, max-image-preview:large, max-video-preview:-1\" \/>\n<link rel=\"canonical\" href=\"https:\/\/hub.almaschool.org\/en\/product\/a-new-human-being-a-new-world\/\" \/>\n<meta property=\"og:locale\" content=\"fr_FR\" \/>\n<meta property=\"og:type\" content=\"article\" \/>\n<meta property=\"og:title\" content=\"Un nouvel \u00eatre humain. Un nouveau monde. - Alma School for Humanity\" \/>\n<meta property=\"og:description\" content=\"Une s\u00e9rie d\u2019articles, de conf\u00e9rences, de films et de podcasts qui abordent les \u00e9v\u00e8nements actuels, des sujets de la vie quotidienne tels que les relations, la parentalit\u00e9, l\u2019argent et la responsabilit\u00e9 spirituelle, et plus encore, et qui mettent en lumi\u00e8re les histoires bibliques comme des codes pour d\u00e9chiffrer la r\u00e9alit\u00e9 du monde d\u2019aujourd\u2019hui du point de vue de la Haute Connaissance des Lois de la Cr\u00e9ation. Pour acc\u00e9der \u00e0 ce cours, il vous suffit de vous inscrire. Une fois que vous aurez choisi votre tarif et finalis\u00e9 votre inscription, vous aurez acc\u00e8s \u00e0 l&#039;int\u00e9gralit\u00e9 du contenu du cours. De nouveaux contenus, incluant des conf\u00e9rences et des articles, seront publi\u00e9s de mani\u00e8re continue. Les \u00e9tudiants inscrits seront inform\u00e9s lorsque de nouvelles conf\u00e9rences ou r\u00e9unions Zoom seront disponibles.\" \/>\n<meta property=\"og:url\" content=\"https:\/\/hub.almaschool.org\/en\/product\/a-new-human-being-a-new-world\/\" \/>\n<meta property=\"og:site_name\" content=\"Alma School for Humanity\" \/>\n<meta property=\"article:publisher\" content=\"https:\/\/www.facebook.com\/alma.school.en\/\" \/>\n<meta property=\"article:modified_time\" content=\"2025-05-12T11:38:10+00:00\" \/>\n<meta property=\"og:image\" content=\"https:\/\/hub.almaschool.org\/wp-content\/uploads\/2024\/03\/Untitled_Artwork-1-e1684786177174.jpeg\" \/>\n\t<meta property=\"og:image:width\" content=\"2275\" \/>\n\t<meta property=\"og:image:height\" content=\"1253\" \/>\n\t<meta property=\"og:image:type\" content=\"image\/jpeg\" \/>\n<meta name=\"twitter:card\" content=\"summary_large_image\" \/>\n<meta name=\"twitter:label1\" content=\"Dur\u00e9e de lecture estim\u00e9e\" \/>\n\t<meta name=\"twitter:data1\" content=\"1 minute\" \/>\n<script type=\"application\/ld+json\" class=\"yoast-schema-graph\">{\"@context\":\"https:\/\/schema.org\",\"@graph\":[{\"@type\":\"WebPage\",\"@id\":\"https:\/\/hub.almaschool.org\/en\/product\/a-new-human-being-a-new-world\/\",\"url\":\"https:\/\/hub.almaschool.org\/en\/product\/a-new-human-being-a-new-world\/\",\"name\":\"Un nouvel \u00eatre humain. Un nouveau monde. - Alma School for Humanity\",\"isPartOf\":{\"@id\":\"https:\/\/hub.almaschool.org\/he\/#website\"},\"primaryImageOfPage\":{\"@id\":\"https:\/\/hub.almaschool.org\/en\/product\/a-new-human-being-a-new-world\/#primaryimage\"},\"image\":{\"@id\":\"https:\/\/hub.almaschool.org\/en\/product\/a-new-human-being-a-new-world\/#primaryimage\"},\"thumbnailUrl\":\"https:\/\/hub.almaschool.org\/wp-content\/uploads\/2024\/03\/Untitled_Artwork-1-e1684786177174.jpeg\",\"datePublished\":\"2024-04-23T11:04:40+00:00\",\"dateModified\":\"2025-05-12T11:38:10+00:00\",\"breadcrumb\":{\"@id\":\"https:\/\/hub.almaschool.org\/en\/product\/a-new-human-being-a-new-world\/#breadcrumb\"},\"inLanguage\":\"fr-FR\",\"potentialAction\":[{\"@type\":\"ReadAction\",\"target\":[\"https:\/\/hub.almaschool.org\/en\/product\/a-new-human-being-a-new-world\/\"]}]},{\"@type\":\"ImageObject\",\"inLanguage\":\"fr-FR\",\"@id\":\"https:\/\/hub.almaschool.org\/en\/product\/a-new-human-being-a-new-world\/#primaryimage\",\"url\":\"https:\/\/hub.almaschool.org\/wp-content\/uploads\/2024\/03\/Untitled_Artwork-1-e1684786177174.jpeg\",\"contentUrl\":\"https:\/\/hub.almaschool.org\/wp-content\/uploads\/2024\/03\/Untitled_Artwork-1-e1684786177174.jpeg\",\"width\":2275,\"height\":1253},{\"@type\":\"BreadcrumbList\",\"@id\":\"https:\/\/hub.almaschool.org\/en\/product\/a-new-human-being-a-new-world\/#breadcrumb\",\"itemListElement\":[{\"@type\":\"ListItem\",\"position\":1,\"name\":\"Home\",\"item\":\"https:\/\/hub.almaschool.org\/fr\/\"},{\"@type\":\"ListItem\",\"position\":2,\"name\":\"Products\",\"item\":\"https:\/\/hub.almaschool.org\/en\/shop\/\"},{\"@type\":\"ListItem\",\"position\":3,\"name\":\"Un nouvel \u00eatre humain. Un nouveau monde.\"}]},{\"@type\":\"WebSite\",\"@id\":\"https:\/\/hub.almaschool.org\/he\/#website\",\"url\":\"https:\/\/hub.almaschool.org\/he\/\",\"name\":\"Alma School for Humanity\",\"description\":\"\",\"publisher\":{\"@id\":\"https:\/\/hub.almaschool.org\/he\/#organization\"},\"potentialAction\":[{\"@type\":\"SearchAction\",\"target\":{\"@type\":\"EntryPoint\",\"urlTemplate\":\"https:\/\/hub.almaschool.org\/he\/?s={search_term_string}\"},\"query-input\":{\"@type\":\"PropertyValueSpecification\",\"valueRequired\":true,\"valueName\":\"search_term_string\"}}],\"inLanguage\":\"fr-FR\"},{\"@type\":\"Organization\",\"@id\":\"https:\/\/hub.almaschool.org\/he\/#organization\",\"name\":\"Alma School for Humanity\",\"url\":\"https:\/\/hub.almaschool.org\/he\/\",\"logo\":{\"@type\":\"ImageObject\",\"inLanguage\":\"fr-FR\",\"@id\":\"https:\/\/hub.almaschool.org\/he\/#\/schema\/logo\/image\/\",\"url\":\"https:\/\/hub.almaschool.org\/wp-content\/uploads\/2024\/12\/email-logo-smaller.png\",\"contentUrl\":\"https:\/\/hub.almaschool.org\/wp-content\/uploads\/2024\/12\/email-logo-smaller.png\",\"width\":500,\"height\":177,\"caption\":\"Alma School for Humanity\"},\"image\":{\"@id\":\"https:\/\/hub.almaschool.org\/he\/#\/schema\/logo\/image\/\"},\"sameAs\":[\"https:\/\/www.facebook.com\/alma.school.en\/\",\"https:\/\/www.instagram.com\/alma.school.for.humanity\",\"https:\/\/youtube.com\/@ASFH-AlmaSchoolForHumanity\"]}]}<\/script>\n<!-- \/ Yoast SEO plugin. -->","yoast_head_json":{"title":"Un nouvel \u00eatre humain. Un nouveau monde. - Alma School for Humanity","robots":{"index":"index","follow":"follow","max-snippet":"max-snippet:-1","max-image-preview":"max-image-preview:large","max-video-preview":"max-video-preview:-1"},"canonical":"https:\/\/hub.almaschool.org\/en\/product\/a-new-human-being-a-new-world\/","og_locale":"fr_FR","og_type":"article","og_title":"Un nouvel \u00eatre humain. Un nouveau monde. - Alma School for Humanity","og_description":"Une s\u00e9rie d\u2019articles, de conf\u00e9rences, de films et de podcasts qui abordent les \u00e9v\u00e8nements actuels, des sujets de la vie quotidienne tels que les relations, la parentalit\u00e9, l\u2019argent et la responsabilit\u00e9 spirituelle, et plus encore, et qui mettent en lumi\u00e8re les histoires bibliques comme des codes pour d\u00e9chiffrer la r\u00e9alit\u00e9 du monde d\u2019aujourd\u2019hui du point de vue de la Haute Connaissance des Lois de la Cr\u00e9ation. Pour acc\u00e9der \u00e0 ce cours, il vous suffit de vous inscrire. Une fois que vous aurez choisi votre tarif et finalis\u00e9 votre inscription, vous aurez acc\u00e8s \u00e0 l'int\u00e9gralit\u00e9 du contenu du cours. De nouveaux contenus, incluant des conf\u00e9rences et des articles, seront publi\u00e9s de mani\u00e8re continue. Les \u00e9tudiants inscrits seront inform\u00e9s lorsque de nouvelles conf\u00e9rences ou r\u00e9unions Zoom seront disponibles.","og_url":"https:\/\/hub.almaschool.org\/en\/product\/a-new-human-being-a-new-world\/","og_site_name":"Alma School for Humanity","article_publisher":"https:\/\/www.facebook.com\/alma.school.en\/","article_modified_time":"2025-05-12T11:38:10+00:00","og_image":[{"width":2275,"height":1253,"url":"https:\/\/hub.almaschool.org\/wp-content\/uploads\/2024\/03\/Untitled_Artwork-1-e1684786177174.jpeg","type":"image\/jpeg"}],"twitter_card":"summary_large_image","twitter_misc":{"Dur\u00e9e de lecture estim\u00e9e":"1 minute"},"schema":{"@context":"https:\/\/schema.org","@graph":[{"@type":"WebPage","@id":"https:\/\/hub.almaschool.org\/en\/product\/a-new-human-being-a-new-world\/","url":"https:\/\/hub.almaschool.org\/en\/product\/a-new-human-being-a-new-world\/","name":"Un nouvel \u00eatre humain. Un nouveau monde. - Alma School for Humanity","isPartOf":{"@id":"https:\/\/hub.almaschool.org\/he\/#website"},"primaryImageOfPage":{"@id":"https:\/\/hub.almaschool.org\/en\/product\/a-new-human-being-a-new-world\/#primaryimage"},"image":{"@id":"https:\/\/hub.almaschool.org\/en\/product\/a-new-human-being-a-new-world\/#primaryimage"},"thumbnailUrl":"https:\/\/hub.almaschool.org\/wp-content\/uploads\/2024\/03\/Untitled_Artwork-1-e1684786177174.jpeg","datePublished":"2024-04-23T11:04:40+00:00","dateModified":"2025-05-12T11:38:10+00:00","breadcrumb":{"@id":"https:\/\/hub.almaschool.org\/en\/product\/a-new-human-being-a-new-world\/#breadcrumb"},"inLanguage":"fr-FR","potentialAction":[{"@type":"ReadAction","target":["https:\/\/hub.almaschool.org\/en\/product\/a-new-human-being-a-new-world\/"]}]},{"@type":"ImageObject","inLanguage":"fr-FR","@id":"https:\/\/hub.almaschool.org\/en\/product\/a-new-human-being-a-new-world\/#primaryimage","url":"https:\/\/hub.almaschool.org\/wp-content\/uploads\/2024\/03\/Untitled_Artwork-1-e1684786177174.jpeg","contentUrl":"https:\/\/hub.almaschool.org\/wp-content\/uploads\/2024\/03\/Untitled_Artwork-1-e1684786177174.jpeg","width":2275,"height":1253},{"@type":"BreadcrumbList","@id":"https:\/\/hub.almaschool.org\/en\/product\/a-new-human-being-a-new-world\/#breadcrumb","itemListElement":[{"@type":"ListItem","position":1,"name":"Home","item":"https:\/\/hub.almaschool.org\/fr\/"},{"@type":"ListItem","position":2,"name":"Products","item":"https:\/\/hub.almaschool.org\/en\/shop\/"},{"@type":"ListItem","position":3,"name":"Un nouvel \u00eatre humain. Un nouveau monde."}]},{"@type":"WebSite","@id":"https:\/\/hub.almaschool.org\/he\/#website","url":"https:\/\/hub.almaschool.org\/he\/","name":"Alma School for Humanity","description":"","publisher":{"@id":"https:\/\/hub.almaschool.org\/he\/#organization"},"potentialAction":[{"@type":"SearchAction","target":{"@type":"EntryPoint","urlTemplate":"https:\/\/hub.almaschool.org\/he\/?s={search_term_string}"},"query-input":{"@type":"PropertyValueSpecification","valueRequired":true,"valueName":"search_term_string"}}],"inLanguage":"fr-FR"},{"@type":"Organization","@id":"https:\/\/hub.almaschool.org\/he\/#organization","name":"Alma School for Humanity","url":"https:\/\/hub.almaschool.org\/he\/","logo":{"@type":"ImageObject","inLanguage":"fr-FR","@id":"https:\/\/hub.almaschool.org\/he\/#\/schema\/logo\/image\/","url":"https:\/\/hub.almaschool.org\/wp-content\/uploads\/2024\/12\/email-logo-smaller.png","contentUrl":"https:\/\/hub.almaschool.org\/wp-content\/uploads\/2024\/12\/email-logo-smaller.png","width":500,"height":177,"caption":"Alma School for Humanity"},"image":{"@id":"https:\/\/hub.almaschool.org\/he\/#\/schema\/logo\/image\/"},"sameAs":["https:\/\/www.facebook.com\/alma.school.en\/","https:\/\/www.instagram.com\/alma.school.for.humanity","https:\/\/youtube.com\/@ASFH-AlmaSchoolForHumanity"]}]}},"_links":{"self":[{"href":"https:\/\/hub.almaschool.org\/fr\/wp-json\/wp\/v2\/product\/5387","targetHints":{"allow":["GET"]}}],"collection":[{"href":"https:\/\/hub.almaschool.org\/fr\/wp-json\/wp\/v2\/product"}],"about":[{"href":"https:\/\/hub.almaschool.org\/fr\/wp-json\/wp\/v2\/types\/product"}],"author":[{"embeddable":true,"href":"https:\/\/hub.almaschool.org\/fr\/wp-json\/wp\/v2\/users\/1"}],"replies":[{"embeddable":true,"href":"https:\/\/hub.almaschool.org\/fr\/wp-json\/wp\/v2\/comments?post=5387"}],"wp:featuredmedia":[{"embeddable":true,"href":"https:\/\/hub.almaschool.org\/fr\/wp-json\/wp\/v2\/media\/157"}],"wp:attachment":[{"href":"https:\/\/hub.almaschool.org\/fr\/wp-json\/wp\/v2\/media?parent=5387"}],"wp:term":[{"taxonomy":"product_brand","embeddable":true,"href":"https:\/\/hub.almaschool.org\/fr\/wp-json\/wp\/v2\/product_brand?post=5387"},{"taxonomy":"product_cat","embeddable":true,"href":"https:\/\/hub.almaschool.org\/fr\/wp-json\/wp\/v2\/product_cat?post=5387"},{"taxonomy":"product_tag","embeddable":true,"href":"https:\/\/hub.almaschool.org\/fr\/wp-json\/wp\/v2\/product_tag?post=5387"}],"curies":[{"name":"wp","href":"https:\/\/api.w.org\/{rel}","templated":true}]}}