{"id":8988,"date":"2024-08-08T17:15:27","date_gmt":"2024-08-08T14:15:27","guid":{"rendered":"https:\/\/hub.almaschool.org\/product\/let-my-spirit-go-pay-it-forward\/"},"modified":"2025-07-16T13:02:47","modified_gmt":"2025-07-16T10:02:47","slug":"let-my-spirit-go-pay-it-forward","status":"publish","type":"product","link":"https:\/\/hub.almaschool.org\/fr\/produit\/let-my-spirit-go-pay-it-forward\/","title":{"rendered":"Contribuer Pour Les Suivants<br>LIB\u00c9REZ MON ESPRIT ! (Cours)"},"content":{"rendered":"&#13;\n<p class=\"p1\">Pour soutenir la mission et les principes directeurs de l&rsquo;\u00e9cole, nous demandons \u00e0 ceux qui en ont les moyens financiers d&rsquo;aider \u00e0 subventionner le cours \u00ab LIB\u00c9REZ MON ESPRIT ! \u00bb Cela nous permet de l&rsquo;offrir \u00e0 un tarif r\u00e9duit \u00e0 ceux qui ne peuvent pas payer le prix complet. <\/p>&#13;\n<p class=\"p1\">Vous pouvez choisir de payer au niveau qui vous convient. Un cours complet comprend dix s\u00e9ances. Pour offrir un cours complet, veuillez s\u00e9lectionner une quantit\u00e9 de 10 s\u00e9ances. Vous pouvez \u00e9galement choisir d&rsquo;offrir n&rsquo;importe quel nombre de s\u00e9ances individuelles. Les s\u00e9ances que vous achetez seront offertes aux \u00e9tudiants ayant besoin d&rsquo;une aide financi\u00e8re.    <\/p>&#13;\n<p class=\"p1\">Exemples:<\/p>&#13;\n<ul class=\"ul1\">&#13;\n<li class=\"li1\">To gift a full course, select 10 classes or one full course<\/li>&#13;\n<li class=\"li1\">To gift half a course, select 5 classes<\/li>&#13;\n<li class=\"li1\">To gift two full courses, select 20 classes or two full courses<\/li>&#13;\n<\/ul>&#13;\n<p class=\"p1\">Le soutien financier n\u2019est pas obligatoire mais est grandement appr\u00e9ci\u00e9. Vous pouvez offrir votre soutien \u00e0 tout moment \u00e0 l\u2019avenir si votre situation financi\u00e8re change. <\/p>&#13;\n<p class=\"p1\"><b>Veuillez choisir la quantit\u00e9 de cours ou de cours au prix affich\u00e9 et fix\u00e9.<\/b><\/p>&#13;\n","protected":false},"excerpt":{"rendered":"<p>&#13; Pour soutenir la mission et les principes directeurs de l&rsquo;\u00e9cole, nous demandons \u00e0 ceux qui en ont les moyens financiers d&rsquo;aider \u00e0 subventionner le&hellip;<\/p>\n","protected":false},"author":1,"featured_media":641,"comment_status":"open","ping_status":"closed","template":"","meta":[],"product_brand":[],"product_cat":[324],"product_tag":[],"class_list":{"0":"post-8988","1":"product","2":"type-product","3":"status-publish","4":"has-post-thumbnail","6":"product_cat-pay-it-forward-category-fr","8":"first","9":"instock","10":"virtual","11":"purchasable","12":"product-type-simple"},"yoast_head":"<!-- This site is optimized with the Yoast SEO plugin v26.9 - https:\/\/yoast.com\/product\/yoast-seo-wordpress\/ -->\n<title>Contribuer Pour Les SuivantsLIB\u00c9REZ MON ESPRIT ! (Cours) - Alma School for Humanity<\/title>\n<meta name=\"robots\" content=\"index, follow, max-snippet:-1, max-image-preview:large, max-video-preview:-1\" \/>\n<link rel=\"canonical\" href=\"https:\/\/hub.almaschool.org\/fr\/produit\/let-my-spirit-go-pay-it-forward\/\" \/>\n<meta property=\"og:locale\" content=\"fr_FR\" \/>\n<meta property=\"og:type\" content=\"article\" \/>\n<meta property=\"og:title\" content=\"Contribuer Pour Les SuivantsLIB\u00c9REZ MON ESPRIT ! (Cours) - Alma School for Humanity\" \/>\n<meta property=\"og:description\" content=\"&#013; Pour soutenir la mission et les principes directeurs de l&rsquo;\u00e9cole, nous demandons \u00e0 ceux qui en ont les moyens financiers d&rsquo;aider \u00e0 subventionner le&hellip;\" \/>\n<meta property=\"og:url\" content=\"https:\/\/hub.almaschool.org\/fr\/produit\/let-my-spirit-go-pay-it-forward\/\" \/>\n<meta property=\"og:site_name\" content=\"Alma School for Humanity\" \/>\n<meta property=\"article:publisher\" content=\"https:\/\/www.facebook.com\/alma.school.en\/\" \/>\n<meta property=\"article:modified_time\" content=\"2025-07-16T10:02:47+00:00\" \/>\n<meta property=\"og:image\" content=\"https:\/\/hub.almaschool.org\/wp-content\/uploads\/2024\/04\/\u05d7\u05d3\u05e8-\u05db\u05e9\u05e8-865-x-346-\u05e4\u05d9\u05e7\u05e1\u05dc-2-1.jpg\" \/>\n\t<meta property=\"og:image:width\" content=\"865\" \/>\n\t<meta property=\"og:image:height\" content=\"346\" \/>\n\t<meta property=\"og:image:type\" content=\"image\/jpeg\" \/>\n<meta name=\"twitter:card\" content=\"summary_large_image\" \/>\n<meta name=\"twitter:label1\" content=\"Dur\u00e9e de lecture estim\u00e9e\" \/>\n\t<meta name=\"twitter:data1\" content=\"1 minute\" \/>\n<script type=\"application\/ld+json\" class=\"yoast-schema-graph\">{\"@context\":\"https:\/\/schema.org\",\"@graph\":[{\"@type\":\"WebPage\",\"@id\":\"https:\/\/hub.almaschool.org\/fr\/produit\/let-my-spirit-go-pay-it-forward\/\",\"url\":\"https:\/\/hub.almaschool.org\/fr\/produit\/let-my-spirit-go-pay-it-forward\/\",\"name\":\"Contribuer Pour Les Suivants LIB\u00c9REZ MON ESPRIT ! (Cours) - Alma School for Humanity\",\"isPartOf\":{\"@id\":\"https:\/\/hub.almaschool.org\/he\/#website\"},\"primaryImageOfPage\":{\"@id\":\"https:\/\/hub.almaschool.org\/fr\/produit\/let-my-spirit-go-pay-it-forward\/#primaryimage\"},\"image\":{\"@id\":\"https:\/\/hub.almaschool.org\/fr\/produit\/let-my-spirit-go-pay-it-forward\/#primaryimage\"},\"thumbnailUrl\":\"https:\/\/hub.almaschool.org\/wp-content\/uploads\/2024\/04\/\u05d7\u05d3\u05e8-\u05db\u05e9\u05e8-865-x-346-\u05e4\u05d9\u05e7\u05e1\u05dc-2-1.jpg\",\"datePublished\":\"2024-08-08T14:15:27+00:00\",\"dateModified\":\"2025-07-16T10:02:47+00:00\",\"breadcrumb\":{\"@id\":\"https:\/\/hub.almaschool.org\/fr\/produit\/let-my-spirit-go-pay-it-forward\/#breadcrumb\"},\"inLanguage\":\"fr-FR\",\"potentialAction\":[{\"@type\":\"ReadAction\",\"target\":[\"https:\/\/hub.almaschool.org\/fr\/produit\/let-my-spirit-go-pay-it-forward\/\"]}]},{\"@type\":\"ImageObject\",\"inLanguage\":\"fr-FR\",\"@id\":\"https:\/\/hub.almaschool.org\/fr\/produit\/let-my-spirit-go-pay-it-forward\/#primaryimage\",\"url\":\"https:\/\/hub.almaschool.org\/wp-content\/uploads\/2024\/04\/\u05d7\u05d3\u05e8-\u05db\u05e9\u05e8-865-x-346-\u05e4\u05d9\u05e7\u05e1\u05dc-2-1.jpg\",\"contentUrl\":\"https:\/\/hub.almaschool.org\/wp-content\/uploads\/2024\/04\/\u05d7\u05d3\u05e8-\u05db\u05e9\u05e8-865-x-346-\u05e4\u05d9\u05e7\u05e1\u05dc-2-1.jpg\",\"width\":865,\"height\":346},{\"@type\":\"BreadcrumbList\",\"@id\":\"https:\/\/hub.almaschool.org\/fr\/produit\/let-my-spirit-go-pay-it-forward\/#breadcrumb\",\"itemListElement\":[{\"@type\":\"ListItem\",\"position\":1,\"name\":\"Home\",\"item\":\"https:\/\/hub.almaschool.org\/fr\/\"},{\"@type\":\"ListItem\",\"position\":2,\"name\":\"Products\",\"item\":\"https:\/\/hub.almaschool.org\/en\/shop\/\"},{\"@type\":\"ListItem\",\"position\":3,\"name\":\"Contribuer Pour Les SuivantsLIB\u00c9REZ MON ESPRIT ! (Cours)\"}]},{\"@type\":\"WebSite\",\"@id\":\"https:\/\/hub.almaschool.org\/he\/#website\",\"url\":\"https:\/\/hub.almaschool.org\/he\/\",\"name\":\"Alma School for Humanity\",\"description\":\"\",\"publisher\":{\"@id\":\"https:\/\/hub.almaschool.org\/he\/#organization\"},\"potentialAction\":[{\"@type\":\"SearchAction\",\"target\":{\"@type\":\"EntryPoint\",\"urlTemplate\":\"https:\/\/hub.almaschool.org\/he\/?s={search_term_string}\"},\"query-input\":{\"@type\":\"PropertyValueSpecification\",\"valueRequired\":true,\"valueName\":\"search_term_string\"}}],\"inLanguage\":\"fr-FR\"},{\"@type\":\"Organization\",\"@id\":\"https:\/\/hub.almaschool.org\/he\/#organization\",\"name\":\"Alma School for Humanity\",\"url\":\"https:\/\/hub.almaschool.org\/he\/\",\"logo\":{\"@type\":\"ImageObject\",\"inLanguage\":\"fr-FR\",\"@id\":\"https:\/\/hub.almaschool.org\/he\/#\/schema\/logo\/image\/\",\"url\":\"https:\/\/hub.almaschool.org\/wp-content\/uploads\/2024\/12\/email-logo-smaller.png\",\"contentUrl\":\"https:\/\/hub.almaschool.org\/wp-content\/uploads\/2024\/12\/email-logo-smaller.png\",\"width\":500,\"height\":177,\"caption\":\"Alma School for Humanity\"},\"image\":{\"@id\":\"https:\/\/hub.almaschool.org\/he\/#\/schema\/logo\/image\/\"},\"sameAs\":[\"https:\/\/www.facebook.com\/alma.school.en\/\",\"https:\/\/www.instagram.com\/alma.school.for.humanity\",\"https:\/\/youtube.com\/@ASFH-AlmaSchoolForHumanity\"]}]}<\/script>\n<!-- \/ Yoast SEO plugin. -->","yoast_head_json":{"title":"Contribuer Pour Les SuivantsLIB\u00c9REZ MON ESPRIT ! (Cours) - Alma School for Humanity","robots":{"index":"index","follow":"follow","max-snippet":"max-snippet:-1","max-image-preview":"max-image-preview:large","max-video-preview":"max-video-preview:-1"},"canonical":"https:\/\/hub.almaschool.org\/fr\/produit\/let-my-spirit-go-pay-it-forward\/","og_locale":"fr_FR","og_type":"article","og_title":"Contribuer Pour Les SuivantsLIB\u00c9REZ MON ESPRIT ! (Cours) - Alma School for Humanity","og_description":"&#13; Pour soutenir la mission et les principes directeurs de l&rsquo;\u00e9cole, nous demandons \u00e0 ceux qui en ont les moyens financiers d&rsquo;aider \u00e0 subventionner le&hellip;","og_url":"https:\/\/hub.almaschool.org\/fr\/produit\/let-my-spirit-go-pay-it-forward\/","og_site_name":"Alma School for Humanity","article_publisher":"https:\/\/www.facebook.com\/alma.school.en\/","article_modified_time":"2025-07-16T10:02:47+00:00","og_image":[{"width":865,"height":346,"url":"https:\/\/hub.almaschool.org\/wp-content\/uploads\/2024\/04\/\u05d7\u05d3\u05e8-\u05db\u05e9\u05e8-865-x-346-\u05e4\u05d9\u05e7\u05e1\u05dc-2-1.jpg","type":"image\/jpeg"}],"twitter_card":"summary_large_image","twitter_misc":{"Dur\u00e9e de lecture estim\u00e9e":"1 minute"},"schema":{"@context":"https:\/\/schema.org","@graph":[{"@type":"WebPage","@id":"https:\/\/hub.almaschool.org\/fr\/produit\/let-my-spirit-go-pay-it-forward\/","url":"https:\/\/hub.almaschool.org\/fr\/produit\/let-my-spirit-go-pay-it-forward\/","name":"Contribuer Pour Les Suivants LIB\u00c9REZ MON ESPRIT ! (Cours) - Alma School for Humanity","isPartOf":{"@id":"https:\/\/hub.almaschool.org\/he\/#website"},"primaryImageOfPage":{"@id":"https:\/\/hub.almaschool.org\/fr\/produit\/let-my-spirit-go-pay-it-forward\/#primaryimage"},"image":{"@id":"https:\/\/hub.almaschool.org\/fr\/produit\/let-my-spirit-go-pay-it-forward\/#primaryimage"},"thumbnailUrl":"https:\/\/hub.almaschool.org\/wp-content\/uploads\/2024\/04\/\u05d7\u05d3\u05e8-\u05db\u05e9\u05e8-865-x-346-\u05e4\u05d9\u05e7\u05e1\u05dc-2-1.jpg","datePublished":"2024-08-08T14:15:27+00:00","dateModified":"2025-07-16T10:02:47+00:00","breadcrumb":{"@id":"https:\/\/hub.almaschool.org\/fr\/produit\/let-my-spirit-go-pay-it-forward\/#breadcrumb"},"inLanguage":"fr-FR","potentialAction":[{"@type":"ReadAction","target":["https:\/\/hub.almaschool.org\/fr\/produit\/let-my-spirit-go-pay-it-forward\/"]}]},{"@type":"ImageObject","inLanguage":"fr-FR","@id":"https:\/\/hub.almaschool.org\/fr\/produit\/let-my-spirit-go-pay-it-forward\/#primaryimage","url":"https:\/\/hub.almaschool.org\/wp-content\/uploads\/2024\/04\/\u05d7\u05d3\u05e8-\u05db\u05e9\u05e8-865-x-346-\u05e4\u05d9\u05e7\u05e1\u05dc-2-1.jpg","contentUrl":"https:\/\/hub.almaschool.org\/wp-content\/uploads\/2024\/04\/\u05d7\u05d3\u05e8-\u05db\u05e9\u05e8-865-x-346-\u05e4\u05d9\u05e7\u05e1\u05dc-2-1.jpg","width":865,"height":346},{"@type":"BreadcrumbList","@id":"https:\/\/hub.almaschool.org\/fr\/produit\/let-my-spirit-go-pay-it-forward\/#breadcrumb","itemListElement":[{"@type":"ListItem","position":1,"name":"Home","item":"https:\/\/hub.almaschool.org\/fr\/"},{"@type":"ListItem","position":2,"name":"Products","item":"https:\/\/hub.almaschool.org\/en\/shop\/"},{"@type":"ListItem","position":3,"name":"Contribuer Pour Les SuivantsLIB\u00c9REZ MON ESPRIT ! (Cours)"}]},{"@type":"WebSite","@id":"https:\/\/hub.almaschool.org\/he\/#website","url":"https:\/\/hub.almaschool.org\/he\/","name":"Alma School for Humanity","description":"","publisher":{"@id":"https:\/\/hub.almaschool.org\/he\/#organization"},"potentialAction":[{"@type":"SearchAction","target":{"@type":"EntryPoint","urlTemplate":"https:\/\/hub.almaschool.org\/he\/?s={search_term_string}"},"query-input":{"@type":"PropertyValueSpecification","valueRequired":true,"valueName":"search_term_string"}}],"inLanguage":"fr-FR"},{"@type":"Organization","@id":"https:\/\/hub.almaschool.org\/he\/#organization","name":"Alma School for Humanity","url":"https:\/\/hub.almaschool.org\/he\/","logo":{"@type":"ImageObject","inLanguage":"fr-FR","@id":"https:\/\/hub.almaschool.org\/he\/#\/schema\/logo\/image\/","url":"https:\/\/hub.almaschool.org\/wp-content\/uploads\/2024\/12\/email-logo-smaller.png","contentUrl":"https:\/\/hub.almaschool.org\/wp-content\/uploads\/2024\/12\/email-logo-smaller.png","width":500,"height":177,"caption":"Alma School for Humanity"},"image":{"@id":"https:\/\/hub.almaschool.org\/he\/#\/schema\/logo\/image\/"},"sameAs":["https:\/\/www.facebook.com\/alma.school.en\/","https:\/\/www.instagram.com\/alma.school.for.humanity","https:\/\/youtube.com\/@ASFH-AlmaSchoolForHumanity"]}]}},"_links":{"self":[{"href":"https:\/\/hub.almaschool.org\/fr\/wp-json\/wp\/v2\/product\/8988","targetHints":{"allow":["GET"]}}],"collection":[{"href":"https:\/\/hub.almaschool.org\/fr\/wp-json\/wp\/v2\/product"}],"about":[{"href":"https:\/\/hub.almaschool.org\/fr\/wp-json\/wp\/v2\/types\/product"}],"author":[{"embeddable":true,"href":"https:\/\/hub.almaschool.org\/fr\/wp-json\/wp\/v2\/users\/1"}],"replies":[{"embeddable":true,"href":"https:\/\/hub.almaschool.org\/fr\/wp-json\/wp\/v2\/comments?post=8988"}],"wp:featuredmedia":[{"embeddable":true,"href":"https:\/\/hub.almaschool.org\/fr\/wp-json\/wp\/v2\/media\/641"}],"wp:attachment":[{"href":"https:\/\/hub.almaschool.org\/fr\/wp-json\/wp\/v2\/media?parent=8988"}],"wp:term":[{"taxonomy":"product_brand","embeddable":true,"href":"https:\/\/hub.almaschool.org\/fr\/wp-json\/wp\/v2\/product_brand?post=8988"},{"taxonomy":"product_cat","embeddable":true,"href":"https:\/\/hub.almaschool.org\/fr\/wp-json\/wp\/v2\/product_cat?post=8988"},{"taxonomy":"product_tag","embeddable":true,"href":"https:\/\/hub.almaschool.org\/fr\/wp-json\/wp\/v2\/product_tag?post=8988"}],"curies":[{"name":"wp","href":"https:\/\/api.w.org\/{rel}","templated":true}]}}