{"id":27140,"date":"2025-12-12T22:06:26","date_gmt":"2025-12-12T20:06:26","guid":{"rendered":"https:\/\/hub.almaschool.org\/?page_id=27140"},"modified":"2025-12-12T22:06:29","modified_gmt":"2025-12-12T20:06:29","slug":"politica-de-privacidade","status":"publish","type":"page","link":"https:\/\/hub.almaschool.org\/pt-br\/politica-de-privacidade\/","title":{"rendered":"Pol\u00edtica de privacidade"},"content":{"rendered":"\n<p>Esta Pol\u00edtica de Privacidade (<strong>\u201cPol\u00edtica de Privacidade\u201d<\/strong>) foi criada para informar osinteressados sobre como a Alma Inspira Ltd. (doravante referida como <strong>\u201cEmpresa<\/strong>\u201d, \u201c<strong>n\u00f3s\u201d,<\/strong> \u201c<strong>nos<\/strong>\u201d ou <strong>\u201cnosso<\/strong>\u201d nesta Pol\u00edtica de Privacidade) trata seus Dados Pessoais quando voc\u00ea visita o nosso site: https:\/\/almaschool.org\/ (<strong>\u201cSite<\/strong>\u201d) ou adquire quaisquer servi\u00e7os que<br\/>oferecemos por meio do Site. \u201c<strong>Dados Pessoais<\/strong>\u201d significa qualquer informa\u00e7\u00e3o sobre um indiv\u00edduo a partir da qual essa pessoa possa ser identificada.<\/p>\n\n<p>Leia esta Pol\u00edtica de Privacidade com aten\u00e7\u00e3o e verifique regularmente esta p\u00e1gina para ver se existem revis\u00f5es e atualiza\u00e7\u00f5es que podemos introduzir de tempos em tempos.<\/p>\n\n<p><strong>SE VOC\u00ca FOR PORTADOR DE DEFICI\u00caNCIA E QUISER ACESSAR OU RECEBER UMA C\u00d3PIA DESTA POL\u00cdTICA EM OUTRO FORMATO MAIS ADEQUADO, ENTRE EM CONTATO CONOSCO USANDO OS<\/strong> SEUS DADOS DE CONTATO COMO SEGUE.<\/p>\n\n<h5 class=\"wp-block-heading\"><strong>1. Dados coletados ou processados por n\u00f3s<\/strong><\/h5>\n\n<p>Quando voc\u00ea acessa o nosso site, utiliza-o ou entra em contato conosco por meio dele, n\u00f3s podemos coletar ou processar os seguintes tipos de dados pessoais sobre voc\u00ea:<\/p>\n\n<ul class=\"wp-block-list\">\n<li><strong>Dados de identidade<\/strong> incluem seu nome, sobrenome, detalhes e n\u00famero de identifica\u00e7\u00e3o (como n\u00famero de identidade ou n\u00famero de passaporte).<\/li>\n\n\n\n<li>Dados de contato incluem seu endere\u00e7o, cidadania, pa\u00eds ou resid\u00eancia, estado\/prov\u00edncia, endere\u00e7o de e-mail, fax e n\u00famero de telefone ou celular.<\/li>\n\n\n\n<li><strong>Dados comerciais<\/strong> incluem seu nome de dom\u00ednio, nome da empresa e n\u00famero de registro da empresa.<\/li>\n\n\n\n<li><strong>Dados de pagamento<\/strong> incluem o n\u00famero de seu instrumento de pagamento (como o n\u00famero de um cart\u00e3o de cr\u00e9dito) e informa\u00e7\u00f5es relacionadas, como o c\u00f3digo de seguran\u00e7a e a data de validade associados ao seu instrumento de pagamento.<\/li>\n\n\n\n<li>Dados de uso incluem informa\u00e7\u00f5es sobre como voc\u00ea usa ou interage com nosso Site (por exemplo, quando voc\u00ea entrou no Site, quanto tempo permaneceu no Site e\/ou em uma p\u00e1gina espec\u00edfica do Site, quais fun\u00e7\u00f5es de nossos Sites foram usadas por voc\u00ea etc.).<\/li>\n\n\n\n<li>Dados t\u00e9cnicos incluem informa\u00e7\u00f5es sobre sua conex\u00e3o com a Internet (como seu endere\u00e7o IP e o nome do provedor de servi\u00e7os de Internet) e sobre o dispositivo e o software usados por voc\u00ea para acessar o Site (por exemplo, o tipo de navegador da Web e o sistema operacional do computador).<\/li>\n\n\n\n<li><strong>Dados adicionais de consulta<\/strong> incluem informa\u00e7\u00f5es adicionais que voc\u00ea pode fornecer ao entrar em contato conosco por meio do Site ou ao se inscrever em qualquer um de nossos servi\u00e7os.<\/li>\n<\/ul>\n\n<p>Tamb\u00e9m coletamos, usamos e podemos compartilhar com terceiros os dados agregados, como dados estat\u00edsticos, para qualquer finalidade. Essas informa\u00e7\u00f5es s\u00e3o an\u00f4nimas, n\u00e3o revelam a sua identidade e, portanto, n\u00e3o s\u00e3o consideradas Dados Pessoais. <\/p>\n\n<h5 class=\"wp-block-heading\"><strong>2. Como coletamos seus dados pessoais<\/strong><\/h5>\n\n<p>Usamos diferentes m\u00e9todos para coletar dados, incluindo os seguintes:<\/p>\n\n<ul class=\"wp-block-list\">\n<li><strong>Intera\u00e7\u00f5es diretas.<\/strong> Ao entrar em contato conosco por meio do nosso Site ou fornecer os seus Dados Pessoais diretamente a n\u00f3s, voc\u00ea ser\u00e1 solicitado a fornecer seus Dados de Identidade, Dados de Contato e Dados Comerciais para que possamos prestar nossos servi\u00e7os a voc\u00ea, responder \u00e0s suas perguntas ou solicita\u00e7\u00f5es ou, de outra forma, nos comunicarmos com voc\u00ea ou entrarmos em contato com voc\u00ea. Nesses casos, voc\u00ea tamb\u00e9m poder\u00e1 fornecer dados adicionais de consulta.  <\/li>\n\n\n\n<li><strong>Tecnologias ou intera\u00e7\u00f5es automatizadas<\/strong>. \u00c0 medida que voc\u00ea interage com nosso Site, coletamos automaticamente Dados T\u00e9cnicos e Dados de Uso, usando cookies, registros de servidor ou outras tecnologias. <\/li>\n\n\n\n<li><strong>Terceiros ou fontes dispon\u00edveis publicamente<\/strong>. Podemos receber Dados Pessoais de terceiros, como provedores de an\u00e1lise e parceiros de publicidade e marketing. <\/li>\n<\/ul>\n\n<p>Voc\u00ea n\u00e3o est\u00e1 legalmente obrigado a nos fornecer quaisquer Dados Pessoais. Quaisquer Dados Pessoais que voc\u00ea decida nos fornecer s\u00e3o fornecidos por sua livre e espont\u00e2nea vontade. Se preferir n\u00e3o nos fornecer nenhum Dado Pessoal, evite usar o nosso Site ou qualquer um dos servi\u00e7os fornecidos por meio dele.  <\/p>\n\n<p><strong><em>Prote\u00e7\u00e3o dos direitos de privacidade de terceiros<\/em><\/strong><\/p>\n\n<p>Se voc\u00ea nos fornecer os Dados Pessoais de outra pessoa, dever\u00e1 garantir que tem permiss\u00e3o para faz\u00ea-lo.<\/p>\n\n<p><strong><em>Per\u00edodo de Reten\u00e7\u00e3o dos Dados<\/em><\/strong><\/p>\n\n<p>Poderemos reter seus Dados Pessoais pelo tempo que for necess\u00e1rio para cumprir as finalidades para as quais os coletamos, inclusive quando for necess\u00e1rio para atendermos a quaisquer requisitos legais ou de relat\u00f3rios.<\/p>\n\n<h5 class=\"wp-block-heading\"><strong>3. Como usamos seus dados pessoais<\/strong><\/h5>\n\n<p>Aqui est\u00e3o alguns exemplos de como podemos usar seus Dados Pessoais:<\/p>\n\n<ul class=\"wp-block-list\">\n<li>Poderemos usar os seus Dados de Identidade, Dados de Contato, Dados de Pagamento e Dados Comerciais para firmar um contrato ou para executar tal contrato. Tamb\u00e9m poderemos usar os seus Dados de Uso e Dados T\u00e9cnicos para a execu\u00e7\u00e3o de um contrato com voc\u00ea (para lhe fornecer servi\u00e7os por meio do nosso Site). <\/li>\n\n\n\n<li>Poderemos usar seus Dados de Contato e Dados de Consulta Adicionais para responder \u00e0s suas mensagens, solicita\u00e7\u00f5es ou perguntas e para gerenciar nosso relacionamento com voc\u00ea, inclusive notificando-o sobre altera\u00e7\u00f5es em nossos termos de uso ou Pol\u00edtica de Privacidade<\/li>\n\n\n\n<li>Podemos usar seus Dados de Uso, Dados T\u00e9cnicos e Dados de Contato para fins de marketing, para fornecer conte\u00fado relevante e personalizado ou para enviar mensagens de servi\u00e7o (inclusive conforme necess\u00e1rio para fins de seguran\u00e7a).<\/li>\n\n\n\n<li>Podemos usar seus Dados de Uso e Dados T\u00e9cnicos para melhorar nosso Site, servi\u00e7os, marketing, relacionamento com clientes e experi\u00eancias, inclusive personalizando e customizando nosso conte\u00fado.<\/li>\n\n\n\n<li>No caso de uma disputa legal entre voc\u00ea (e\/ou uma parte em seu nome) e n\u00f3s (e\/ou uma parte em nosso nome), poderemos usar os seus Dados Pessoais na medida relevante ou necess\u00e1ria em rela\u00e7\u00e3o a essa disputa.<\/li>\n\n\n\n<li>Tamb\u00e9m poderemos usar seus Dados Pessoais para uma ou mais das seguintes situa\u00e7\u00f5es: (a) conforme exigido por intima\u00e7\u00e3o, lei ou outro processo legal; (b) conforme necess\u00e1rio para auxiliar agentes da lei ou ag\u00eancias governamentais; c) conforme necess\u00e1rio para investigar e evitar viola\u00e7\u00f5es de nossos termos de uso; (d) para manter a seguran\u00e7a de nosso Site e evitar atividades fraudulentas ou ilegais; (e) conforme necess\u00e1rio para nos proteger de a\u00e7\u00f5es legais ou reivindica\u00e7\u00f5es de terceiros, incluindo voc\u00ea e\/ou outros usu\u00e1rios; ou (f) conforme<br\/>necess\u00e1rio para proteger os direitos legais, a propriedade ou a seguran\u00e7a pessoal de nossa empresa, usu\u00e1rios, funcion\u00e1rios e afiliados.      <\/li>\n<\/ul>\n\n<p><strong><em>Comunica\u00e7\u00f5es promocionais<\/em><\/strong><\/p>\n\n<p>Voc\u00ea poder\u00e1 receber comunica\u00e7\u00f5es de marketing ou informativas de nossa parte caso tenha solicitado informa\u00e7\u00f5es e n\u00e3o tenha optado por n\u00e3o receber tais comunica\u00e7\u00f5es.<\/p>\n\n<p><strong><em>Cookies e outras tecnologias de rastreamento <\/em><\/strong><\/p>\n\n<p>Nosso site usa cookies. Um cookie \u00e9 um pequeno arquivo de dados ou de texto que \u00e9 baixado para o seu dispositivo quando voc\u00ea acessa o nosso site. Os cookies podem conter texto que pode ser lido pelo servidor da Web que entregou o cookie a voc\u00ea. O texto contido no cookie geralmente consiste em uma sequ\u00eancia de letras e n\u00fameros que identifica exclusivamente o seu dispositivo. Ele tamb\u00e9m pode conter outras informa\u00e7\u00f5es.    <\/p>\n\n<p>A maioria dos navegadores da Web pode ser configurada para desativar o uso de cookies. No entanto, voc\u00ea deve levar em conta que, ao desativar os cookies, poder\u00e1 fazer com que alguns dos recursos do nosso Site operem ou sejam exibidos incorretamente ou se tornem inacess\u00edveis. <\/p>\n\n<p>Nosso Site pode usar servi\u00e7os como o Google Analytics (ou provedores de servi\u00e7os semelhantes) para coletar informa\u00e7\u00f5es sobre o uso do nosso Site. Esses servi\u00e7os de an\u00e1lise coletam informa\u00e7\u00f5es dos usu\u00e1rios, como idade, sexo, interesses, dados demogr\u00e1ficos, a frequ\u00eancia com que visitam nosso Site, as p\u00e1ginas que visitam e os outros sites que usaram antes de chegar ao nosso Site. Usamos essas informa\u00e7\u00f5es para analisar o tr\u00e1fego, fazer remarketing de nossos produtos e servi\u00e7os para os usu\u00e1rios, aprimorar nosso marketing e publicidade e melhorar nosso Site.  <\/p>\n\n<p><strong><em>Links de terceiros<\/em><\/strong><em> <\/em><\/p>\n\n<p>Nosso Site pode incluir links para sites, plug-ins e aplicativos de terceiros. Ao clicar ou interagir com esses links e conte\u00fados, voc\u00ea poder\u00e1 fazer com que seus dados sejam compartilhados com o terceiro relevante. N\u00e3o controlamos esses sites de terceiros e n\u00e3o somos respons\u00e1veis por suas pol\u00edticas de privacidade e conformidade.  <\/p>\n\n<p><strong><em>Transfer\u00eancia internacional de dados <\/em><\/strong><\/p>\n\n<p>Poderemos transferir seus Dados Pessoais para pa\u00edses fora do pa\u00eds em que voc\u00ea reside, que n\u00e3o necessariamente oferecem o mesmo n\u00edvel de prote\u00e7\u00e3o de dados previsto nas leis do pa\u00eds em que voc\u00ea reside.<\/p>\n\n<h5 class=\"wp-block-heading\"><strong>4. Compartilhamento de seus dados pessoais com terceiros<\/strong><\/h5>\n\n<p>Podemos compartilhar Dados Pessoais com terceiros que nos fornecem determinados servi\u00e7os que possibilitam a opera\u00e7\u00e3o do nosso Site. Por exemplo, podemos compartilhar seus Dados de Identidade, Dados de Contato, Dados de Uso e Dados T\u00e9cnicos com provedores de an\u00e1lise da Web, servi\u00e7os de e-mail e outros provedores de servi\u00e7os que nos ajudam a manter e operar nosso Site e a habilitar nossos servi\u00e7os. Conforme mencionado acima, nossos fornecedores de processamento de pagamentos tamb\u00e9m podem processar seus Dados de pagamento para facilitar e processar seu pagamento por servi\u00e7os oferecidos em nosso Site.  <\/p>\n\n<p>Tamb\u00e9m podemos compartilhar seus Dados Pessoais com autoridades legais e regulat\u00f3rias na medida exigida pela legisla\u00e7\u00e3o aplic\u00e1vel e com nossos consultores jur\u00eddicos na medida necess\u00e1ria para a presta\u00e7\u00e3o de seus servi\u00e7os para n\u00f3s.<\/p>\n\n<h5 class=\"wp-block-heading\"><strong>5. Menores de idade<\/strong><\/h5>\n\n<p>Para usar o Site, voc\u00ea deve ter pelo menos 18 anos de idade, ou mais, se assim for exigido pelas leis do pa\u00eds em que reside. N\u00e3o coletamos intencionalmente Dados Pessoais de menores de 18 anos. Se voc\u00ea for pai ou respons\u00e1vel legal e tiver motivos para acreditar que seu filho possa ter nos fornecido Dados Pessoais, entre em contato conosco usando os Detalhes de Contato abaixo.  <\/p>\n\n<h5 class=\"wp-block-heading\"><strong>6. Seguran\u00e7a dos dados<\/strong><\/h5>\n\n<p>Implementamos medidas de seguran\u00e7a destinadas a evitar que seus Dados Pessoais sejam acidentalmente ou ilegalmente perdidos, usados, alterados ou divulgados. Tamb\u00e9m mantemos prote\u00e7\u00f5es t\u00e9cnicas e f\u00edsicas razo\u00e1veis para proteger seus Dados Pessoais. Infelizmente, n\u00e3o podemos garantir que casos de perda, uso indevido ou vazamento de seus Dados Pessoais nunca ocorrer\u00e3o devido \u00e0 natureza vulner\u00e1vel da transmiss\u00e3o de dados pela Internet.  <\/p>\n\n<h5 class=\"wp-block-heading\"><strong>7. Seus direitos<\/strong><\/h5>\n\n<p>Determinadas leis de privacidade concedem aos usu\u00e1rios direitos relacionados aos seus Dados Pessoais. Na medida em que essas leis se aplicam aos seus Dados Pessoais, voc\u00ea pode ter os seguintes direitos: <\/p>\n\n<ul class=\"wp-block-list\">\n<li><strong>Acesso<\/strong>: Voc\u00ea pode nos solicitar uma c\u00f3pia dos Dados Pessoais que mantemos sobre voc\u00ea.<\/li>\n\n\n\n<li><strong>Corre\u00e7\u00e3o<\/strong>: Voc\u00ea pode nos solicitar a corre\u00e7\u00e3o de dados imprecisos ou incompletos ou o preenchimento de dados parciais ou incompletos.<\/li>\n\n\n\n<li><strong>Exclus\u00e3o ou transfer\u00eancia:<\/strong> Voc\u00ea pode nos pedir para excluir ou remover seus Dados Pessoais. Se n\u00e3o pudermos atender a essa solicita\u00e7\u00e3o, n\u00f3s o notificaremos sobre os motivos espec\u00edficos de nossa decis\u00e3o. Voc\u00ea tamb\u00e9m pode nos solicitar a transfer\u00eancia dos seus Dados Pessoais para voc\u00ea ou para um terceiro designado por voc\u00ea.  <\/li>\n\n\n\n<li><strong>Obje\u00e7\u00e3o ao processamento<\/strong>: Voc\u00ea pode se opor ao processamento dos seus Dados Pessoais se achar que o processamento dos seus Dados Pessoais \u00e9 ilegal ou viola seus direitos e liberdades.<\/li>\n\n\n\n<li><strong>Restri\u00e7\u00e3o de processamento<\/strong>: Voc\u00ea poder\u00e1 solicitar que nos abstenhamos temporariamente de processar seus Dados Pessoais, por exemplo, quando acreditar que tais dados est\u00e3o imprecisos ou incompletos ou que n\u00e3o precisamos mais processar tais dados para um determinado fim, mas deseja que o retenhamos para uso futuro.<\/li>\n\n\n\n<li><strong>Portabilidade de dados<\/strong>: Voc\u00ea pode solicitar que transfiramos seus Dados Pessoais para voc\u00ea ou para um terceiro. Esse direito se aplica quando obtivermos e processarmos seus dados com base em seu consentimento ou quando usarmos as informa\u00e7\u00f5es para realizar um contrato com voc\u00ea. <\/li>\n\n\n\n<li><strong>Retirada de consentimento<\/strong>: A qualquer momento, voc\u00ea poder\u00e1 retirar seu consentimento previamente dado para que processemos seus Dados Pessoais.<\/li>\n<\/ul>\n\n<p>Se desejar exercer qualquer um dos direitos acima, entre em contato conosco usando os detalhes de contato fornecidos abaixo. Poderemos solicitar que voc\u00ea forne\u00e7a informa\u00e7\u00f5es adicionais (inclusive informa\u00e7\u00f5es que possam ser necess\u00e1rias para confirmar sua identidade) antes de atender a qualquer solicita\u00e7\u00e3o e poderemos chegar \u00e0 conclus\u00e3o de que n\u00e3o somos obrigados a atender a essa solicita\u00e7\u00e3o (nesse caso, forneceremos a<br\/>justificativa para nossa decis\u00e3o). Observe que podemos precisar de algum tempo para responder e agir de acordo com qualquer solicita\u00e7\u00e3o enviada a n\u00f3s. Tentamos responder a todas as solicita\u00e7\u00f5es leg\u00edtimas em um m\u00eas (ou menos, se exigido por lei).    <\/p>\n\n<h5 class=\"wp-block-heading\"><strong>8. Detalhes de contato<\/strong><\/h5>\n\n<p>Caso tenha alguma solicita\u00e7\u00e3o, d\u00favida ou preocupa\u00e7\u00e3o com rela\u00e7\u00e3o a qualquer item desta Pol\u00edtica de Privacidade, entre em contato conosco: <\/p>\n\n<p>E-mail: info@almainspira.com<\/p>\n\n<p>Endere\u00e7o postal: 1 Beit Hashita, Beit Hashita 1080100, Israel<\/p>\n\n<p>Voc\u00ea tem o direito de fazer uma reclama\u00e7\u00e3o a qualquer momento para as autoridades de prote\u00e7\u00e3o de dados relevantes. No entanto, gostar\u00edamos de ter a oportunidade de abordar suas preocupa\u00e7\u00f5es antes de voc\u00ea entrar em contato com uma autoridade de prote\u00e7\u00e3o de dados. <\/p>\n\n<h5 class=\"wp-block-heading\"><strong>9. Altera\u00e7\u00f5es a esta Pol\u00edtica de Privacidade<\/strong><\/h5>\n\n<p>Reservamo-nos o direito de alterar esta Pol\u00edtica de Privacidade a qualquer momento. Nesse caso, publicaremos uma vers\u00e3o atualizada desta Pol\u00edtica de Privacidade para que nossos usu\u00e1rios e clientes estejam sempre cientes das informa\u00e7\u00f5es que coletamos e de como as utilizamos. <\/p>\n\n<p>Seu uso cont\u00ednuo de nosso Site e servi\u00e7os ap\u00f3s qualquer altera\u00e7\u00e3o nesta Pol\u00edtica de Privacidade constituir\u00e1 aceita\u00e7\u00e3o de tal altera\u00e7\u00e3o.<\/p>\n\n<p><strong><em>\u00daltima atualiza\u00e7\u00e3o: 7 de novembro de 2023.<\/em><\/strong><\/p>\n\n<p><\/p>\n","protected":false},"excerpt":{"rendered":"<p>Esta Pol\u00edtica de Privacidade (\u201cPol\u00edtica de Privacidade\u201d) foi criada para informar osinteressados sobre como a Alma Inspira Ltd. (doravante referida como \u201cEmpresa\u201d, \u201cn\u00f3s\u201d, \u201cnos\u201d ou&hellip;<\/p>\n","protected":false},"author":1,"featured_media":0,"parent":0,"menu_order":0,"comment_status":"closed","ping_status":"closed","template":"","meta":{"footnotes":""},"class_list":["post-27140","page","type-page","status-publish","hentry"],"yoast_head":"<!-- This site is optimized with the Yoast SEO plugin v26.9 - https:\/\/yoast.com\/product\/yoast-seo-wordpress\/ -->\n<title>Pol\u00edtica de privacidade - Alma School for Humanity<\/title>\n<meta name=\"robots\" content=\"index, follow, max-snippet:-1, max-image-preview:large, max-video-preview:-1\" \/>\n<link rel=\"canonical\" href=\"https:\/\/hub.almaschool.org\/en\/privacy-policy-2\/\" \/>\n<meta property=\"og:locale\" content=\"pt_BR\" \/>\n<meta property=\"og:type\" content=\"article\" \/>\n<meta property=\"og:title\" content=\"Pol\u00edtica de privacidade - Alma School for Humanity\" \/>\n<meta property=\"og:description\" content=\"Esta Pol\u00edtica de Privacidade (\u201cPol\u00edtica de Privacidade\u201d) foi criada para informar osinteressados sobre como a Alma Inspira Ltd. (doravante referida como \u201cEmpresa\u201d, \u201cn\u00f3s\u201d, \u201cnos\u201d ou&hellip;\" \/>\n<meta property=\"og:url\" content=\"https:\/\/hub.almaschool.org\/en\/privacy-policy-2\/\" \/>\n<meta property=\"og:site_name\" content=\"Alma School for Humanity\" \/>\n<meta property=\"article:publisher\" content=\"https:\/\/www.facebook.com\/alma.school.en\/\" \/>\n<meta property=\"article:modified_time\" content=\"2025-12-12T20:06:29+00:00\" \/>\n<meta name=\"twitter:card\" content=\"summary_large_image\" \/>\n<meta name=\"twitter:label1\" content=\"Est. tempo de leitura\" \/>\n\t<meta name=\"twitter:data1\" content=\"12 minutos\" \/>\n<script type=\"application\/ld+json\" class=\"yoast-schema-graph\">{\"@context\":\"https:\/\/schema.org\",\"@graph\":[{\"@type\":\"WebPage\",\"@id\":\"https:\/\/hub.almaschool.org\/en\/privacy-policy-2\/\",\"url\":\"https:\/\/hub.almaschool.org\/en\/privacy-policy-2\/\",\"name\":\"Pol\u00edtica de privacidade - Alma School for Humanity\",\"isPartOf\":{\"@id\":\"https:\/\/hub.almaschool.org\/he\/#website\"},\"datePublished\":\"2025-12-12T20:06:26+00:00\",\"dateModified\":\"2025-12-12T20:06:29+00:00\",\"breadcrumb\":{\"@id\":\"https:\/\/hub.almaschool.org\/en\/privacy-policy-2\/#breadcrumb\"},\"inLanguage\":\"pt-BR\",\"potentialAction\":[{\"@type\":\"ReadAction\",\"target\":[\"https:\/\/hub.almaschool.org\/en\/privacy-policy-2\/\"]}]},{\"@type\":\"BreadcrumbList\",\"@id\":\"https:\/\/hub.almaschool.org\/en\/privacy-policy-2\/#breadcrumb\",\"itemListElement\":[{\"@type\":\"ListItem\",\"position\":1,\"name\":\"Home\",\"item\":\"https:\/\/hub.almaschool.org\/en\/course-list\/\"},{\"@type\":\"ListItem\",\"position\":2,\"name\":\"Pol\u00edtica de privacidade\"}]},{\"@type\":\"WebSite\",\"@id\":\"https:\/\/hub.almaschool.org\/he\/#website\",\"url\":\"https:\/\/hub.almaschool.org\/he\/\",\"name\":\"Alma School for Humanity\",\"description\":\"\",\"publisher\":{\"@id\":\"https:\/\/hub.almaschool.org\/he\/#organization\"},\"potentialAction\":[{\"@type\":\"SearchAction\",\"target\":{\"@type\":\"EntryPoint\",\"urlTemplate\":\"https:\/\/hub.almaschool.org\/he\/?s={search_term_string}\"},\"query-input\":{\"@type\":\"PropertyValueSpecification\",\"valueRequired\":true,\"valueName\":\"search_term_string\"}}],\"inLanguage\":\"pt-BR\"},{\"@type\":\"Organization\",\"@id\":\"https:\/\/hub.almaschool.org\/he\/#organization\",\"name\":\"Alma School for Humanity\",\"url\":\"https:\/\/hub.almaschool.org\/he\/\",\"logo\":{\"@type\":\"ImageObject\",\"inLanguage\":\"pt-BR\",\"@id\":\"https:\/\/hub.almaschool.org\/he\/#\/schema\/logo\/image\/\",\"url\":\"https:\/\/hub.almaschool.org\/wp-content\/uploads\/2024\/12\/email-logo-smaller.png\",\"contentUrl\":\"https:\/\/hub.almaschool.org\/wp-content\/uploads\/2024\/12\/email-logo-smaller.png\",\"width\":500,\"height\":177,\"caption\":\"Alma School for Humanity\"},\"image\":{\"@id\":\"https:\/\/hub.almaschool.org\/he\/#\/schema\/logo\/image\/\"},\"sameAs\":[\"https:\/\/www.facebook.com\/alma.school.en\/\",\"https:\/\/www.instagram.com\/alma.school.for.humanity\",\"https:\/\/youtube.com\/@ASFH-AlmaSchoolForHumanity\"]}]}<\/script>\n<!-- \/ Yoast SEO plugin. -->","yoast_head_json":{"title":"Pol\u00edtica de privacidade - Alma School for Humanity","robots":{"index":"index","follow":"follow","max-snippet":"max-snippet:-1","max-image-preview":"max-image-preview:large","max-video-preview":"max-video-preview:-1"},"canonical":"https:\/\/hub.almaschool.org\/en\/privacy-policy-2\/","og_locale":"pt_BR","og_type":"article","og_title":"Pol\u00edtica de privacidade - Alma School for Humanity","og_description":"Esta Pol\u00edtica de Privacidade (\u201cPol\u00edtica de Privacidade\u201d) foi criada para informar osinteressados sobre como a Alma Inspira Ltd. (doravante referida como \u201cEmpresa\u201d, \u201cn\u00f3s\u201d, \u201cnos\u201d ou&hellip;","og_url":"https:\/\/hub.almaschool.org\/en\/privacy-policy-2\/","og_site_name":"Alma School for Humanity","article_publisher":"https:\/\/www.facebook.com\/alma.school.en\/","article_modified_time":"2025-12-12T20:06:29+00:00","twitter_card":"summary_large_image","twitter_misc":{"Est. tempo de leitura":"12 minutos"},"schema":{"@context":"https:\/\/schema.org","@graph":[{"@type":"WebPage","@id":"https:\/\/hub.almaschool.org\/en\/privacy-policy-2\/","url":"https:\/\/hub.almaschool.org\/en\/privacy-policy-2\/","name":"Pol\u00edtica de privacidade - Alma School for Humanity","isPartOf":{"@id":"https:\/\/hub.almaschool.org\/he\/#website"},"datePublished":"2025-12-12T20:06:26+00:00","dateModified":"2025-12-12T20:06:29+00:00","breadcrumb":{"@id":"https:\/\/hub.almaschool.org\/en\/privacy-policy-2\/#breadcrumb"},"inLanguage":"pt-BR","potentialAction":[{"@type":"ReadAction","target":["https:\/\/hub.almaschool.org\/en\/privacy-policy-2\/"]}]},{"@type":"BreadcrumbList","@id":"https:\/\/hub.almaschool.org\/en\/privacy-policy-2\/#breadcrumb","itemListElement":[{"@type":"ListItem","position":1,"name":"Home","item":"https:\/\/hub.almaschool.org\/en\/course-list\/"},{"@type":"ListItem","position":2,"name":"Pol\u00edtica de privacidade"}]},{"@type":"WebSite","@id":"https:\/\/hub.almaschool.org\/he\/#website","url":"https:\/\/hub.almaschool.org\/he\/","name":"Alma School for Humanity","description":"","publisher":{"@id":"https:\/\/hub.almaschool.org\/he\/#organization"},"potentialAction":[{"@type":"SearchAction","target":{"@type":"EntryPoint","urlTemplate":"https:\/\/hub.almaschool.org\/he\/?s={search_term_string}"},"query-input":{"@type":"PropertyValueSpecification","valueRequired":true,"valueName":"search_term_string"}}],"inLanguage":"pt-BR"},{"@type":"Organization","@id":"https:\/\/hub.almaschool.org\/he\/#organization","name":"Alma School for Humanity","url":"https:\/\/hub.almaschool.org\/he\/","logo":{"@type":"ImageObject","inLanguage":"pt-BR","@id":"https:\/\/hub.almaschool.org\/he\/#\/schema\/logo\/image\/","url":"https:\/\/hub.almaschool.org\/wp-content\/uploads\/2024\/12\/email-logo-smaller.png","contentUrl":"https:\/\/hub.almaschool.org\/wp-content\/uploads\/2024\/12\/email-logo-smaller.png","width":500,"height":177,"caption":"Alma School for Humanity"},"image":{"@id":"https:\/\/hub.almaschool.org\/he\/#\/schema\/logo\/image\/"},"sameAs":["https:\/\/www.facebook.com\/alma.school.en\/","https:\/\/www.instagram.com\/alma.school.for.humanity","https:\/\/youtube.com\/@ASFH-AlmaSchoolForHumanity"]}]}},"_links":{"self":[{"href":"https:\/\/hub.almaschool.org\/pt-br\/wp-json\/wp\/v2\/pages\/27140","targetHints":{"allow":["GET"]}}],"collection":[{"href":"https:\/\/hub.almaschool.org\/pt-br\/wp-json\/wp\/v2\/pages"}],"about":[{"href":"https:\/\/hub.almaschool.org\/pt-br\/wp-json\/wp\/v2\/types\/page"}],"author":[{"embeddable":true,"href":"https:\/\/hub.almaschool.org\/pt-br\/wp-json\/wp\/v2\/users\/1"}],"replies":[{"embeddable":true,"href":"https:\/\/hub.almaschool.org\/pt-br\/wp-json\/wp\/v2\/comments?post=27140"}],"version-history":[{"count":2,"href":"https:\/\/hub.almaschool.org\/pt-br\/wp-json\/wp\/v2\/pages\/27140\/revisions"}],"predecessor-version":[{"id":27151,"href":"https:\/\/hub.almaschool.org\/pt-br\/wp-json\/wp\/v2\/pages\/27140\/revisions\/27151"}],"wp:attachment":[{"href":"https:\/\/hub.almaschool.org\/pt-br\/wp-json\/wp\/v2\/media?parent=27140"}],"curies":[{"name":"wp","href":"https:\/\/api.w.org\/{rel}","templated":true}]}}