{"id":5168,"date":"2024-03-29T20:36:35","date_gmt":"2024-03-29T17:36:35","guid":{"rendered":"https:\/\/wordpress-1353367-4975723.cloudwaysapps.com\/terms-and-conditions\/"},"modified":"2026-01-03T19:46:57","modified_gmt":"2026-01-03T17:46:57","slug":"termos-e-condicoes","status":"publish","type":"page","link":"https:\/\/hub.almaschool.org\/pt-br\/termos-e-condicoes\/","title":{"rendered":"Termos e condi\u00e7\u00f5es"},"content":{"rendered":"\t\t<div data-elementor-type=\"wp-page\" data-elementor-id=\"5168\" class=\"elementor elementor-5168 elementor-10\" data-elementor-post-type=\"page\">\n\t\t\t\t<div class=\"elementor-element elementor-element-63a58cdc e-flex e-con-boxed e-con e-parent\" data-id=\"63a58cdc\" data-element_type=\"container\">\n\t\t\t\t\t<div class=\"e-con-inner\">\n\t\t\t\t<div class=\"elementor-element elementor-element-373c2f7f elementor-widget elementor-widget-text-editor\" data-id=\"373c2f7f\" data-element_type=\"widget\" data-widget_type=\"text-editor.default\">\n\t\t\t\t\t\t\t\t\t<p><strong><b>Acesso a palestras e podcasts <\/b><\/strong><\/p>\n<p>Todas as palestras e podcasts s\u00e7ao apresentadas em forma digital e est\u00e3o dispon\u00edveis no hub.almaschoo.org<\/p>\n<p>Exceto quando definido diferentemente, todas as palestras e podcasts s\u00e3o gratuitas.<\/p>\n<p>No item Palestras, os usu\u00e1rios registrados podem encontrar palestras especiais que estar\u00e3o dispon\u00edveis por meio de transmiss\u00e3o ao vivo ou como grava\u00e7\u00e3o.<\/p>\n<p>All talks and podcasts are available only in English.<\/p>\n<p>A inscri\u00e7\u00e3o para as palestras concede 6 meses de acesso ilimitado \u00e0 grava\u00e7\u00e3o, da data da inscri\u00e7\u00e3o. \u00c0s vezes, a inscri\u00e7\u00e3o antecipada permite ao usu\u00e1rio participar da palestra ao vivo via Zoom. Quando voc\u00ea se inscreve para uma palestra, recebe acesso ilimitado \u00e0s grava\u00e7\u00f5es por 6 meses, a partir da data da inscri\u00e7\u00e3o. Al\u00e9m disso, se voc\u00ea se inscrever antecipadamente, pode ter a portunidade de partiicipar da sess\u00e3o ao vivo pelo Zoom, se houver disponibilidade. (Essa op\u00e7\u00e3o de inscri\u00e7\u00e3o antecipada permite a participa\u00e7\u00e3o ao vivo em tempo real, mas observe que o acesso ao vivo n\u00e3o \u00e9 garantido e depende do n\u00famero de vagas dispon\u00edveis em cada sess\u00e3o).    <\/p>\n<p><strong> <\/strong><\/p>\n<p><strong>Acesso aos materiais de estudo nas etapas 1 a 3 dos cursos<\/strong><\/p>\n<p> <\/p>\n<p>Todos os materiais do curso s\u00e3o digitais e est\u00e3o dispon\u00edveis online para o aluno. <\/p>\n<p> <\/p>\n<p>Os materiais do nosso primeiro curso, \u201cUm Novo Ser Humano. Um Novo Mundo.\u201d est\u00e3o dispon\u00edveis gratuitamente para todos os alunos. Esse fato reflete o nosso compromisso em tornar esse conhecimento essencial amplamente acess\u00edvel. <\/p>\n<p> <\/p>\n<p>Para sustentar a nossa miss\u00e3o de oferecer cursos a pre\u00e7os significantemente reduzidos \u2013 permitindo a participa\u00e7\u00e3o de alunos de diversas origens e circunst\u00e2ncias econ\u00f4micas globais \u2013 agradecemos o apoio daqueles que podem contribuir. Caso voc\u00ea se encontre em posi\u00e7\u00e3o para isso, convidamos voc\u00ea a comprar cursos adicionais como uma maneira de \u201cpay it forward (contribuir)\u201d. A sua generosidade ajuda a subsidiar a jornada de aprendizado daqueles que de outro modo estariam impedidos de acessar esses ensinamentos.  <\/p>\n<p> <\/p>\n<p>Essa abordagem nos permite um ambiente inclusivo de aprendizado, enquanto assegura a capacidade de continua\u00e7\u00e3o da escola em oferecer educa\u00e7\u00e3o de alta qualidade e acess\u00edvel para aqueles que buscam conhecimento no mundo todo.<\/p>\n<p> <\/p>\n<p>Os materiais do curso para as etapas 2 e 3 estar\u00e3o dispon\u00edveis, para os estudantes registrados, por seis meses contados da data do registro. Os estudantes que desejarem prolongar esse per\u00edodo devem comprar uma extens\u00e3o por meio de acesso \u00e0 sua conta e gerenciamento de seus cursos no https:\/\/hub.almaschool.org\/my-account\/.   <\/p>\n<p> <\/p>\n<p><strong>Uso permitido:<\/strong><\/p>\n<p> <\/p>\n<p>Todos os materiais do curso t\u00eam apenas objetivos educacionais. Qualquer uso comercial ou reaproveitamento \u00e9 estritamente proibido. <\/p>\n<p> <\/p>\n<p><strong>Acesso pessoal:<\/strong><\/p>\n<p> <\/p>\n<p>O acesso ao Centro Educacional da Alma Escola para a Humanidade (ASFH), ao f\u00f3rum, os nomes de acesso dos usu\u00e1rios e as senhas s\u00e3o estritamente pessoais. Essas credenciais n\u00e3o podem ser compartilhadas nem transferidas para nenhum outro indiv\u00edduo. Esses recursos s\u00f3 podem ser acessados pelo pr\u00f3prio aluno registrado.  <\/p>\n<p> <\/p>\n<p><strong>Direitos de propriedade intelectual<\/strong><\/p>\n<p> <\/p>\n<p>1. Titularidade:<\/p>\n<p> <\/p>\n<p> A ALMA Escola para a Humanidade \u00e9 de titularidade integral da Alma Inspira Ltd. Para prop\u00f3sitos desse documento, ambas as entidades devem ser referidas coletivamente como \u201cAlma Escola\u201d. <\/p>\n<p> <\/p>\n<p>2. Marcas comerciais:<\/p>\n<p> <\/p>\n<p>Os nomes de marca, logotipos, cursos, programas escolares e os logotipos associados, da Alma Escola, s\u00e3o marcas comerciais registradas da Alma Inspira Ltd. Seu uso \u00e9 estritamente limitado \u00e0s atividades oficiais da Alma<br>Escola e exige consentimento por escrito da administra\u00e7\u00e3o da Alma Escola. <\/p>\n<p> <\/p>\n<p>3. Direitos autorais:<\/p>\n<p> <\/p>\n<p> Todos os direitos de propriedade intelectual em qualquer e todos os cursos, programas, iniciativas, materiais de evento e conte\u00fado correlato s\u00e3o de propriedade exclusiva da Alma Escola e seus licenciados. Distribui\u00e7\u00e3o n\u00e3o<br>autorizada e\/ou compartilhamento do curso sem aprova\u00e7\u00e3o expl\u00edcita por escrito da Alma Escola para a Humanidade e\/ou suas entidades associadas, sem o pagamento apropriado constitui uma viola\u00e7\u00e3o direta do mandamento \u201cN\u00e3o roubar\u00e1s\u201d. Al\u00e9m disso, essas a\u00e7\u00f5es infringem a executoriedade das leis e regulamenta\u00e7\u00f5es de direitos autorais.  <\/p>\n<p> <\/p>\n<p>4. A\u00e7\u00f5es proibidas:<\/p>\n<p> <\/p>\n<p> \u00c9 estritamente proibido disseminar, publicar, reproduzir ou viabilizar o acesso a qualquer material da Alma Escola por qualquer meio de m\u00eddia, ou modo, sem o consentimento expresso por escrito da administra\u00e7\u00e3o da Alma<br>Escola.<\/p>\n<p> <\/p>\n<p>5. Execu\u00e7\u00e3o<\/p>\n<p> <\/p>\n<p> A Alma Escola reserva para si o direito de tomar as medidas legais adequadas para proteger seus direitos de propriedade intelectual contra qualquer uso n\u00e3o autorizado, reprodu\u00e7\u00e3o ou distribui\u00e7\u00e3o.<\/p>\n<p> <\/p>\n<p>6. Licen\u00e7a:<\/p>\n<p> <\/p>\n<p> Qualquer utiliza\u00e7\u00e3o de propriedade intelectual da Alma Escola por terceiros deve ser administrada por meio de contrato de licenciamento separado, com autoriza\u00e7\u00e3o explicita por escrito da administra\u00e7\u00e3o da Alma Escola.<\/p>\n<p> <\/p>\n<p>7. Modifica\u00e7\u00f5es:<\/p>\n<p> <\/p>\n<p> A alma Escola se reserva o direito de modificar, atualizar ou emendar esses termos sobre propriedade intelectual a qualquer tempo e sem notifica\u00e7\u00e3o pr\u00e9via.<\/p>\n<p> <\/p>\n<p>Ao registrar-se nos nossos cursos e\/ou engajar-se com os conte\u00fados e servi\u00e7os da Alma Escola, voc\u00ea reconhece e concorda em obedecer a esses termos. A infra\u00e7\u00e3o contra eles pode resultar em perda imediata de acesso e<br>poss\u00edvel a\u00e7\u00e3o legal. <\/p>\n<p> <\/p>\n<p><strong>Custos e pagamentos<\/strong><\/p>\n<p> <\/p>\n<p>O modelo econ\u00f4mico da Alma Escola para a Humanidade se alinha com esses tr\u00eas princ\u00edpios derivados das Leis da Cria\u00e7\u00e3o:<\/p>\n<p> <\/p>\n<p>1. <strong>Apenas quando damos algo podemos receber algo: <\/strong>Essa Lei da Cria\u00e7\u00e3o prev\u00ea que a verdadeira valoriza\u00e7\u00e3o e absor\u00e7\u00e3o do conhecimento vem por meio do ato de doar.<\/p>\n<p> <\/p>\n<p>2. <strong>Sem sustenta\u00e7\u00e3o, n\u00e3o existe crescimento espiritual:<\/strong> Uma base financeira robusta \u00e9 essencial para qualquer organiza\u00e7\u00e3o, inclusive as espirituais, para que ela conceda servi\u00e7o de qualidade e cumpra sua miss\u00e3o.<\/p>\n<p> <\/p>\n<p>3.<strong> \u201cO SENHOR est\u00e1 pr\u00f3ximo daquele que clama por ele, daquele que clama por Ele com sinceridade.\u201d (Salmos 145:18): <\/strong>Todo indiv\u00edduo tem o direito intr\u00ednseco \u00e0 Verdade, independentemente da sua condi\u00e7\u00e3o<br>financeira.<\/p>\n<p> <\/p>\n<p>Para que haja um equil\u00edbrio entre esses princ\u00edpios, n\u00f3s implementamos uma estrutura flex\u00edvel de pagamento para os nossos cursos. Cada pessoa tem a oportunidade de contribuir de acordo com a sua capacidade genu\u00edna e<br>integridade. <\/p>\n<p> <\/p>\n<p>Para visualizar a descri\u00e7\u00e3o geral abrangente do modelo financeiro de Alma, por favor consulte o nosso artigo detalhado: <a href=\"https:\/\/almaschool.org\/pt-br\/money-and-spirituality-according-to-the-laws-of-creation-the-financial-reasoning-behind-the-alma-schools-alma-school-for-humanity-and-alma-inspira\/\" target=\"_blank\" rel=\"noreferrer noopener\">Dinheiro e espiritualidade segundo as Leis da Cria\u00e7\u00e3o.<\/a><\/p>\n<p> <\/p>\n<p><strong>Pre\u00e7os diferenciados dos cursos<\/strong><\/p>\n<p> <\/p>\n<p>N\u00f3s oferecemos tr\u00eas n\u00edveis de pre\u00e7os para as etapas 1 a 3 dos cursos, acomodando v\u00e1rias situa\u00e7\u00f5es financeiras:<\/p>\n<p> <\/p>\n<p>1. Pre\u00e7o subsidiado: para aqueles que genuinamente n\u00e3o podem pagar o pre\u00e7o padr\u00e3o.<\/p>\n<p> <\/p>\n<p>2. Pre\u00e7o padr\u00e3o: aplic\u00e1vel na maioria dos casos.<\/p>\n<p> <\/p>\n<p>3. Pre\u00e7o aben\u00e7oado: para indiv\u00edduos que tem capacidade financeira de contribuir com um valor maior, apoiando a miss\u00e3o da escola.<\/p>\n<p> <\/p>\n<p>Os alunos podem presentear cursos ou palestras comprando cart\u00f5es- presente, que ser\u00e3o enviados por e-mail diretamente ao recipiente. Para comprar um cart\u00e3o-presente, por favor siga o link Presente. <\/p>\n<p> <\/p>\n<p>O nosso programa \u201cPay It Forward\u201d permite que alunos apoiem a escola ao comprarem cursos adicionais a pre\u00e7o preestabelecido, capacitando-nos a continuar oferecendo pre\u00e7os subsidiados para outros. Para apoiar a escola,<br>por favor siga o link Apoio. <\/p>\n<p> <\/p>\n<p>O pre\u00e7o do curso pode ser pago por meio de v\u00e1rias op\u00e7\u00f5es online. Por favor observe que os pre\u00e7os podem sofrer altera\u00e7\u00f5es com o tempo. <\/p>\n<p> <\/p>\n<p>A Alma Escola para a Humanidade reserva-se o direito de ajustar os pre\u00e7os ou oferecer outros pre\u00e7os subsidiados para indiv\u00edduos ou grupos conforme considere apropriado.<\/p>\n<p> <\/p>\n<p>Ao adotarmos esse modelo, nos esfor\u00e7amos em tornar os nossos ensinamentos acess\u00edveis, enquanto asseguramos a sustentabilidade da escola e honramos o princ\u00edpio da reciprocidade no ensino.<\/p>\n<p> <\/p>\t\t\t\t\t\t\t\t<\/div>\n\t\t\t\t\t<\/div>\n\t\t\t\t<\/div>\n\t\t\t\t<\/div>\n\t\t","protected":false},"excerpt":{"rendered":"<p>Acesso aos materiais de estudo nas etapas 1 a 3 dos cursos Todos os materiais do curso s\u00e3o digitais e est\u00e3o dispon\u00edveis online para o&hellip;<\/p>\n","protected":false},"author":1,"featured_media":0,"parent":0,"menu_order":0,"comment_status":"closed","ping_status":"closed","template":"","meta":{"footnotes":""},"class_list":["post-5168","page","type-page","status-publish","hentry"],"yoast_head":"<!-- This site is optimized with the Yoast SEO plugin v26.9 - https:\/\/yoast.com\/product\/yoast-seo-wordpress\/ -->\n<title>Termos e condi\u00e7\u00f5es - Alma School for Humanity<\/title>\n<meta name=\"robots\" content=\"index, follow, max-snippet:-1, max-image-preview:large, max-video-preview:-1\" \/>\n<link rel=\"canonical\" href=\"https:\/\/hub.almaschool.org\/en\/terms-and-conditions\/\" \/>\n<meta property=\"og:locale\" content=\"pt_BR\" \/>\n<meta property=\"og:type\" content=\"article\" \/>\n<meta property=\"og:title\" content=\"Termos e condi\u00e7\u00f5es - Alma School for Humanity\" \/>\n<meta property=\"og:description\" content=\"Acesso aos materiais de estudo nas etapas 1 a 3 dos cursos Todos os materiais do curso s\u00e3o digitais e est\u00e3o dispon\u00edveis online para o&hellip;\" \/>\n<meta property=\"og:url\" content=\"https:\/\/hub.almaschool.org\/en\/terms-and-conditions\/\" \/>\n<meta property=\"og:site_name\" content=\"Alma School for Humanity\" \/>\n<meta property=\"article:publisher\" content=\"https:\/\/www.facebook.com\/alma.school.en\/\" \/>\n<meta property=\"article:modified_time\" content=\"2026-01-03T17:46:57+00:00\" \/>\n<meta name=\"twitter:card\" content=\"summary_large_image\" \/>\n<meta name=\"twitter:label1\" content=\"Est. tempo de leitura\" \/>\n\t<meta name=\"twitter:data1\" content=\"5 minutos\" \/>\n<script type=\"application\/ld+json\" class=\"yoast-schema-graph\">{\"@context\":\"https:\/\/schema.org\",\"@graph\":[{\"@type\":\"WebPage\",\"@id\":\"https:\/\/hub.almaschool.org\/en\/terms-and-conditions\/\",\"url\":\"https:\/\/hub.almaschool.org\/en\/terms-and-conditions\/\",\"name\":\"Termos e condi\u00e7\u00f5es - Alma School for Humanity\",\"isPartOf\":{\"@id\":\"https:\/\/hub.almaschool.org\/he\/#website\"},\"datePublished\":\"2024-03-29T17:36:35+00:00\",\"dateModified\":\"2026-01-03T17:46:57+00:00\",\"breadcrumb\":{\"@id\":\"https:\/\/hub.almaschool.org\/en\/terms-and-conditions\/#breadcrumb\"},\"inLanguage\":\"pt-BR\",\"potentialAction\":[{\"@type\":\"ReadAction\",\"target\":[\"https:\/\/hub.almaschool.org\/en\/terms-and-conditions\/\"]}]},{\"@type\":\"BreadcrumbList\",\"@id\":\"https:\/\/hub.almaschool.org\/en\/terms-and-conditions\/#breadcrumb\",\"itemListElement\":[{\"@type\":\"ListItem\",\"position\":1,\"name\":\"Home\",\"item\":\"https:\/\/hub.almaschool.org\/pt-br\/pagina-inicial\/\"},{\"@type\":\"ListItem\",\"position\":2,\"name\":\"Termos e condi\u00e7\u00f5es\"}]},{\"@type\":\"WebSite\",\"@id\":\"https:\/\/hub.almaschool.org\/he\/#website\",\"url\":\"https:\/\/hub.almaschool.org\/he\/\",\"name\":\"Alma School for Humanity\",\"description\":\"\",\"publisher\":{\"@id\":\"https:\/\/hub.almaschool.org\/he\/#organization\"},\"potentialAction\":[{\"@type\":\"SearchAction\",\"target\":{\"@type\":\"EntryPoint\",\"urlTemplate\":\"https:\/\/hub.almaschool.org\/he\/?s={search_term_string}\"},\"query-input\":{\"@type\":\"PropertyValueSpecification\",\"valueRequired\":true,\"valueName\":\"search_term_string\"}}],\"inLanguage\":\"pt-BR\"},{\"@type\":\"Organization\",\"@id\":\"https:\/\/hub.almaschool.org\/he\/#organization\",\"name\":\"Alma School for Humanity\",\"url\":\"https:\/\/hub.almaschool.org\/he\/\",\"logo\":{\"@type\":\"ImageObject\",\"inLanguage\":\"pt-BR\",\"@id\":\"https:\/\/hub.almaschool.org\/he\/#\/schema\/logo\/image\/\",\"url\":\"https:\/\/hub.almaschool.org\/wp-content\/uploads\/2024\/12\/email-logo-smaller.png\",\"contentUrl\":\"https:\/\/hub.almaschool.org\/wp-content\/uploads\/2024\/12\/email-logo-smaller.png\",\"width\":500,\"height\":177,\"caption\":\"Alma School for Humanity\"},\"image\":{\"@id\":\"https:\/\/hub.almaschool.org\/he\/#\/schema\/logo\/image\/\"},\"sameAs\":[\"https:\/\/www.facebook.com\/alma.school.en\/\",\"https:\/\/www.instagram.com\/alma.school.for.humanity\",\"https:\/\/youtube.com\/@ASFH-AlmaSchoolForHumanity\"]}]}<\/script>\n<!-- \/ Yoast SEO plugin. -->","yoast_head_json":{"title":"Termos e condi\u00e7\u00f5es - Alma School for Humanity","robots":{"index":"index","follow":"follow","max-snippet":"max-snippet:-1","max-image-preview":"max-image-preview:large","max-video-preview":"max-video-preview:-1"},"canonical":"https:\/\/hub.almaschool.org\/en\/terms-and-conditions\/","og_locale":"pt_BR","og_type":"article","og_title":"Termos e condi\u00e7\u00f5es - Alma School for Humanity","og_description":"Acesso aos materiais de estudo nas etapas 1 a 3 dos cursos Todos os materiais do curso s\u00e3o digitais e est\u00e3o dispon\u00edveis online para o&hellip;","og_url":"https:\/\/hub.almaschool.org\/en\/terms-and-conditions\/","og_site_name":"Alma School for Humanity","article_publisher":"https:\/\/www.facebook.com\/alma.school.en\/","article_modified_time":"2026-01-03T17:46:57+00:00","twitter_card":"summary_large_image","twitter_misc":{"Est. tempo de leitura":"5 minutos"},"schema":{"@context":"https:\/\/schema.org","@graph":[{"@type":"WebPage","@id":"https:\/\/hub.almaschool.org\/en\/terms-and-conditions\/","url":"https:\/\/hub.almaschool.org\/en\/terms-and-conditions\/","name":"Termos e condi\u00e7\u00f5es - Alma School for Humanity","isPartOf":{"@id":"https:\/\/hub.almaschool.org\/he\/#website"},"datePublished":"2024-03-29T17:36:35+00:00","dateModified":"2026-01-03T17:46:57+00:00","breadcrumb":{"@id":"https:\/\/hub.almaschool.org\/en\/terms-and-conditions\/#breadcrumb"},"inLanguage":"pt-BR","potentialAction":[{"@type":"ReadAction","target":["https:\/\/hub.almaschool.org\/en\/terms-and-conditions\/"]}]},{"@type":"BreadcrumbList","@id":"https:\/\/hub.almaschool.org\/en\/terms-and-conditions\/#breadcrumb","itemListElement":[{"@type":"ListItem","position":1,"name":"Home","item":"https:\/\/hub.almaschool.org\/pt-br\/pagina-inicial\/"},{"@type":"ListItem","position":2,"name":"Termos e condi\u00e7\u00f5es"}]},{"@type":"WebSite","@id":"https:\/\/hub.almaschool.org\/he\/#website","url":"https:\/\/hub.almaschool.org\/he\/","name":"Alma School for Humanity","description":"","publisher":{"@id":"https:\/\/hub.almaschool.org\/he\/#organization"},"potentialAction":[{"@type":"SearchAction","target":{"@type":"EntryPoint","urlTemplate":"https:\/\/hub.almaschool.org\/he\/?s={search_term_string}"},"query-input":{"@type":"PropertyValueSpecification","valueRequired":true,"valueName":"search_term_string"}}],"inLanguage":"pt-BR"},{"@type":"Organization","@id":"https:\/\/hub.almaschool.org\/he\/#organization","name":"Alma School for Humanity","url":"https:\/\/hub.almaschool.org\/he\/","logo":{"@type":"ImageObject","inLanguage":"pt-BR","@id":"https:\/\/hub.almaschool.org\/he\/#\/schema\/logo\/image\/","url":"https:\/\/hub.almaschool.org\/wp-content\/uploads\/2024\/12\/email-logo-smaller.png","contentUrl":"https:\/\/hub.almaschool.org\/wp-content\/uploads\/2024\/12\/email-logo-smaller.png","width":500,"height":177,"caption":"Alma School for Humanity"},"image":{"@id":"https:\/\/hub.almaschool.org\/he\/#\/schema\/logo\/image\/"},"sameAs":["https:\/\/www.facebook.com\/alma.school.en\/","https:\/\/www.instagram.com\/alma.school.for.humanity","https:\/\/youtube.com\/@ASFH-AlmaSchoolForHumanity"]}]}},"_links":{"self":[{"href":"https:\/\/hub.almaschool.org\/pt-br\/wp-json\/wp\/v2\/pages\/5168","targetHints":{"allow":["GET"]}}],"collection":[{"href":"https:\/\/hub.almaschool.org\/pt-br\/wp-json\/wp\/v2\/pages"}],"about":[{"href":"https:\/\/hub.almaschool.org\/pt-br\/wp-json\/wp\/v2\/types\/page"}],"author":[{"embeddable":true,"href":"https:\/\/hub.almaschool.org\/pt-br\/wp-json\/wp\/v2\/users\/1"}],"replies":[{"embeddable":true,"href":"https:\/\/hub.almaschool.org\/pt-br\/wp-json\/wp\/v2\/comments?post=5168"}],"version-history":[{"count":8,"href":"https:\/\/hub.almaschool.org\/pt-br\/wp-json\/wp\/v2\/pages\/5168\/revisions"}],"predecessor-version":[{"id":28475,"href":"https:\/\/hub.almaschool.org\/pt-br\/wp-json\/wp\/v2\/pages\/5168\/revisions\/28475"}],"wp:attachment":[{"href":"https:\/\/hub.almaschool.org\/pt-br\/wp-json\/wp\/v2\/media?parent=5168"}],"curies":[{"name":"wp","href":"https:\/\/api.w.org\/{rel}","templated":true}]}}