{"id":2541,"date":"2024-04-23T14:04:40","date_gmt":"2024-04-23T11:04:40","guid":{"rendered":"https:\/\/wordpress-1353367-4975723.cloudwaysapps.com\/product\/um-novo-ser-humano-um-novo-mundo\/"},"modified":"2025-05-17T02:09:47","modified_gmt":"2025-05-16T23:09:47","slug":"um-novo-ser-humano-um-novo-mundo","status":"publish","type":"product","link":"https:\/\/hub.almaschool.org\/pt-br\/product\/um-novo-ser-humano-um-novo-mundo\/","title":{"rendered":"Um novo ser humano. Um novo mundo."},"content":{"rendered":"<p>A Alma Escola para a Humanidade oferece uma abordagem \u00fanica de pre\u00e7os, desenvolvida segundo tr\u00eas princ\u00edpios que est\u00e3o alinhados \u00e0s Leis da Cria\u00e7\u00e3o.<\/p>\n<ul>\n<li>O primeiro princ\u00edpio: <strong>Somente ao dar voc\u00ea pode receber<\/strong> \u2013 de acordo com essa Lei da Cria\u00e7\u00e3o, apenas aqueles que doam algo podem verdadeiramente apreciar aquilo que recebem.<\/li>\n<li>O segundo princ\u00edpio: <strong>Um jardim necessita tanto de solo quanto de sementes para florescer<\/strong> \u2013 de maneira an\u00e1loga, at\u00e9 mesmo o projeto mais nobre requer recursos financeiros para se tornar realidade. Uma s\u00f3lida base financeira \u00e9 essencial para qualquer organiza\u00e7\u00e3o, incluindo as de natureza espiritual, a fim de proporcionar consistentemente servi\u00e7os de qualidade e cumprir sua miss\u00e3o. <\/li>\n<li>O terceiro princ\u00edpio: \u201c<strong>O SENHOR est\u00e1 perto de todos aqueles que clamam por Ele, com sinceridade<\/strong>\u201d.(Salmos 145:18) .Todas as pessoas t\u00eam o direito natural \u00e0 Verdade, independentemente de sua situa\u00e7\u00e3o financeira.<\/li>\n<\/ul>\n<p>Para obter mais informa\u00e7\u00f5es sobre Dinheiro e Espiritualidade \u2013 <a href=\"https:\/\/almaschool.org\/money-and-spirituality\/\" target=\"_blank\" rel=\"noopener\">por favor, clique aqui.<\/a><\/p>\n<p>Para os termos &amp; condi\u00e7\u00f5es do curso \u2013 <a href=\"https:\/\/hub.almaschool.org\/pt-br\/termos-e-condicoes\/\" target=\"_blank\" rel=\"noopener\">por favor, clique aqui.<\/a><\/p>\n<p>Ao adotarmos esse modelo, tentamos tornar os nossos ensinamentos acess\u00edveis, enquanto asseguramos a sustentabilidade da escola e honramos o princ\u00edpio da reciprocidade no ensino.<br \/>\n<a href=\"https:\/\/almaschool.org\/money-and-spirituality\/\" target=\"_blank\" rel=\"noopener\">Saiba mais sobre nosso m\u00e9todo de precifica\u00e7\u00e3o<\/a><\/p>\n","protected":false},"excerpt":{"rendered":"<p>Uma s\u00e9rie de artigos, palestras, filmes e podcasts que abordam assuntos atuais, t\u00f3picos da vida cotidiana, como relacionamentos, paternidade, dinheiro e responsabilidade espiritual entre outros, e que lan\u00e7am luz sobre hist\u00f3rias b\u00edblicas como s\u00edmbolos para decifrar a realidade do mundo atual a partir da perspectiva do conhecimento mais elevado das Leis da Cria\u00e7\u00e3o.<\/p>\n<p>Para acessar este curso, voc\u00ea deve simplesmente se inscrever. Uma vez voc\u00ea escolha o seu pre\u00e7o e complete a inscri\u00e7\u00e3o, voc\u00ea ter\u00e1 acesso ao conte\u00fado completo do curso.<br \/>\nConte\u00fados novos, incluindo palestras e artigos, ser\u00e3o postados de forma cont\u00ednua. Os alunos inscritos ser\u00e3o notificados quando novas palestras ou reuni\u00f5es pelo Zoom estiverem dispon\u00edveis.  <\/p>\n","protected":false},"author":1,"featured_media":890,"comment_status":"open","ping_status":"closed","template":"","meta":[],"product_brand":[],"product_cat":[120],"product_tag":[121],"class_list":{"0":"post-2541","1":"product","2":"type-product","3":"status-publish","4":"has-post-thumbnail","6":"product_cat-cursos","7":"product_tag-um-novo-ser-humano-um-novo-mundo","9":"first","10":"instock","11":"sold-individually","12":"shipping-taxable","13":"purchasable","14":"product-type-variable"},"yoast_head":"<!-- This site is optimized with the Yoast SEO plugin v26.9 - https:\/\/yoast.com\/product\/yoast-seo-wordpress\/ -->\n<title>Um novo ser humano. Um novo mundo. - Alma School for Humanity<\/title>\n<meta name=\"robots\" content=\"index, follow, max-snippet:-1, max-image-preview:large, max-video-preview:-1\" \/>\n<link rel=\"canonical\" href=\"https:\/\/hub.almaschool.org\/en\/product\/a-new-human-being-a-new-world\/\" \/>\n<meta property=\"og:locale\" content=\"pt_BR\" \/>\n<meta property=\"og:type\" content=\"article\" \/>\n<meta property=\"og:title\" content=\"Um novo ser humano. Um novo mundo. - Alma School for Humanity\" \/>\n<meta property=\"og:description\" content=\"Uma s\u00e9rie de artigos, palestras, filmes e podcasts que abordam assuntos atuais, t\u00f3picos da vida cotidiana, como relacionamentos, paternidade, dinheiro e responsabilidade espiritual entre outros, e que lan\u00e7am luz sobre hist\u00f3rias b\u00edblicas como s\u00edmbolos para decifrar a realidade do mundo atual a partir da perspectiva do conhecimento mais elevado das Leis da Cria\u00e7\u00e3o. Para acessar este curso, voc\u00ea deve simplesmente se inscrever. Uma vez voc\u00ea escolha o seu pre\u00e7o e complete a inscri\u00e7\u00e3o, voc\u00ea ter\u00e1 acesso ao conte\u00fado completo do curso. Conte\u00fados novos, incluindo palestras e artigos, ser\u00e3o postados de forma cont\u00ednua. Os alunos inscritos ser\u00e3o notificados quando novas palestras ou reuni\u00f5es pelo Zoom estiverem dispon\u00edveis.\" \/>\n<meta property=\"og:url\" content=\"https:\/\/hub.almaschool.org\/en\/product\/a-new-human-being-a-new-world\/\" \/>\n<meta property=\"og:site_name\" content=\"Alma School for Humanity\" \/>\n<meta property=\"article:publisher\" content=\"https:\/\/www.facebook.com\/alma.school.en\/\" \/>\n<meta property=\"article:modified_time\" content=\"2025-05-16T23:09:47+00:00\" \/>\n<meta property=\"og:image\" content=\"https:\/\/hub.almaschool.org\/wp-content\/uploads\/2024\/03\/Untitled_Artwork-1-e1684786177174.jpeg\" \/>\n\t<meta property=\"og:image:width\" content=\"2275\" \/>\n\t<meta property=\"og:image:height\" content=\"1253\" \/>\n\t<meta property=\"og:image:type\" content=\"image\/jpeg\" \/>\n<meta name=\"twitter:card\" content=\"summary_large_image\" \/>\n<meta name=\"twitter:label1\" content=\"Est. tempo de leitura\" \/>\n\t<meta name=\"twitter:data1\" content=\"1 minuto\" \/>\n<script type=\"application\/ld+json\" class=\"yoast-schema-graph\">{\"@context\":\"https:\/\/schema.org\",\"@graph\":[{\"@type\":\"WebPage\",\"@id\":\"https:\/\/hub.almaschool.org\/en\/product\/a-new-human-being-a-new-world\/\",\"url\":\"https:\/\/hub.almaschool.org\/en\/product\/a-new-human-being-a-new-world\/\",\"name\":\"Um novo ser humano. Um novo mundo. - Alma School for Humanity\",\"isPartOf\":{\"@id\":\"https:\/\/hub.almaschool.org\/he\/#website\"},\"primaryImageOfPage\":{\"@id\":\"https:\/\/hub.almaschool.org\/en\/product\/a-new-human-being-a-new-world\/#primaryimage\"},\"image\":{\"@id\":\"https:\/\/hub.almaschool.org\/en\/product\/a-new-human-being-a-new-world\/#primaryimage\"},\"thumbnailUrl\":\"https:\/\/hub.almaschool.org\/wp-content\/uploads\/2024\/03\/Untitled_Artwork-1-e1684786177174.jpeg\",\"datePublished\":\"2024-04-23T11:04:40+00:00\",\"dateModified\":\"2025-05-16T23:09:47+00:00\",\"breadcrumb\":{\"@id\":\"https:\/\/hub.almaschool.org\/en\/product\/a-new-human-being-a-new-world\/#breadcrumb\"},\"inLanguage\":\"pt-BR\",\"potentialAction\":[{\"@type\":\"ReadAction\",\"target\":[\"https:\/\/hub.almaschool.org\/en\/product\/a-new-human-being-a-new-world\/\"]}]},{\"@type\":\"ImageObject\",\"inLanguage\":\"pt-BR\",\"@id\":\"https:\/\/hub.almaschool.org\/en\/product\/a-new-human-being-a-new-world\/#primaryimage\",\"url\":\"https:\/\/hub.almaschool.org\/wp-content\/uploads\/2024\/03\/Untitled_Artwork-1-e1684786177174.jpeg\",\"contentUrl\":\"https:\/\/hub.almaschool.org\/wp-content\/uploads\/2024\/03\/Untitled_Artwork-1-e1684786177174.jpeg\",\"width\":2275,\"height\":1253},{\"@type\":\"BreadcrumbList\",\"@id\":\"https:\/\/hub.almaschool.org\/en\/product\/a-new-human-being-a-new-world\/#breadcrumb\",\"itemListElement\":[{\"@type\":\"ListItem\",\"position\":1,\"name\":\"Home\",\"item\":\"https:\/\/hub.almaschool.org\/en\/course-list\/\"},{\"@type\":\"ListItem\",\"position\":2,\"name\":\"Products\",\"item\":\"https:\/\/hub.almaschool.org\/en\/shop\/\"},{\"@type\":\"ListItem\",\"position\":3,\"name\":\"Um novo ser humano. Um novo mundo.\"}]},{\"@type\":\"WebSite\",\"@id\":\"https:\/\/hub.almaschool.org\/he\/#website\",\"url\":\"https:\/\/hub.almaschool.org\/he\/\",\"name\":\"Alma School for Humanity\",\"description\":\"\",\"publisher\":{\"@id\":\"https:\/\/hub.almaschool.org\/he\/#organization\"},\"potentialAction\":[{\"@type\":\"SearchAction\",\"target\":{\"@type\":\"EntryPoint\",\"urlTemplate\":\"https:\/\/hub.almaschool.org\/he\/?s={search_term_string}\"},\"query-input\":{\"@type\":\"PropertyValueSpecification\",\"valueRequired\":true,\"valueName\":\"search_term_string\"}}],\"inLanguage\":\"pt-BR\"},{\"@type\":\"Organization\",\"@id\":\"https:\/\/hub.almaschool.org\/he\/#organization\",\"name\":\"Alma School for Humanity\",\"url\":\"https:\/\/hub.almaschool.org\/he\/\",\"logo\":{\"@type\":\"ImageObject\",\"inLanguage\":\"pt-BR\",\"@id\":\"https:\/\/hub.almaschool.org\/he\/#\/schema\/logo\/image\/\",\"url\":\"https:\/\/hub.almaschool.org\/wp-content\/uploads\/2024\/12\/email-logo-smaller.png\",\"contentUrl\":\"https:\/\/hub.almaschool.org\/wp-content\/uploads\/2024\/12\/email-logo-smaller.png\",\"width\":500,\"height\":177,\"caption\":\"Alma School for Humanity\"},\"image\":{\"@id\":\"https:\/\/hub.almaschool.org\/he\/#\/schema\/logo\/image\/\"},\"sameAs\":[\"https:\/\/www.facebook.com\/alma.school.en\/\",\"https:\/\/www.instagram.com\/alma.school.for.humanity\",\"https:\/\/youtube.com\/@ASFH-AlmaSchoolForHumanity\"]}]}<\/script>\n<!-- \/ Yoast SEO plugin. -->","yoast_head_json":{"title":"Um novo ser humano. Um novo mundo. - Alma School for Humanity","robots":{"index":"index","follow":"follow","max-snippet":"max-snippet:-1","max-image-preview":"max-image-preview:large","max-video-preview":"max-video-preview:-1"},"canonical":"https:\/\/hub.almaschool.org\/en\/product\/a-new-human-being-a-new-world\/","og_locale":"pt_BR","og_type":"article","og_title":"Um novo ser humano. Um novo mundo. - Alma School for Humanity","og_description":"Uma s\u00e9rie de artigos, palestras, filmes e podcasts que abordam assuntos atuais, t\u00f3picos da vida cotidiana, como relacionamentos, paternidade, dinheiro e responsabilidade espiritual entre outros, e que lan\u00e7am luz sobre hist\u00f3rias b\u00edblicas como s\u00edmbolos para decifrar a realidade do mundo atual a partir da perspectiva do conhecimento mais elevado das Leis da Cria\u00e7\u00e3o. Para acessar este curso, voc\u00ea deve simplesmente se inscrever. Uma vez voc\u00ea escolha o seu pre\u00e7o e complete a inscri\u00e7\u00e3o, voc\u00ea ter\u00e1 acesso ao conte\u00fado completo do curso. Conte\u00fados novos, incluindo palestras e artigos, ser\u00e3o postados de forma cont\u00ednua. Os alunos inscritos ser\u00e3o notificados quando novas palestras ou reuni\u00f5es pelo Zoom estiverem dispon\u00edveis.","og_url":"https:\/\/hub.almaschool.org\/en\/product\/a-new-human-being-a-new-world\/","og_site_name":"Alma School for Humanity","article_publisher":"https:\/\/www.facebook.com\/alma.school.en\/","article_modified_time":"2025-05-16T23:09:47+00:00","og_image":[{"width":2275,"height":1253,"url":"https:\/\/hub.almaschool.org\/wp-content\/uploads\/2024\/03\/Untitled_Artwork-1-e1684786177174.jpeg","type":"image\/jpeg"}],"twitter_card":"summary_large_image","twitter_misc":{"Est. tempo de leitura":"1 minuto"},"schema":{"@context":"https:\/\/schema.org","@graph":[{"@type":"WebPage","@id":"https:\/\/hub.almaschool.org\/en\/product\/a-new-human-being-a-new-world\/","url":"https:\/\/hub.almaschool.org\/en\/product\/a-new-human-being-a-new-world\/","name":"Um novo ser humano. Um novo mundo. - Alma School for Humanity","isPartOf":{"@id":"https:\/\/hub.almaschool.org\/he\/#website"},"primaryImageOfPage":{"@id":"https:\/\/hub.almaschool.org\/en\/product\/a-new-human-being-a-new-world\/#primaryimage"},"image":{"@id":"https:\/\/hub.almaschool.org\/en\/product\/a-new-human-being-a-new-world\/#primaryimage"},"thumbnailUrl":"https:\/\/hub.almaschool.org\/wp-content\/uploads\/2024\/03\/Untitled_Artwork-1-e1684786177174.jpeg","datePublished":"2024-04-23T11:04:40+00:00","dateModified":"2025-05-16T23:09:47+00:00","breadcrumb":{"@id":"https:\/\/hub.almaschool.org\/en\/product\/a-new-human-being-a-new-world\/#breadcrumb"},"inLanguage":"pt-BR","potentialAction":[{"@type":"ReadAction","target":["https:\/\/hub.almaschool.org\/en\/product\/a-new-human-being-a-new-world\/"]}]},{"@type":"ImageObject","inLanguage":"pt-BR","@id":"https:\/\/hub.almaschool.org\/en\/product\/a-new-human-being-a-new-world\/#primaryimage","url":"https:\/\/hub.almaschool.org\/wp-content\/uploads\/2024\/03\/Untitled_Artwork-1-e1684786177174.jpeg","contentUrl":"https:\/\/hub.almaschool.org\/wp-content\/uploads\/2024\/03\/Untitled_Artwork-1-e1684786177174.jpeg","width":2275,"height":1253},{"@type":"BreadcrumbList","@id":"https:\/\/hub.almaschool.org\/en\/product\/a-new-human-being-a-new-world\/#breadcrumb","itemListElement":[{"@type":"ListItem","position":1,"name":"Home","item":"https:\/\/hub.almaschool.org\/en\/course-list\/"},{"@type":"ListItem","position":2,"name":"Products","item":"https:\/\/hub.almaschool.org\/en\/shop\/"},{"@type":"ListItem","position":3,"name":"Um novo ser humano. Um novo mundo."}]},{"@type":"WebSite","@id":"https:\/\/hub.almaschool.org\/he\/#website","url":"https:\/\/hub.almaschool.org\/he\/","name":"Alma School for Humanity","description":"","publisher":{"@id":"https:\/\/hub.almaschool.org\/he\/#organization"},"potentialAction":[{"@type":"SearchAction","target":{"@type":"EntryPoint","urlTemplate":"https:\/\/hub.almaschool.org\/he\/?s={search_term_string}"},"query-input":{"@type":"PropertyValueSpecification","valueRequired":true,"valueName":"search_term_string"}}],"inLanguage":"pt-BR"},{"@type":"Organization","@id":"https:\/\/hub.almaschool.org\/he\/#organization","name":"Alma School for Humanity","url":"https:\/\/hub.almaschool.org\/he\/","logo":{"@type":"ImageObject","inLanguage":"pt-BR","@id":"https:\/\/hub.almaschool.org\/he\/#\/schema\/logo\/image\/","url":"https:\/\/hub.almaschool.org\/wp-content\/uploads\/2024\/12\/email-logo-smaller.png","contentUrl":"https:\/\/hub.almaschool.org\/wp-content\/uploads\/2024\/12\/email-logo-smaller.png","width":500,"height":177,"caption":"Alma School for Humanity"},"image":{"@id":"https:\/\/hub.almaschool.org\/he\/#\/schema\/logo\/image\/"},"sameAs":["https:\/\/www.facebook.com\/alma.school.en\/","https:\/\/www.instagram.com\/alma.school.for.humanity","https:\/\/youtube.com\/@ASFH-AlmaSchoolForHumanity"]}]}},"_links":{"self":[{"href":"https:\/\/hub.almaschool.org\/pt-br\/wp-json\/wp\/v2\/product\/2541","targetHints":{"allow":["GET"]}}],"collection":[{"href":"https:\/\/hub.almaschool.org\/pt-br\/wp-json\/wp\/v2\/product"}],"about":[{"href":"https:\/\/hub.almaschool.org\/pt-br\/wp-json\/wp\/v2\/types\/product"}],"author":[{"embeddable":true,"href":"https:\/\/hub.almaschool.org\/pt-br\/wp-json\/wp\/v2\/users\/1"}],"replies":[{"embeddable":true,"href":"https:\/\/hub.almaschool.org\/pt-br\/wp-json\/wp\/v2\/comments?post=2541"}],"wp:featuredmedia":[{"embeddable":true,"href":"https:\/\/hub.almaschool.org\/pt-br\/wp-json\/wp\/v2\/media\/890"}],"wp:attachment":[{"href":"https:\/\/hub.almaschool.org\/pt-br\/wp-json\/wp\/v2\/media?parent=2541"}],"wp:term":[{"taxonomy":"product_brand","embeddable":true,"href":"https:\/\/hub.almaschool.org\/pt-br\/wp-json\/wp\/v2\/product_brand?post=2541"},{"taxonomy":"product_cat","embeddable":true,"href":"https:\/\/hub.almaschool.org\/pt-br\/wp-json\/wp\/v2\/product_cat?post=2541"},{"taxonomy":"product_tag","embeddable":true,"href":"https:\/\/hub.almaschool.org\/pt-br\/wp-json\/wp\/v2\/product_tag?post=2541"}],"curies":[{"name":"wp","href":"https:\/\/api.w.org\/{rel}","templated":true}]}}