{"id":5547,"date":"2024-07-23T11:02:28","date_gmt":"2024-07-23T09:02:28","guid":{"rendered":"https:\/\/wordpress-1353367-4975723.cloudwaysapps.com\/product\/um-novo-ser-humano-um-novo-mundo-pague-a-frente\/"},"modified":"2025-07-16T13:16:20","modified_gmt":"2025-07-16T10:16:20","slug":"um-novo-ser-humano-um-novo-mundo-pague-a-frente","status":"publish","type":"product","link":"https:\/\/hub.almaschool.org\/pt-br\/product\/um-novo-ser-humano-um-novo-mundo-pague-a-frente\/","title":{"rendered":"Pague adiante <br> Um novo ser humano. Um novo mundo."},"content":{"rendered":"<p class=\"p1\">Para ajudar a apoiar a miss\u00e3o e os princ\u00edpios orientadores da escola, pedimos \u00e0queles que foram aben\u00e7oados com a capacidade de doar, que ajudem a subsidiar o curso &#8220;Um Novo Ser Humano. Um Novo Mundo&#8221;, para que possa continuar dispon\u00edvel gratuitamente, para aqueles que n\u00e3o podem se dar ao luxo de faz\u00ea-lo.<\/p>\n<p class=\"p1\">Voc\u00ea pode optar por pag\u00e1-lo em um n\u00edvel apropriado para voc\u00ea.<\/p>\n<p class=\"p1\">O apoio financeiro n\u00e3o \u00e9 obrigat\u00f3rio, mas \u00e9 muito apreciado. Voc\u00ea poder\u00e1 oferecer seu apoio a qualquer momento no futuro se suas habilidades financeiras mudarem.<\/p>\n","protected":false},"excerpt":{"rendered":"<p>Para ajudar a apoiar a miss\u00e3o e os princ\u00edpios orientadores da escola, pedimos \u00e0queles que foram aben\u00e7oados com a capacidade de doar, que ajudem a&hellip;<\/p>\n","protected":false},"author":1,"featured_media":890,"comment_status":"open","ping_status":"closed","template":"","meta":[],"product_brand":[],"product_cat":[321],"product_tag":[],"class_list":{"0":"post-5547","1":"product","2":"type-product","3":"status-publish","4":"has-post-thumbnail","6":"product_cat-pay-it-forward-category-pt-br","8":"first","9":"instock","10":"virtual","11":"purchasable","12":"product-type-simple"},"yoast_head":"<!-- This site is optimized with the Yoast SEO plugin v26.9 - https:\/\/yoast.com\/product\/yoast-seo-wordpress\/ -->\n<title>Pague adiante  Um novo ser humano. Um novo mundo. - Alma School for Humanity<\/title>\n<meta name=\"robots\" content=\"index, follow, max-snippet:-1, max-image-preview:large, max-video-preview:-1\" \/>\n<link rel=\"canonical\" href=\"https:\/\/hub.almaschool.org\/en\/product\/a-new-human-being-a-new-world-pay-it-forward\/\" \/>\n<meta property=\"og:locale\" content=\"pt_BR\" \/>\n<meta property=\"og:type\" content=\"article\" \/>\n<meta property=\"og:title\" content=\"Pague adiante  Um novo ser humano. Um novo mundo. - Alma School for Humanity\" \/>\n<meta property=\"og:description\" content=\"Para ajudar a apoiar a miss\u00e3o e os princ\u00edpios orientadores da escola, pedimos \u00e0queles que foram aben\u00e7oados com a capacidade de doar, que ajudem a&hellip;\" \/>\n<meta property=\"og:url\" content=\"https:\/\/hub.almaschool.org\/en\/product\/a-new-human-being-a-new-world-pay-it-forward\/\" \/>\n<meta property=\"og:site_name\" content=\"Alma School for Humanity\" \/>\n<meta property=\"article:publisher\" content=\"https:\/\/www.facebook.com\/alma.school.en\/\" \/>\n<meta property=\"article:modified_time\" content=\"2025-07-16T10:16:20+00:00\" \/>\n<meta property=\"og:image\" content=\"https:\/\/hub.almaschool.org\/wp-content\/uploads\/2024\/03\/Untitled_Artwork-1-e1684786177174.jpeg\" \/>\n\t<meta property=\"og:image:width\" content=\"2275\" \/>\n\t<meta property=\"og:image:height\" content=\"1253\" \/>\n\t<meta property=\"og:image:type\" content=\"image\/jpeg\" \/>\n<meta name=\"twitter:card\" content=\"summary_large_image\" \/>\n<script type=\"application\/ld+json\" class=\"yoast-schema-graph\">{\"@context\":\"https:\/\/schema.org\",\"@graph\":[{\"@type\":\"WebPage\",\"@id\":\"https:\/\/hub.almaschool.org\/en\/product\/a-new-human-being-a-new-world-pay-it-forward\/\",\"url\":\"https:\/\/hub.almaschool.org\/en\/product\/a-new-human-being-a-new-world-pay-it-forward\/\",\"name\":\"Pague adiante Um novo ser humano. Um novo mundo. - Alma School for Humanity\",\"isPartOf\":{\"@id\":\"https:\/\/hub.almaschool.org\/he\/#website\"},\"primaryImageOfPage\":{\"@id\":\"https:\/\/hub.almaschool.org\/en\/product\/a-new-human-being-a-new-world-pay-it-forward\/#primaryimage\"},\"image\":{\"@id\":\"https:\/\/hub.almaschool.org\/en\/product\/a-new-human-being-a-new-world-pay-it-forward\/#primaryimage\"},\"thumbnailUrl\":\"https:\/\/hub.almaschool.org\/wp-content\/uploads\/2024\/03\/Untitled_Artwork-1-e1684786177174.jpeg\",\"datePublished\":\"2024-07-23T09:02:28+00:00\",\"dateModified\":\"2025-07-16T10:16:20+00:00\",\"breadcrumb\":{\"@id\":\"https:\/\/hub.almaschool.org\/en\/product\/a-new-human-being-a-new-world-pay-it-forward\/#breadcrumb\"},\"inLanguage\":\"pt-BR\",\"potentialAction\":[{\"@type\":\"ReadAction\",\"target\":[\"https:\/\/hub.almaschool.org\/en\/product\/a-new-human-being-a-new-world-pay-it-forward\/\"]}]},{\"@type\":\"ImageObject\",\"inLanguage\":\"pt-BR\",\"@id\":\"https:\/\/hub.almaschool.org\/en\/product\/a-new-human-being-a-new-world-pay-it-forward\/#primaryimage\",\"url\":\"https:\/\/hub.almaschool.org\/wp-content\/uploads\/2024\/03\/Untitled_Artwork-1-e1684786177174.jpeg\",\"contentUrl\":\"https:\/\/hub.almaschool.org\/wp-content\/uploads\/2024\/03\/Untitled_Artwork-1-e1684786177174.jpeg\",\"width\":2275,\"height\":1253},{\"@type\":\"BreadcrumbList\",\"@id\":\"https:\/\/hub.almaschool.org\/en\/product\/a-new-human-being-a-new-world-pay-it-forward\/#breadcrumb\",\"itemListElement\":[{\"@type\":\"ListItem\",\"position\":1,\"name\":\"Home\",\"item\":\"https:\/\/hub.almaschool.org\/pt-br\/pagina-inicial\/\"},{\"@type\":\"ListItem\",\"position\":2,\"name\":\"Products\",\"item\":\"https:\/\/hub.almaschool.org\/en\/shop\/\"},{\"@type\":\"ListItem\",\"position\":3,\"name\":\"Pague adiante Um novo ser humano. Um novo mundo.\"}]},{\"@type\":\"WebSite\",\"@id\":\"https:\/\/hub.almaschool.org\/he\/#website\",\"url\":\"https:\/\/hub.almaschool.org\/he\/\",\"name\":\"Alma School for Humanity\",\"description\":\"\",\"publisher\":{\"@id\":\"https:\/\/hub.almaschool.org\/he\/#organization\"},\"potentialAction\":[{\"@type\":\"SearchAction\",\"target\":{\"@type\":\"EntryPoint\",\"urlTemplate\":\"https:\/\/hub.almaschool.org\/he\/?s={search_term_string}\"},\"query-input\":{\"@type\":\"PropertyValueSpecification\",\"valueRequired\":true,\"valueName\":\"search_term_string\"}}],\"inLanguage\":\"pt-BR\"},{\"@type\":\"Organization\",\"@id\":\"https:\/\/hub.almaschool.org\/he\/#organization\",\"name\":\"Alma School for Humanity\",\"url\":\"https:\/\/hub.almaschool.org\/he\/\",\"logo\":{\"@type\":\"ImageObject\",\"inLanguage\":\"pt-BR\",\"@id\":\"https:\/\/hub.almaschool.org\/he\/#\/schema\/logo\/image\/\",\"url\":\"https:\/\/hub.almaschool.org\/wp-content\/uploads\/2024\/12\/email-logo-smaller.png\",\"contentUrl\":\"https:\/\/hub.almaschool.org\/wp-content\/uploads\/2024\/12\/email-logo-smaller.png\",\"width\":500,\"height\":177,\"caption\":\"Alma School for Humanity\"},\"image\":{\"@id\":\"https:\/\/hub.almaschool.org\/he\/#\/schema\/logo\/image\/\"},\"sameAs\":[\"https:\/\/www.facebook.com\/alma.school.en\/\",\"https:\/\/www.instagram.com\/alma.school.for.humanity\",\"https:\/\/youtube.com\/@ASFH-AlmaSchoolForHumanity\"]}]}<\/script>\n<!-- \/ Yoast SEO plugin. -->","yoast_head_json":{"title":"Pague adiante  Um novo ser humano. Um novo mundo. - Alma School for Humanity","robots":{"index":"index","follow":"follow","max-snippet":"max-snippet:-1","max-image-preview":"max-image-preview:large","max-video-preview":"max-video-preview:-1"},"canonical":"https:\/\/hub.almaschool.org\/en\/product\/a-new-human-being-a-new-world-pay-it-forward\/","og_locale":"pt_BR","og_type":"article","og_title":"Pague adiante  Um novo ser humano. Um novo mundo. - Alma School for Humanity","og_description":"Para ajudar a apoiar a miss\u00e3o e os princ\u00edpios orientadores da escola, pedimos \u00e0queles que foram aben\u00e7oados com a capacidade de doar, que ajudem a&hellip;","og_url":"https:\/\/hub.almaschool.org\/en\/product\/a-new-human-being-a-new-world-pay-it-forward\/","og_site_name":"Alma School for Humanity","article_publisher":"https:\/\/www.facebook.com\/alma.school.en\/","article_modified_time":"2025-07-16T10:16:20+00:00","og_image":[{"width":2275,"height":1253,"url":"https:\/\/hub.almaschool.org\/wp-content\/uploads\/2024\/03\/Untitled_Artwork-1-e1684786177174.jpeg","type":"image\/jpeg"}],"twitter_card":"summary_large_image","schema":{"@context":"https:\/\/schema.org","@graph":[{"@type":"WebPage","@id":"https:\/\/hub.almaschool.org\/en\/product\/a-new-human-being-a-new-world-pay-it-forward\/","url":"https:\/\/hub.almaschool.org\/en\/product\/a-new-human-being-a-new-world-pay-it-forward\/","name":"Pague adiante Um novo ser humano. Um novo mundo. - Alma School for Humanity","isPartOf":{"@id":"https:\/\/hub.almaschool.org\/he\/#website"},"primaryImageOfPage":{"@id":"https:\/\/hub.almaschool.org\/en\/product\/a-new-human-being-a-new-world-pay-it-forward\/#primaryimage"},"image":{"@id":"https:\/\/hub.almaschool.org\/en\/product\/a-new-human-being-a-new-world-pay-it-forward\/#primaryimage"},"thumbnailUrl":"https:\/\/hub.almaschool.org\/wp-content\/uploads\/2024\/03\/Untitled_Artwork-1-e1684786177174.jpeg","datePublished":"2024-07-23T09:02:28+00:00","dateModified":"2025-07-16T10:16:20+00:00","breadcrumb":{"@id":"https:\/\/hub.almaschool.org\/en\/product\/a-new-human-being-a-new-world-pay-it-forward\/#breadcrumb"},"inLanguage":"pt-BR","potentialAction":[{"@type":"ReadAction","target":["https:\/\/hub.almaschool.org\/en\/product\/a-new-human-being-a-new-world-pay-it-forward\/"]}]},{"@type":"ImageObject","inLanguage":"pt-BR","@id":"https:\/\/hub.almaschool.org\/en\/product\/a-new-human-being-a-new-world-pay-it-forward\/#primaryimage","url":"https:\/\/hub.almaschool.org\/wp-content\/uploads\/2024\/03\/Untitled_Artwork-1-e1684786177174.jpeg","contentUrl":"https:\/\/hub.almaschool.org\/wp-content\/uploads\/2024\/03\/Untitled_Artwork-1-e1684786177174.jpeg","width":2275,"height":1253},{"@type":"BreadcrumbList","@id":"https:\/\/hub.almaschool.org\/en\/product\/a-new-human-being-a-new-world-pay-it-forward\/#breadcrumb","itemListElement":[{"@type":"ListItem","position":1,"name":"Home","item":"https:\/\/hub.almaschool.org\/pt-br\/pagina-inicial\/"},{"@type":"ListItem","position":2,"name":"Products","item":"https:\/\/hub.almaschool.org\/en\/shop\/"},{"@type":"ListItem","position":3,"name":"Pague adiante Um novo ser humano. Um novo mundo."}]},{"@type":"WebSite","@id":"https:\/\/hub.almaschool.org\/he\/#website","url":"https:\/\/hub.almaschool.org\/he\/","name":"Alma School for Humanity","description":"","publisher":{"@id":"https:\/\/hub.almaschool.org\/he\/#organization"},"potentialAction":[{"@type":"SearchAction","target":{"@type":"EntryPoint","urlTemplate":"https:\/\/hub.almaschool.org\/he\/?s={search_term_string}"},"query-input":{"@type":"PropertyValueSpecification","valueRequired":true,"valueName":"search_term_string"}}],"inLanguage":"pt-BR"},{"@type":"Organization","@id":"https:\/\/hub.almaschool.org\/he\/#organization","name":"Alma School for Humanity","url":"https:\/\/hub.almaschool.org\/he\/","logo":{"@type":"ImageObject","inLanguage":"pt-BR","@id":"https:\/\/hub.almaschool.org\/he\/#\/schema\/logo\/image\/","url":"https:\/\/hub.almaschool.org\/wp-content\/uploads\/2024\/12\/email-logo-smaller.png","contentUrl":"https:\/\/hub.almaschool.org\/wp-content\/uploads\/2024\/12\/email-logo-smaller.png","width":500,"height":177,"caption":"Alma School for Humanity"},"image":{"@id":"https:\/\/hub.almaschool.org\/he\/#\/schema\/logo\/image\/"},"sameAs":["https:\/\/www.facebook.com\/alma.school.en\/","https:\/\/www.instagram.com\/alma.school.for.humanity","https:\/\/youtube.com\/@ASFH-AlmaSchoolForHumanity"]}]}},"_links":{"self":[{"href":"https:\/\/hub.almaschool.org\/pt-br\/wp-json\/wp\/v2\/product\/5547","targetHints":{"allow":["GET"]}}],"collection":[{"href":"https:\/\/hub.almaschool.org\/pt-br\/wp-json\/wp\/v2\/product"}],"about":[{"href":"https:\/\/hub.almaschool.org\/pt-br\/wp-json\/wp\/v2\/types\/product"}],"author":[{"embeddable":true,"href":"https:\/\/hub.almaschool.org\/pt-br\/wp-json\/wp\/v2\/users\/1"}],"replies":[{"embeddable":true,"href":"https:\/\/hub.almaschool.org\/pt-br\/wp-json\/wp\/v2\/comments?post=5547"}],"wp:featuredmedia":[{"embeddable":true,"href":"https:\/\/hub.almaschool.org\/pt-br\/wp-json\/wp\/v2\/media\/890"}],"wp:attachment":[{"href":"https:\/\/hub.almaschool.org\/pt-br\/wp-json\/wp\/v2\/media?parent=5547"}],"wp:term":[{"taxonomy":"product_brand","embeddable":true,"href":"https:\/\/hub.almaschool.org\/pt-br\/wp-json\/wp\/v2\/product_brand?post=5547"},{"taxonomy":"product_cat","embeddable":true,"href":"https:\/\/hub.almaschool.org\/pt-br\/wp-json\/wp\/v2\/product_cat?post=5547"},{"taxonomy":"product_tag","embeddable":true,"href":"https:\/\/hub.almaschool.org\/pt-br\/wp-json\/wp\/v2\/product_tag?post=5547"}],"curies":[{"name":"wp","href":"https:\/\/api.w.org\/{rel}","templated":true}]}}