{"id":8985,"date":"2024-08-08T17:15:27","date_gmt":"2024-08-08T14:15:27","guid":{"rendered":"https:\/\/hub.almaschool.org\/product\/let-my-spirit-go-pay-it-forward\/"},"modified":"2025-12-28T19:33:01","modified_gmt":"2025-12-28T17:33:01","slug":"let-my-spirit-go-pay-it-forward","status":"publish","type":"product","link":"https:\/\/hub.almaschool.org\/pt-br\/product\/let-my-spirit-go-pay-it-forward\/","title":{"rendered":"Contribua <br>DEIXAI IR O MEU ESP\u00cdRITO! (Curso)"},"content":{"rendered":"&#13;\n<p class=\"p1\">Para apoiar a miss\u00e3o e os princ\u00edpios orientadores da escola, pedimos \u00e0queles que t\u00eam condi\u00e7\u00f5es financeiras que ajudem a subsidiar o curso \u201cDEIXAI IR O MEU ESP\u00cdRITO!\u201d Isso nos permite oferecer o curso a um pre\u00e7o reduzido para aqueles que n\u00e3o podem pagar o valor integral. <\/p>&#13;\n<p class=\"p1\">Voc\u00ea pode escolher contribuir em um n\u00edvel apropriado para voc\u00ea. Um curso completo consiste em dez aulas. Para presentear um curso completo, selecione a quantidade de 10 aulas. Voc\u00ea tamb\u00e9m pode optar por presentear qualquer n\u00famero de aulas individuais. As aulas que voc\u00ea comprar ser\u00e3o oferecidas aos alunos que necessitam de assist\u00eancia financeira.    <\/p>&#13;\n<p class=\"p1\">Exemplos:<\/p>&#13;\n<ul class=\"ul1\">&#13;\n<li class=\"li1\">To gift a full course, select 10 classes or one full course<\/li>&#13;\n<li class=\"li1\">To gift half a course, select 5 classes<\/li>&#13;\n<li class=\"li1\">To gift two full courses, select 20 classes or two full courses<\/li>&#13;\n<\/ul>&#13;\n<p class=\"p1\">O apoio financeiro n\u00e3o \u00e9 obrigat\u00f3rio, mas \u00e9 muito apreciado. Voc\u00ea pode oferecer seu apoio a qualquer momento no futuro se sua situa\u00e7\u00e3o financeira mudar. <\/p>&#13;\n<p class=\"p1\"><b>Por favor, escolha a quantidade de aulas ou cursos pelo pre\u00e7o definido mostrado.<\/b><\/p>&#13;\n","protected":false},"excerpt":{"rendered":"<p>&#13; Para apoiar a miss\u00e3o e os princ\u00edpios orientadores da escola, pedimos \u00e0queles que t\u00eam condi\u00e7\u00f5es financeiras que ajudem a subsidiar o curso \u201cDEIXAI IR&hellip;<\/p>\n","protected":false},"author":1,"featured_media":2040,"comment_status":"open","ping_status":"closed","template":"","meta":[],"product_brand":[],"product_cat":[321],"product_tag":[],"class_list":{"0":"post-8985","1":"product","2":"type-product","3":"status-publish","4":"has-post-thumbnail","6":"product_cat-pay-it-forward-category-pt-br","8":"first","9":"instock","10":"virtual","11":"purchasable","12":"product-type-simple"},"yoast_head":"<!-- This site is optimized with the Yoast SEO plugin v26.9 - https:\/\/yoast.com\/product\/yoast-seo-wordpress\/ -->\n<title>Contribua DEIXAI IR O MEU ESP\u00cdRITO! (Curso) - Alma School for Humanity<\/title>\n<meta name=\"robots\" content=\"index, follow, max-snippet:-1, max-image-preview:large, max-video-preview:-1\" \/>\n<link rel=\"canonical\" href=\"https:\/\/hub.almaschool.org\/pt-br\/product\/let-my-spirit-go-pay-it-forward\/\" \/>\n<meta property=\"og:locale\" content=\"pt_BR\" \/>\n<meta property=\"og:type\" content=\"article\" \/>\n<meta property=\"og:title\" content=\"Contribua DEIXAI IR O MEU ESP\u00cdRITO! (Curso) - Alma School for Humanity\" \/>\n<meta property=\"og:description\" content=\"&#013; Para apoiar a miss\u00e3o e os princ\u00edpios orientadores da escola, pedimos \u00e0queles que t\u00eam condi\u00e7\u00f5es financeiras que ajudem a subsidiar o curso \u201cDEIXAI IR&hellip;\" \/>\n<meta property=\"og:url\" content=\"https:\/\/hub.almaschool.org\/pt-br\/product\/let-my-spirit-go-pay-it-forward\/\" \/>\n<meta property=\"og:site_name\" content=\"Alma School for Humanity\" \/>\n<meta property=\"article:publisher\" content=\"https:\/\/www.facebook.com\/alma.school.en\/\" \/>\n<meta property=\"article:modified_time\" content=\"2025-12-28T17:33:01+00:00\" \/>\n<meta property=\"og:image\" content=\"https:\/\/hub.almaschool.org\/wp-content\/uploads\/2024\/04\/\u05d7\u05d3\u05e8-\u05db\u05e9\u05e8-865-x-346-\u05e4\u05d9\u05e7\u05e1\u05dc-2-1.jpg\" \/>\n\t<meta property=\"og:image:width\" content=\"865\" \/>\n\t<meta property=\"og:image:height\" content=\"346\" \/>\n\t<meta property=\"og:image:type\" content=\"image\/jpeg\" \/>\n<meta name=\"twitter:card\" content=\"summary_large_image\" \/>\n<meta name=\"twitter:label1\" content=\"Est. tempo de leitura\" \/>\n\t<meta name=\"twitter:data1\" content=\"1 minuto\" \/>\n<script type=\"application\/ld+json\" class=\"yoast-schema-graph\">{\"@context\":\"https:\/\/schema.org\",\"@graph\":[{\"@type\":\"WebPage\",\"@id\":\"https:\/\/hub.almaschool.org\/pt-br\/product\/let-my-spirit-go-pay-it-forward\/\",\"url\":\"https:\/\/hub.almaschool.org\/pt-br\/product\/let-my-spirit-go-pay-it-forward\/\",\"name\":\"Contribua DEIXAI IR O MEU ESP\u00cdRITO! (Curso) - Alma School for Humanity\",\"isPartOf\":{\"@id\":\"https:\/\/hub.almaschool.org\/he\/#website\"},\"primaryImageOfPage\":{\"@id\":\"https:\/\/hub.almaschool.org\/pt-br\/product\/let-my-spirit-go-pay-it-forward\/#primaryimage\"},\"image\":{\"@id\":\"https:\/\/hub.almaschool.org\/pt-br\/product\/let-my-spirit-go-pay-it-forward\/#primaryimage\"},\"thumbnailUrl\":\"https:\/\/hub.almaschool.org\/wp-content\/uploads\/2024\/04\/\u05d7\u05d3\u05e8-\u05db\u05e9\u05e8-865-x-346-\u05e4\u05d9\u05e7\u05e1\u05dc-2-1.jpg\",\"datePublished\":\"2024-08-08T14:15:27+00:00\",\"dateModified\":\"2025-12-28T17:33:01+00:00\",\"breadcrumb\":{\"@id\":\"https:\/\/hub.almaschool.org\/pt-br\/product\/let-my-spirit-go-pay-it-forward\/#breadcrumb\"},\"inLanguage\":\"pt-BR\",\"potentialAction\":[{\"@type\":\"ReadAction\",\"target\":[\"https:\/\/hub.almaschool.org\/pt-br\/product\/let-my-spirit-go-pay-it-forward\/\"]}]},{\"@type\":\"ImageObject\",\"inLanguage\":\"pt-BR\",\"@id\":\"https:\/\/hub.almaschool.org\/pt-br\/product\/let-my-spirit-go-pay-it-forward\/#primaryimage\",\"url\":\"https:\/\/hub.almaschool.org\/wp-content\/uploads\/2024\/04\/\u05d7\u05d3\u05e8-\u05db\u05e9\u05e8-865-x-346-\u05e4\u05d9\u05e7\u05e1\u05dc-2-1.jpg\",\"contentUrl\":\"https:\/\/hub.almaschool.org\/wp-content\/uploads\/2024\/04\/\u05d7\u05d3\u05e8-\u05db\u05e9\u05e8-865-x-346-\u05e4\u05d9\u05e7\u05e1\u05dc-2-1.jpg\",\"width\":865,\"height\":346},{\"@type\":\"BreadcrumbList\",\"@id\":\"https:\/\/hub.almaschool.org\/pt-br\/product\/let-my-spirit-go-pay-it-forward\/#breadcrumb\",\"itemListElement\":[{\"@type\":\"ListItem\",\"position\":1,\"name\":\"Home\",\"item\":\"https:\/\/hub.almaschool.org\/pt-br\/pagina-inicial\/\"},{\"@type\":\"ListItem\",\"position\":2,\"name\":\"Products\",\"item\":\"https:\/\/hub.almaschool.org\/en\/shop\/\"},{\"@type\":\"ListItem\",\"position\":3,\"name\":\"Contribua DEIXAI IR O MEU ESP\u00cdRITO! (Curso)\"}]},{\"@type\":\"WebSite\",\"@id\":\"https:\/\/hub.almaschool.org\/he\/#website\",\"url\":\"https:\/\/hub.almaschool.org\/he\/\",\"name\":\"Alma School for Humanity\",\"description\":\"\",\"publisher\":{\"@id\":\"https:\/\/hub.almaschool.org\/he\/#organization\"},\"potentialAction\":[{\"@type\":\"SearchAction\",\"target\":{\"@type\":\"EntryPoint\",\"urlTemplate\":\"https:\/\/hub.almaschool.org\/he\/?s={search_term_string}\"},\"query-input\":{\"@type\":\"PropertyValueSpecification\",\"valueRequired\":true,\"valueName\":\"search_term_string\"}}],\"inLanguage\":\"pt-BR\"},{\"@type\":\"Organization\",\"@id\":\"https:\/\/hub.almaschool.org\/he\/#organization\",\"name\":\"Alma School for Humanity\",\"url\":\"https:\/\/hub.almaschool.org\/he\/\",\"logo\":{\"@type\":\"ImageObject\",\"inLanguage\":\"pt-BR\",\"@id\":\"https:\/\/hub.almaschool.org\/he\/#\/schema\/logo\/image\/\",\"url\":\"https:\/\/hub.almaschool.org\/wp-content\/uploads\/2024\/12\/email-logo-smaller.png\",\"contentUrl\":\"https:\/\/hub.almaschool.org\/wp-content\/uploads\/2024\/12\/email-logo-smaller.png\",\"width\":500,\"height\":177,\"caption\":\"Alma School for Humanity\"},\"image\":{\"@id\":\"https:\/\/hub.almaschool.org\/he\/#\/schema\/logo\/image\/\"},\"sameAs\":[\"https:\/\/www.facebook.com\/alma.school.en\/\",\"https:\/\/www.instagram.com\/alma.school.for.humanity\",\"https:\/\/youtube.com\/@ASFH-AlmaSchoolForHumanity\"]}]}<\/script>\n<!-- \/ Yoast SEO plugin. -->","yoast_head_json":{"title":"Contribua DEIXAI IR O MEU ESP\u00cdRITO! (Curso) - Alma School for Humanity","robots":{"index":"index","follow":"follow","max-snippet":"max-snippet:-1","max-image-preview":"max-image-preview:large","max-video-preview":"max-video-preview:-1"},"canonical":"https:\/\/hub.almaschool.org\/pt-br\/product\/let-my-spirit-go-pay-it-forward\/","og_locale":"pt_BR","og_type":"article","og_title":"Contribua DEIXAI IR O MEU ESP\u00cdRITO! (Curso) - Alma School for Humanity","og_description":"&#13; Para apoiar a miss\u00e3o e os princ\u00edpios orientadores da escola, pedimos \u00e0queles que t\u00eam condi\u00e7\u00f5es financeiras que ajudem a subsidiar o curso \u201cDEIXAI IR&hellip;","og_url":"https:\/\/hub.almaschool.org\/pt-br\/product\/let-my-spirit-go-pay-it-forward\/","og_site_name":"Alma School for Humanity","article_publisher":"https:\/\/www.facebook.com\/alma.school.en\/","article_modified_time":"2025-12-28T17:33:01+00:00","og_image":[{"width":865,"height":346,"url":"https:\/\/hub.almaschool.org\/wp-content\/uploads\/2024\/04\/\u05d7\u05d3\u05e8-\u05db\u05e9\u05e8-865-x-346-\u05e4\u05d9\u05e7\u05e1\u05dc-2-1.jpg","type":"image\/jpeg"}],"twitter_card":"summary_large_image","twitter_misc":{"Est. tempo de leitura":"1 minuto"},"schema":{"@context":"https:\/\/schema.org","@graph":[{"@type":"WebPage","@id":"https:\/\/hub.almaschool.org\/pt-br\/product\/let-my-spirit-go-pay-it-forward\/","url":"https:\/\/hub.almaschool.org\/pt-br\/product\/let-my-spirit-go-pay-it-forward\/","name":"Contribua DEIXAI IR O MEU ESP\u00cdRITO! (Curso) - Alma School for Humanity","isPartOf":{"@id":"https:\/\/hub.almaschool.org\/he\/#website"},"primaryImageOfPage":{"@id":"https:\/\/hub.almaschool.org\/pt-br\/product\/let-my-spirit-go-pay-it-forward\/#primaryimage"},"image":{"@id":"https:\/\/hub.almaschool.org\/pt-br\/product\/let-my-spirit-go-pay-it-forward\/#primaryimage"},"thumbnailUrl":"https:\/\/hub.almaschool.org\/wp-content\/uploads\/2024\/04\/\u05d7\u05d3\u05e8-\u05db\u05e9\u05e8-865-x-346-\u05e4\u05d9\u05e7\u05e1\u05dc-2-1.jpg","datePublished":"2024-08-08T14:15:27+00:00","dateModified":"2025-12-28T17:33:01+00:00","breadcrumb":{"@id":"https:\/\/hub.almaschool.org\/pt-br\/product\/let-my-spirit-go-pay-it-forward\/#breadcrumb"},"inLanguage":"pt-BR","potentialAction":[{"@type":"ReadAction","target":["https:\/\/hub.almaschool.org\/pt-br\/product\/let-my-spirit-go-pay-it-forward\/"]}]},{"@type":"ImageObject","inLanguage":"pt-BR","@id":"https:\/\/hub.almaschool.org\/pt-br\/product\/let-my-spirit-go-pay-it-forward\/#primaryimage","url":"https:\/\/hub.almaschool.org\/wp-content\/uploads\/2024\/04\/\u05d7\u05d3\u05e8-\u05db\u05e9\u05e8-865-x-346-\u05e4\u05d9\u05e7\u05e1\u05dc-2-1.jpg","contentUrl":"https:\/\/hub.almaschool.org\/wp-content\/uploads\/2024\/04\/\u05d7\u05d3\u05e8-\u05db\u05e9\u05e8-865-x-346-\u05e4\u05d9\u05e7\u05e1\u05dc-2-1.jpg","width":865,"height":346},{"@type":"BreadcrumbList","@id":"https:\/\/hub.almaschool.org\/pt-br\/product\/let-my-spirit-go-pay-it-forward\/#breadcrumb","itemListElement":[{"@type":"ListItem","position":1,"name":"Home","item":"https:\/\/hub.almaschool.org\/pt-br\/pagina-inicial\/"},{"@type":"ListItem","position":2,"name":"Products","item":"https:\/\/hub.almaschool.org\/en\/shop\/"},{"@type":"ListItem","position":3,"name":"Contribua DEIXAI IR O MEU ESP\u00cdRITO! (Curso)"}]},{"@type":"WebSite","@id":"https:\/\/hub.almaschool.org\/he\/#website","url":"https:\/\/hub.almaschool.org\/he\/","name":"Alma School for Humanity","description":"","publisher":{"@id":"https:\/\/hub.almaschool.org\/he\/#organization"},"potentialAction":[{"@type":"SearchAction","target":{"@type":"EntryPoint","urlTemplate":"https:\/\/hub.almaschool.org\/he\/?s={search_term_string}"},"query-input":{"@type":"PropertyValueSpecification","valueRequired":true,"valueName":"search_term_string"}}],"inLanguage":"pt-BR"},{"@type":"Organization","@id":"https:\/\/hub.almaschool.org\/he\/#organization","name":"Alma School for Humanity","url":"https:\/\/hub.almaschool.org\/he\/","logo":{"@type":"ImageObject","inLanguage":"pt-BR","@id":"https:\/\/hub.almaschool.org\/he\/#\/schema\/logo\/image\/","url":"https:\/\/hub.almaschool.org\/wp-content\/uploads\/2024\/12\/email-logo-smaller.png","contentUrl":"https:\/\/hub.almaschool.org\/wp-content\/uploads\/2024\/12\/email-logo-smaller.png","width":500,"height":177,"caption":"Alma School for Humanity"},"image":{"@id":"https:\/\/hub.almaschool.org\/he\/#\/schema\/logo\/image\/"},"sameAs":["https:\/\/www.facebook.com\/alma.school.en\/","https:\/\/www.instagram.com\/alma.school.for.humanity","https:\/\/youtube.com\/@ASFH-AlmaSchoolForHumanity"]}]}},"_links":{"self":[{"href":"https:\/\/hub.almaschool.org\/pt-br\/wp-json\/wp\/v2\/product\/8985","targetHints":{"allow":["GET"]}}],"collection":[{"href":"https:\/\/hub.almaschool.org\/pt-br\/wp-json\/wp\/v2\/product"}],"about":[{"href":"https:\/\/hub.almaschool.org\/pt-br\/wp-json\/wp\/v2\/types\/product"}],"author":[{"embeddable":true,"href":"https:\/\/hub.almaschool.org\/pt-br\/wp-json\/wp\/v2\/users\/1"}],"replies":[{"embeddable":true,"href":"https:\/\/hub.almaschool.org\/pt-br\/wp-json\/wp\/v2\/comments?post=8985"}],"wp:featuredmedia":[{"embeddable":true,"href":"https:\/\/hub.almaschool.org\/pt-br\/wp-json\/wp\/v2\/media\/2040"}],"wp:attachment":[{"href":"https:\/\/hub.almaschool.org\/pt-br\/wp-json\/wp\/v2\/media?parent=8985"}],"wp:term":[{"taxonomy":"product_brand","embeddable":true,"href":"https:\/\/hub.almaschool.org\/pt-br\/wp-json\/wp\/v2\/product_brand?post=8985"},{"taxonomy":"product_cat","embeddable":true,"href":"https:\/\/hub.almaschool.org\/pt-br\/wp-json\/wp\/v2\/product_cat?post=8985"},{"taxonomy":"product_tag","embeddable":true,"href":"https:\/\/hub.almaschool.org\/pt-br\/wp-json\/wp\/v2\/product_tag?post=8985"}],"curies":[{"name":"wp","href":"https:\/\/api.w.org\/{rel}","templated":true}]}}